{"id":15921,"date":"2020-09-16T18:52:54","date_gmt":"2020-09-16T17:52:54","guid":{"rendered":"https:\/\/staging.gbarquitectos.pt\/zuhause\/"},"modified":"2025-04-23T21:20:50","modified_gmt":"2025-04-23T20:20:50","slug":"zuhause","status":"publish","type":"page","link":"https:\/\/staging.gbarquitectos.pt\/de\/","title":{"rendered":"Zuhause"},"content":{"rendered":"<div class=\"fusion-fullwidth fullwidth-box fusion-builder-row-1 fusion-flex-container has-pattern-background has-mask-background hundred-percent-fullwidth hundred-percent-height hundred-percent-height-center-content non-hundred-percent-height-scrolling\" style=\"--awb-border-radius-top-left:0px;--awb-border-radius-top-right:0px;--awb-border-radius-bottom-right:0px;--awb-border-radius-bottom-left:0px;--awb-margin-top:-65px;--awb-flex-wrap:wrap;\" ><div class=\"fusion-builder-row fusion-row fusion-flex-align-items-stretch fusion-flex-justify-content-center fusion-flex-content-wrap\" style=\"width:104% !important;max-width:104% !important;margin-left: calc(-4% \/ 2 );margin-right: calc(-4% \/ 2 );\"><div class=\"fusion-layout-column fusion_builder_column fusion-builder-column-0 fusion_builder_column_1_1 1_1 fusion-flex-column\" style=\"--awb-bg-size:cover;--awb-width-large:100%;--awb-margin-top-large:0px;--awb-spacing-right-large:1.92%;--awb-margin-bottom-large:20px;--awb-spacing-left-large:1.92%;--awb-width-medium:100%;--awb-order-medium:0;--awb-spacing-right-medium:1.92%;--awb-spacing-left-medium:1.92%;--awb-width-small:100%;--awb-order-small:0;--awb-spacing-right-small:1.92%;--awb-spacing-left-small:1.92%;\"><div class=\"fusion-column-wrapper fusion-column-has-shadow fusion-flex-justify-content-flex-start fusion-content-layout-column\">\n\t\t\t\t<p class=\"rs-p-wp-fix\"><\/p>\n\t\t\t\t<sr7-module data-alias=\"slider-1\" data-id=\"1\" id=\"SR7_1_1\" class=\"rs-ov-hidden\" data-version=\"6.7.41\">\n\t\t\t\t\t<sr7-adjuster><\/sr7-adjuster>\n\t\t\t\t\t<sr7-content>\n\t\t\t\t\t\t<sr7-slide id=\"SR7_1_1-4\" data-key=\"4\">\n\t\t\t\t\t\t\t<sr7-bg id=\"SR7_1_1-4-1\" class=\"sr7-layer\"><noscript><img class=\"lazyload\" decoding=\"async\" src=\"data:image\/svg+xml,%3Csvg%20xmlns%3D%27http%3A%2F%2Fwww.w3.org%2F2000%2Fsvg%27%20width%3D%272560%27%20height%3D%271400%27%20viewBox%3D%270%200%202560%201400%27%3E%3Crect%20width%3D%272560%27%20height%3D%271400%27%20fill-opacity%3D%220%22%2F%3E%3C%2Fsvg%3E\" data-orig-src=\"https:\/\/staging.gbarquitectos.pt\/wp-content\/uploads\/2024\/10\/House-in-Grandola-CNA-15.jpg\" alt=\"\" title=\"House-in-Gra\u0302ndola-CNA-15\"><\/noscript><\/sr7-bg>\n\t\t\t\t\t\t<\/sr7-slide>\n\t\t\t\t\t\t<sr7-slide id=\"SR7_1_1-6\" data-key=\"6\">\n\t\t\t\t\t\t\t<sr7-bg id=\"SR7_1_1-6-1\" class=\"sr7-layer\"><noscript><img class=\"lazyload\" decoding=\"async\" src=\"data:image\/svg+xml,%3Csvg%20xmlns%3D%27http%3A%2F%2Fwww.w3.org%2F2000%2Fsvg%27%20width%3D%272560%27%20height%3D%271400%27%20viewBox%3D%270%200%202560%201400%27%3E%3Crect%20width%3D%272560%27%20height%3D%271400%27%20fill-opacity%3D%220%22%2F%3E%3C%2Fsvg%3E\" data-orig-src=\"https:\/\/staging.gbarquitectos.pt\/wp-content\/uploads\/2024\/09\/House-in-Grandola-FDP-04.11.jpg\" alt=\"\" title=\"House-in-Grandola-FDP-04.1[1]\"><\/noscript><\/sr7-bg>\n\t\t\t\t\t\t<\/sr7-slide>\n\t\t\t\t\t\t<sr7-slide id=\"SR7_1_1-5\" data-key=\"5\">\n\t\t\t\t\t\t\t<sr7-bg id=\"SR7_1_1-5-1\" class=\"sr7-layer\"><noscript><img class=\"lazyload\" decoding=\"async\" src=\"data:image\/svg+xml,%3Csvg%20xmlns%3D%27http%3A%2F%2Fwww.w3.org%2F2000%2Fsvg%27%20width%3D%272560%27%20height%3D%271400%27%20viewBox%3D%270%200%202560%201400%27%3E%3Crect%20width%3D%272560%27%20height%3D%271400%27%20fill-opacity%3D%220%22%2F%3E%3C%2Fsvg%3E\" data-orig-src=\"https:\/\/staging.gbarquitectos.pt\/wp-content\/uploads\/2024\/09\/House-in-Grandola-FDP-00.jpg\" alt=\"\" title=\"House in Gra\u0302ndola FDP-00\"><\/noscript><\/sr7-bg>\n\t\t\t\t\t\t<\/sr7-slide>\n\t\t\t\t\t\t<sr7-slide id=\"SR7_1_1-2\" data-key=\"2\">\n\t\t\t\t\t\t\t<sr7-bg id=\"SR7_1_1-2-1\" class=\"sr7-layer\"><noscript><img class=\"lazyload\" decoding=\"async\" src=\"data:image\/svg+xml,%3Csvg%20xmlns%3D%27http%3A%2F%2Fwww.w3.org%2F2000%2Fsvg%27%20width%3D%272560%27%20height%3D%271400%27%20viewBox%3D%270%200%202560%201400%27%3E%3Crect%20width%3D%272560%27%20height%3D%271400%27%20fill-opacity%3D%220%22%2F%3E%3C%2Fsvg%3E\" data-orig-src=\"https:\/\/staging.gbarquitectos.pt\/wp-content\/uploads\/2024\/09\/House-in-Grandola-CNA-02.jpg\" alt=\"\" title=\"House-in-Gra\u0302ndola-CNA-02\"><\/noscript><\/sr7-bg>\n\t\t\t\t\t\t<\/sr7-slide>\n\t\t\t\t\t\t<sr7-slide id=\"SR7_1_1-14\" data-key=\"14\">\n\t\t\t\t\t\t\t<sr7-bg id=\"SR7_1_1-14-1\" class=\"sr7-layer\"><noscript><img class=\"lazyload\" decoding=\"async\" src=\"data:image\/svg+xml,%3Csvg%20xmlns%3D%27http%3A%2F%2Fwww.w3.org%2F2000%2Fsvg%27%20width%3D%272560%27%20height%3D%271400%27%20viewBox%3D%270%200%202560%201400%27%3E%3Crect%20width%3D%272560%27%20height%3D%271400%27%20fill-opacity%3D%220%22%2F%3E%3C%2Fsvg%3E\" data-orig-src=\"https:\/\/staging.gbarquitectos.pt\/wp-content\/uploads\/2024\/09\/House-in-Grandola-FDP-30.jpg\" alt=\"\" title=\"House-in-Gra\u0302ndola-FDP-30\"><\/noscript><\/sr7-bg>\n\t\t\t\t\t\t<\/sr7-slide>\n\t\t\t\t\t\t<sr7-slide id=\"SR7_1_1-15\" data-key=\"15\">\n\t\t\t\t\t\t\t<sr7-bg id=\"SR7_1_1-15-1\" class=\"sr7-layer\"><noscript><img class=\"lazyload\" decoding=\"async\" src=\"data:image\/svg+xml,%3Csvg%20xmlns%3D%27http%3A%2F%2Fwww.w3.org%2F2000%2Fsvg%27%20width%3D%272560%27%20height%3D%271400%27%20viewBox%3D%270%200%202560%201400%27%3E%3Crect%20width%3D%272560%27%20height%3D%271400%27%20fill-opacity%3D%220%22%2F%3E%3C%2Fsvg%3E\" data-orig-src=\"https:\/\/staging.gbarquitectos.pt\/wp-content\/uploads\/2024\/09\/House-in-Grandola-FDP-31.jpg\" alt=\"\" title=\"House-in-Gra\u0302ndola-FDP-31\"><\/noscript><\/sr7-bg>\n\t\t\t\t\t\t<\/sr7-slide>\n\t\t\t\t\t\t<sr7-slide id=\"SR7_1_1-13\" data-key=\"13\">\n\t\t\t\t\t\t\t<sr7-bg id=\"SR7_1_1-13-1\" class=\"sr7-layer\"><noscript><img class=\"lazyload\" decoding=\"async\" src=\"data:image\/svg+xml,%3Csvg%20xmlns%3D%27http%3A%2F%2Fwww.w3.org%2F2000%2Fsvg%27%20width%3D%272560%27%20height%3D%271400%27%20viewBox%3D%270%200%202560%201400%27%3E%3Crect%20width%3D%272560%27%20height%3D%271400%27%20fill-opacity%3D%220%22%2F%3E%3C%2Fsvg%3E\" data-orig-src=\"https:\/\/staging.gbarquitectos.pt\/wp-content\/uploads\/2024\/09\/House-in-Grandola-FDP-28.jpg\" alt=\"\" title=\"House-in-Gra\u0302ndola-FDP-28\"><\/noscript><\/sr7-bg>\n\t\t\t\t\t\t<\/sr7-slide>\n\t\t\t\t\t\t<sr7-slide id=\"SR7_1_1-12\" data-key=\"12\">\n\t\t\t\t\t\t\t<sr7-bg id=\"SR7_1_1-12-1\" class=\"sr7-layer\"><noscript><img class=\"lazyload\" decoding=\"async\" src=\"data:image\/svg+xml,%3Csvg%20xmlns%3D%27http%3A%2F%2Fwww.w3.org%2F2000%2Fsvg%27%20width%3D%272560%27%20height%3D%271400%27%20viewBox%3D%270%200%202560%201400%27%3E%3Crect%20width%3D%272560%27%20height%3D%271400%27%20fill-opacity%3D%220%22%2F%3E%3C%2Fsvg%3E\" data-orig-src=\"https:\/\/staging.gbarquitectos.pt\/wp-content\/uploads\/2024\/09\/House-in-Grandola-FDP-27.jpg\" alt=\"\" title=\"House-in-Gra\u0302ndola-FDP-27\"><\/noscript><\/sr7-bg>\n\t\t\t\t\t\t<\/sr7-slide>\n\t\t\t\t\t\t<sr7-slide id=\"SR7_1_1-11\" data-key=\"11\">\n\t\t\t\t\t\t\t<sr7-bg id=\"SR7_1_1-11-1\" class=\"sr7-layer\"><noscript><img class=\"lazyload\" decoding=\"async\" src=\"data:image\/svg+xml,%3Csvg%20xmlns%3D%27http%3A%2F%2Fwww.w3.org%2F2000%2Fsvg%27%20width%3D%272560%27%20height%3D%271400%27%20viewBox%3D%270%200%202560%201400%27%3E%3Crect%20width%3D%272560%27%20height%3D%271400%27%20fill-opacity%3D%220%22%2F%3E%3C%2Fsvg%3E\" data-orig-src=\"https:\/\/staging.gbarquitectos.pt\/wp-content\/uploads\/2024\/09\/House-in-Grandola-FDP-24.jpg\" alt=\"\" title=\"House-in-Gra\u0302ndola-FDP-24\"><\/noscript><\/sr7-bg>\n\t\t\t\t\t\t<\/sr7-slide>\n\t\t\t\t\t\t<sr7-slide id=\"SR7_1_1-10\" data-key=\"10\">\n\t\t\t\t\t\t\t<sr7-bg id=\"SR7_1_1-10-1\" class=\"sr7-layer\"><noscript><img class=\"lazyload\" decoding=\"async\" src=\"data:image\/svg+xml,%3Csvg%20xmlns%3D%27http%3A%2F%2Fwww.w3.org%2F2000%2Fsvg%27%20width%3D%272560%27%20height%3D%271400%27%20viewBox%3D%270%200%202560%201400%27%3E%3Crect%20width%3D%272560%27%20height%3D%271400%27%20fill-opacity%3D%220%22%2F%3E%3C%2Fsvg%3E\" data-orig-src=\"https:\/\/staging.gbarquitectos.pt\/wp-content\/uploads\/2024\/09\/House-in-Grandola-FDP-23.jpg\" alt=\"\" title=\"House-in-Gra\u0302ndola-FDP-23\"><\/noscript><\/sr7-bg>\n\t\t\t\t\t\t<\/sr7-slide>\n\t\t\t\t\t\t<sr7-slide id=\"SR7_1_1-9\" data-key=\"9\">\n\t\t\t\t\t\t\t<sr7-bg id=\"SR7_1_1-9-1\" class=\"sr7-layer\"><noscript><img class=\"lazyload\" decoding=\"async\" src=\"data:image\/svg+xml,%3Csvg%20xmlns%3D%27http%3A%2F%2Fwww.w3.org%2F2000%2Fsvg%27%20width%3D%272560%27%20height%3D%271400%27%20viewBox%3D%270%200%202560%201400%27%3E%3Crect%20width%3D%272560%27%20height%3D%271400%27%20fill-opacity%3D%220%22%2F%3E%3C%2Fsvg%3E\" data-orig-src=\"https:\/\/staging.gbarquitectos.pt\/wp-content\/uploads\/2024\/09\/House-in-Grandola-FDP-21.jpg\" alt=\"\" title=\"House-in-Gra\u0302ndola-FDP-21\"><\/noscript><\/sr7-bg>\n\t\t\t\t\t\t<\/sr7-slide>\n\t\t\t\t\t\t<sr7-slide id=\"SR7_1_1-8\" data-key=\"8\">\n\t\t\t\t\t\t\t<sr7-bg id=\"SR7_1_1-8-1\" class=\"sr7-layer\"><noscript><img class=\"lazyload\" decoding=\"async\" src=\"data:image\/svg+xml,%3Csvg%20xmlns%3D%27http%3A%2F%2Fwww.w3.org%2F2000%2Fsvg%27%20width%3D%272560%27%20height%3D%271400%27%20viewBox%3D%270%200%202560%201400%27%3E%3Crect%20width%3D%272560%27%20height%3D%271400%27%20fill-opacity%3D%220%22%2F%3E%3C%2Fsvg%3E\" data-orig-src=\"https:\/\/staging.gbarquitectos.pt\/wp-content\/uploads\/2024\/09\/House-in-Grandola-FDP-15.jpg\" alt=\"\" title=\"House-in-Gra\u0302ndola-FDP-15\"><\/noscript><\/sr7-bg>\n\t\t\t\t\t\t<\/sr7-slide>\n\t\t\t\t\t\t<sr7-slide id=\"SR7_1_1-7\" data-key=\"7\">\n\t\t\t\t\t\t\t<sr7-bg id=\"SR7_1_1-7-1\" class=\"sr7-layer\"><noscript><img class=\"lazyload\" decoding=\"async\" src=\"data:image\/svg+xml,%3Csvg%20xmlns%3D%27http%3A%2F%2Fwww.w3.org%2F2000%2Fsvg%27%20width%3D%272560%27%20height%3D%271400%27%20viewBox%3D%270%200%202560%201400%27%3E%3Crect%20width%3D%272560%27%20height%3D%271400%27%20fill-opacity%3D%220%22%2F%3E%3C%2Fsvg%3E\" data-orig-src=\"https:\/\/staging.gbarquitectos.pt\/wp-content\/uploads\/2024\/09\/House-in-Grandola-FDP-13.jpg\" alt=\"\" title=\"House-in-Gra\u0302ndola-FDP-13\"><\/noscript><\/sr7-bg>\n\t\t\t\t\t\t<\/sr7-slide>\n\t\t\t\t\t\t<sr7-slide id=\"SR7_1_1-3\" data-key=\"3\">\n\t\t\t\t\t\t\t<sr7-bg id=\"SR7_1_1-3-1\" class=\"sr7-layer\"><noscript><img class=\"lazyload\" decoding=\"async\" src=\"data:image\/svg+xml,%3Csvg%20xmlns%3D%27http%3A%2F%2Fwww.w3.org%2F2000%2Fsvg%27%20width%3D%272560%27%20height%3D%271400%27%20viewBox%3D%270%200%202560%201400%27%3E%3Crect%20width%3D%272560%27%20height%3D%271400%27%20fill-opacity%3D%220%22%2F%3E%3C%2Fsvg%3E\" data-orig-src=\"https:\/\/staging.gbarquitectos.pt\/wp-content\/uploads\/2024\/09\/House-in-Grandola-CNA-03.jpg\" alt=\"\" title=\"House-in-Gra\u0302ndola-CNA-03\"><\/noscript><\/sr7-bg>\n\t\t\t\t\t\t<\/sr7-slide>\n\t\t\t\t\t\t<sr7-slide id=\"SR7_1_1-16\" data-key=\"16\">\n\t\t\t\t\t\t<\/sr7-slide>\n\t\t\t\t\t<\/sr7-content>\n\t\t\t\t\t<image_lists style=\"display:none\">\n\t\t\t\t\t\t<img class=\"lazyload\" data-src=\"\/\/staging.gbarquitectos.pt\/wp-content\/uploads\/2024\/09\/House-in-Grandola-CNA-02.jpg\" width=\"0\" height=\"0\" data-dbsrc=\"Ly9zdGFnaW5nLmdiYXJxdWl0ZWN0b3MucHQvd3AtY29udGVudC91cGxvYWRzLzIwMjQvMDkvSG91c2UtaW4tR3JhbmRvbGEtQ05BLTAyLmpwZw==\"\/>\n\t\t\t\t\t\t<img class=\"lazyload\" data-src=\"\/\/staging.gbarquitectos.pt\/wp-content\/uploads\/2024\/09\/House-in-Grandola-CNA-03.jpg\" width=\"0\" height=\"0\" data-dbsrc=\"Ly9zdGFnaW5nLmdiYXJxdWl0ZWN0b3MucHQvd3AtY29udGVudC91cGxvYWRzLzIwMjQvMDkvSG91c2UtaW4tR3JhbmRvbGEtQ05BLTAzLmpwZw==\"\/>\n\t\t\t\t\t\t<img class=\"lazyload\" data-src=\"\/\/staging.gbarquitectos.pt\/wp-content\/uploads\/2024\/10\/House-in-Grandola-CNA-15.jpg\" width=\"0\" height=\"0\" data-dbsrc=\"Ly9zdGFnaW5nLmdiYXJxdWl0ZWN0b3MucHQvd3AtY29udGVudC91cGxvYWRzLzIwMjQvMTAvSG91c2UtaW4tR3JhbmRvbGEtQ05BLTE1LmpwZw==\"\/>\n\t\t\t\t\t\t<img class=\"lazyload\" data-src=\"\/\/staging.gbarquitectos.pt\/wp-content\/uploads\/2024\/09\/House-in-Grandola-FDP-00.jpg\" width=\"0\" height=\"0\" data-dbsrc=\"Ly9zdGFnaW5nLmdiYXJxdWl0ZWN0b3MucHQvd3AtY29udGVudC91cGxvYWRzLzIwMjQvMDkvSG91c2UtaW4tR3JhbmRvbGEtRkRQLTAwLmpwZw==\"\/>\n\t\t\t\t\t\t<img class=\"lazyload\" data-src=\"\/\/staging.gbarquitectos.pt\/wp-content\/uploads\/2024\/09\/House-in-Grandola-FDP-04.11.jpg\" width=\"0\" height=\"0\" data-dbsrc=\"Ly9zdGFnaW5nLmdiYXJxdWl0ZWN0b3MucHQvd3AtY29udGVudC91cGxvYWRzLzIwMjQvMDkvSG91c2UtaW4tR3JhbmRvbGEtRkRQLTA0LjExLmpwZw==\"\/>\n\t\t\t\t\t\t<img class=\"lazyload\" data-src=\"\/\/staging.gbarquitectos.pt\/wp-content\/uploads\/2024\/09\/House-in-Grandola-FDP-13.jpg\" width=\"0\" height=\"0\" data-dbsrc=\"Ly9zdGFnaW5nLmdiYXJxdWl0ZWN0b3MucHQvd3AtY29udGVudC91cGxvYWRzLzIwMjQvMDkvSG91c2UtaW4tR3JhbmRvbGEtRkRQLTEzLmpwZw==\"\/>\n\t\t\t\t\t\t<img class=\"lazyload\" data-src=\"\/\/staging.gbarquitectos.pt\/wp-content\/uploads\/2024\/09\/House-in-Grandola-FDP-15.jpg\" width=\"0\" height=\"0\" data-dbsrc=\"Ly9zdGFnaW5nLmdiYXJxdWl0ZWN0b3MucHQvd3AtY29udGVudC91cGxvYWRzLzIwMjQvMDkvSG91c2UtaW4tR3JhbmRvbGEtRkRQLTE1LmpwZw==\"\/>\n\t\t\t\t\t\t<img class=\"lazyload\" data-src=\"\/\/staging.gbarquitectos.pt\/wp-content\/uploads\/2024\/09\/House-in-Grandola-FDP-21.jpg\" width=\"0\" height=\"0\" data-dbsrc=\"Ly9zdGFnaW5nLmdiYXJxdWl0ZWN0b3MucHQvd3AtY29udGVudC91cGxvYWRzLzIwMjQvMDkvSG91c2UtaW4tR3JhbmRvbGEtRkRQLTIxLmpwZw==\"\/>\n\t\t\t\t\t\t<img class=\"lazyload\" data-src=\"\/\/staging.gbarquitectos.pt\/wp-content\/uploads\/2024\/09\/House-in-Grandola-FDP-23.jpg\" width=\"0\" height=\"0\" data-dbsrc=\"Ly9zdGFnaW5nLmdiYXJxdWl0ZWN0b3MucHQvd3AtY29udGVudC91cGxvYWRzLzIwMjQvMDkvSG91c2UtaW4tR3JhbmRvbGEtRkRQLTIzLmpwZw==\"\/>\n\t\t\t\t\t\t<img class=\"lazyload\" data-src=\"\/\/staging.gbarquitectos.pt\/wp-content\/uploads\/2024\/09\/House-in-Grandola-FDP-24.jpg\" width=\"0\" height=\"0\" data-dbsrc=\"Ly9zdGFnaW5nLmdiYXJxdWl0ZWN0b3MucHQvd3AtY29udGVudC91cGxvYWRzLzIwMjQvMDkvSG91c2UtaW4tR3JhbmRvbGEtRkRQLTI0LmpwZw==\"\/>\n\t\t\t\t\t\t<img class=\"lazyload\" data-src=\"\/\/staging.gbarquitectos.pt\/wp-content\/uploads\/2024\/09\/House-in-Grandola-FDP-27.jpg\" width=\"0\" height=\"0\" data-dbsrc=\"Ly9zdGFnaW5nLmdiYXJxdWl0ZWN0b3MucHQvd3AtY29udGVudC91cGxvYWRzLzIwMjQvMDkvSG91c2UtaW4tR3JhbmRvbGEtRkRQLTI3LmpwZw==\"\/>\n\t\t\t\t\t\t<img class=\"lazyload\" data-src=\"\/\/staging.gbarquitectos.pt\/wp-content\/uploads\/2024\/09\/House-in-Grandola-FDP-28.jpg\" width=\"0\" height=\"0\" data-dbsrc=\"Ly9zdGFnaW5nLmdiYXJxdWl0ZWN0b3MucHQvd3AtY29udGVudC91cGxvYWRzLzIwMjQvMDkvSG91c2UtaW4tR3JhbmRvbGEtRkRQLTI4LmpwZw==\"\/>\n\t\t\t\t\t\t<img class=\"lazyload\" data-src=\"\/\/staging.gbarquitectos.pt\/wp-content\/uploads\/2024\/09\/House-in-Grandola-FDP-30.jpg\" width=\"0\" height=\"0\" data-dbsrc=\"Ly9zdGFnaW5nLmdiYXJxdWl0ZWN0b3MucHQvd3AtY29udGVudC91cGxvYWRzLzIwMjQvMDkvSG91c2UtaW4tR3JhbmRvbGEtRkRQLTMwLmpwZw==\"\/>\n\t\t\t\t\t\t<img class=\"lazyload\" data-src=\"\/\/staging.gbarquitectos.pt\/wp-content\/uploads\/2024\/09\/House-in-Grandola-FDP-31.jpg\" width=\"0\" height=\"0\" data-dbsrc=\"Ly9zdGFnaW5nLmdiYXJxdWl0ZWN0b3MucHQvd3AtY29udGVudC91cGxvYWRzLzIwMjQvMDkvSG91c2UtaW4tR3JhbmRvbGEtRkRQLTMxLmpwZw==\"\/>\n\t\t\t\t\t\t<img class=\"lazyload\" data-src=\"\/\/staging.gbarquitectos.pt\/wp-content\/uploads\/2024\/10\/House-in-Grandola-CNA-13.jpg\" width=\"0\" height=\"0\" data-dbsrc=\"Ly9zdGFnaW5nLmdiYXJxdWl0ZWN0b3MucHQvd3AtY29udGVudC91cGxvYWRzLzIwMjQvMTAvSG91c2UtaW4tR3JhbmRvbGEtQ05BLTEzLmpwZw==\"\/>\n\t\t\t\t\t\t<img class=\"lazyload\" data-src=\"\/\/staging.gbarquitectos.pt\/wp-content\/uploads\/2024\/09\/House-in-Grandola-FDP-26-e1741042185640.png\" width=\"0\" height=\"0\" data-dbsrc=\"Ly9zdGFnaW5nLmdiYXJxdWl0ZWN0b3MucHQvd3AtY29udGVudC91cGxvYWRzLzIwMjQvMDkvSG91c2UtaW4tR3JhbmRvbGEtRkRQLTI2LWUxNzQxMDQyMTg1NjQwLnBuZw==\"\/>\n\t\t\t\t\t\t<img class=\"lazyload\" data-src=\"\/\/staging.gbarquitectos.pt\/wp-content\/uploads\/2024\/09\/House-in-Grandola-FDP-29.jpg\" width=\"0\" height=\"0\" data-dbsrc=\"Ly9zdGFnaW5nLmdiYXJxdWl0ZWN0b3MucHQvd3AtY29udGVudC91cGxvYWRzLzIwMjQvMDkvSG91c2UtaW4tR3JhbmRvbGEtRkRQLTI5LmpwZw==\"\/>\n\t\t\t\t\t\t<img class=\"lazyload\" data-src=\"\/\/staging.gbarquitectos.pt\/wp-content\/uploads\/2024\/09\/House-in-Grandola-FDP-20.jpg\" width=\"0\" height=\"0\" data-dbsrc=\"Ly9zdGFnaW5nLmdiYXJxdWl0ZWN0b3MucHQvd3AtY29udGVudC91cGxvYWRzLzIwMjQvMDkvSG91c2UtaW4tR3JhbmRvbGEtRkRQLTIwLmpwZw==\"\/>\n\t\t\t\t\t\t<img class=\"lazyload\" data-src=\"\/\/staging.gbarquitectos.pt\/wp-content\/uploads\/2024\/09\/House-in-Grandola-FDP-14.jpg\" width=\"0\" height=\"0\" data-dbsrc=\"Ly9zdGFnaW5nLmdiYXJxdWl0ZWN0b3MucHQvd3AtY29udGVudC91cGxvYWRzLzIwMjQvMDkvSG91c2UtaW4tR3JhbmRvbGEtRkRQLTE0LmpwZw==\"\/>\n\t\t\t\t\t\t<img class=\"lazyload\" data-src=\"\/\/staging.gbarquitectos.pt\/wp-content\/uploads\/2024\/09\/House-in-Grandola-FDP-04.jpg\" width=\"0\" height=\"0\" data-dbsrc=\"Ly9zdGFnaW5nLmdiYXJxdWl0ZWN0b3MucHQvd3AtY29udGVudC91cGxvYWRzLzIwMjQvMDkvSG91c2UtaW4tR3JhbmRvbGEtRkRQLTA0LmpwZw==\"\/>\n\t\t\t\t\t<\/image_lists>\n\t\t\t\t<\/sr7-module>\n\t\t\t\t<script>\n\t\t\t\t\tSR7.PMH ??={}; SR7.PMH[\"SR7_1_1\"] = {cn:100,state:false,fn: function() { if (_tpt!==undefined && _tpt.prepareModuleHeight !== undefined) {  _tpt.prepareModuleHeight({id:\"SR7_1_1\",el:[1080,1080,768,960,720],type:'standard',shdw:'0',gh:[1080,1080,768,960,720],gw:[1920,1920,1024,778,480],vpt:['-100px&#039;,&#039;-100px&#039;,&#039;-100px&#039;,&#039;-100px&#039;,&#039;-100px'],size:{fullWidth:true, fullHeight:true},fho:'',mh:'0',onh:0,onw:0,bg:{color:'{\"orig\":\"transparent\",\"type\":\"solid\",\"string\":\"transparent\"}'}});   SR7.PMH[\"SR7_1_1\"].state=true;} else if(SR7.PMH[\"SR7_1_1\"].cn-->0)\tsetTimeout( SR7.PMH[\"SR7_1_1\"].fn,19);}};SR7.PMH[\"SR7_1_1\" ].fn();\n\t\t\t\t<\/script>\n<\/div><\/div><\/div><\/div>\n","protected":false},"excerpt":{"rendered":"","protected":false},"author":2,"featured_media":0,"parent":0,"menu_order":0,"comment_status":"closed","ping_status":"closed","template":"100-width.php","meta":{"_acf_changed":false,"footnotes":""},"class_list":["post-15921","page","type-page","status-publish","hentry"],"acf":[],"yoast_head":"<!-- This site is optimized with the Yoast SEO plugin v27.4 - https:\/\/yoast.com\/product\/yoast-seo-wordpress\/ -->\n<title>Startseite | Gon\u00e7alo Bonniz Arquitetos | Lernen Sie uns kennen<\/title>\n<meta name=\"description\" content=\"Gon\u00e7alo Bonniz Arquitetos ist ein B\u00fcro, das sich auf die enge Zusammenarbeit mit Kunden konzentriert und die besten integrierten L\u00f6sungen in der Architektur anbietet.\" \/>\n<meta name=\"robots\" content=\"index, follow, max-snippet:-1, max-image-preview:large, max-video-preview:-1\" \/>\n<link rel=\"canonical\" href=\"https:\/\/staging.gbarquitectos.pt\/de\/\" \/>\n<meta property=\"og:locale\" content=\"de_DE\" \/>\n<meta property=\"og:type\" content=\"article\" \/>\n<meta property=\"og:title\" content=\"Startseite | Gon\u00e7alo Bonniz Arquitetos | Lernen Sie uns kennen\" \/>\n<meta property=\"og:description\" content=\"Gon\u00e7alo Bonniz Arquitetos ist ein B\u00fcro, das sich auf die enge Zusammenarbeit mit Kunden konzentriert und die besten integrierten L\u00f6sungen in der Architektur anbietet.\" \/>\n<meta property=\"og:url\" content=\"https:\/\/staging.gbarquitectos.pt\/de\/\" \/>\n<meta property=\"og:site_name\" content=\"gbarquitectos\" \/>\n<meta property=\"article:modified_time\" content=\"2025-04-23T20:20:50+00:00\" \/>\n<meta name=\"twitter:card\" content=\"summary_large_image\" \/>\n<meta name=\"twitter:label1\" content=\"Gesch\u00e4tzte Lesezeit\" \/>\n\t<meta name=\"twitter:data1\" content=\"5\u00a0Minuten\" \/>\n<script type=\"application\/ld+json\" class=\"yoast-schema-graph\">{\"@context\":\"https:\\\/\\\/schema.org\",\"@graph\":[{\"@type\":\"WebPage\",\"@id\":\"https:\\\/\\\/staging.gbarquitectos.pt\\\/de\\\/\",\"url\":\"https:\\\/\\\/staging.gbarquitectos.pt\\\/de\\\/\",\"name\":\"Startseite | Gon\u00e7alo Bonniz Arquitetos | Lernen Sie uns kennen\",\"isPartOf\":{\"@id\":\"https:\\\/\\\/staging.gbarquitectos.pt\\\/de\\\/#website\"},\"datePublished\":\"2020-09-16T17:52:54+00:00\",\"dateModified\":\"2025-04-23T20:20:50+00:00\",\"description\":\"Gon\u00e7alo Bonniz Arquitetos ist ein B\u00fcro, das sich auf die enge Zusammenarbeit mit Kunden konzentriert und die besten integrierten L\u00f6sungen in der Architektur anbietet.\",\"breadcrumb\":{\"@id\":\"https:\\\/\\\/staging.gbarquitectos.pt\\\/de\\\/#breadcrumb\"},\"inLanguage\":\"de\",\"potentialAction\":[{\"@type\":\"ReadAction\",\"target\":[\"https:\\\/\\\/staging.gbarquitectos.pt\\\/de\\\/\"]}]},{\"@type\":\"BreadcrumbList\",\"@id\":\"https:\\\/\\\/staging.gbarquitectos.pt\\\/de\\\/#breadcrumb\",\"itemListElement\":[{\"@type\":\"ListItem\",\"position\":1,\"name\":\"Home\",\"item\":\"https:\\\/\\\/staging.gbarquitectos.pt\\\/de\\\/zuhause\\\/\"},{\"@type\":\"ListItem\",\"position\":2,\"name\":\"Zuhause\"}]},{\"@type\":\"WebSite\",\"@id\":\"https:\\\/\\\/staging.gbarquitectos.pt\\\/de\\\/#website\",\"url\":\"https:\\\/\\\/staging.gbarquitectos.pt\\\/de\\\/\",\"name\":\"gbarquitectos\",\"description\":\"Gon\u00e7alo Bonniz Arquitectos\",\"publisher\":{\"@id\":\"https:\\\/\\\/staging.gbarquitectos.pt\\\/de\\\/#organization\"},\"potentialAction\":[{\"@type\":\"SearchAction\",\"target\":{\"@type\":\"EntryPoint\",\"urlTemplate\":\"https:\\\/\\\/staging.gbarquitectos.pt\\\/de\\\/?s={search_term_string}\"},\"query-input\":{\"@type\":\"PropertyValueSpecification\",\"valueRequired\":true,\"valueName\":\"search_term_string\"}}],\"inLanguage\":\"de\"},{\"@type\":\"Organization\",\"@id\":\"https:\\\/\\\/staging.gbarquitectos.pt\\\/de\\\/#organization\",\"name\":\"Gon\u00e7alo Bonniz Arquitectos\",\"url\":\"https:\\\/\\\/staging.gbarquitectos.pt\\\/de\\\/\",\"logo\":{\"@type\":\"ImageObject\",\"inLanguage\":\"de\",\"@id\":\"https:\\\/\\\/staging.gbarquitectos.pt\\\/de\\\/#\\\/schema\\\/logo\\\/image\\\/\",\"url\":\"https:\\\/\\\/staging.gbarquitectos.pt\\\/wp-content\\\/uploads\\\/2020\\\/09\\\/gbarq_logo-transp.png\",\"contentUrl\":\"https:\\\/\\\/staging.gbarquitectos.pt\\\/wp-content\\\/uploads\\\/2020\\\/09\\\/gbarq_logo-transp.png\",\"width\":5130,\"height\":803,\"caption\":\"Gon\u00e7alo Bonniz Arquitectos\"},\"image\":{\"@id\":\"https:\\\/\\\/staging.gbarquitectos.pt\\\/de\\\/#\\\/schema\\\/logo\\\/image\\\/\"},\"sameAs\":[\"https:\\\/\\\/www.linkedin.com\\\/in\\\/gonalo-bonniz-4259a527\",\"https:\\\/\\\/www.instagram.com\\\/gb.arquitectos\"]}]}<\/script>\n<!-- \/ Yoast SEO plugin. -->","yoast_head_json":{"title":"Startseite | Gon\u00e7alo Bonniz Arquitetos | Lernen Sie uns kennen","description":"Gon\u00e7alo Bonniz Arquitetos ist ein B\u00fcro, das sich auf die enge Zusammenarbeit mit Kunden konzentriert und die besten integrierten L\u00f6sungen in der Architektur anbietet.","robots":{"index":"index","follow":"follow","max-snippet":"max-snippet:-1","max-image-preview":"max-image-preview:large","max-video-preview":"max-video-preview:-1"},"canonical":"https:\/\/staging.gbarquitectos.pt\/de\/","og_locale":"de_DE","og_type":"article","og_title":"Startseite | Gon\u00e7alo Bonniz Arquitetos | Lernen Sie uns kennen","og_description":"Gon\u00e7alo Bonniz Arquitetos ist ein B\u00fcro, das sich auf die enge Zusammenarbeit mit Kunden konzentriert und die besten integrierten L\u00f6sungen in der Architektur anbietet.","og_url":"https:\/\/staging.gbarquitectos.pt\/de\/","og_site_name":"gbarquitectos","article_modified_time":"2025-04-23T20:20:50+00:00","twitter_card":"summary_large_image","twitter_misc":{"Gesch\u00e4tzte Lesezeit":"5\u00a0Minuten"},"schema":{"@context":"https:\/\/schema.org","@graph":[{"@type":"WebPage","@id":"https:\/\/staging.gbarquitectos.pt\/de\/","url":"https:\/\/staging.gbarquitectos.pt\/de\/","name":"Startseite | Gon\u00e7alo Bonniz Arquitetos | Lernen Sie uns kennen","isPartOf":{"@id":"https:\/\/staging.gbarquitectos.pt\/de\/#website"},"datePublished":"2020-09-16T17:52:54+00:00","dateModified":"2025-04-23T20:20:50+00:00","description":"Gon\u00e7alo Bonniz Arquitetos ist ein B\u00fcro, das sich auf die enge Zusammenarbeit mit Kunden konzentriert und die besten integrierten L\u00f6sungen in der Architektur anbietet.","breadcrumb":{"@id":"https:\/\/staging.gbarquitectos.pt\/de\/#breadcrumb"},"inLanguage":"de","potentialAction":[{"@type":"ReadAction","target":["https:\/\/staging.gbarquitectos.pt\/de\/"]}]},{"@type":"BreadcrumbList","@id":"https:\/\/staging.gbarquitectos.pt\/de\/#breadcrumb","itemListElement":[{"@type":"ListItem","position":1,"name":"Home","item":"https:\/\/staging.gbarquitectos.pt\/de\/zuhause\/"},{"@type":"ListItem","position":2,"name":"Zuhause"}]},{"@type":"WebSite","@id":"https:\/\/staging.gbarquitectos.pt\/de\/#website","url":"https:\/\/staging.gbarquitectos.pt\/de\/","name":"gbarquitectos","description":"Gon\u00e7alo Bonniz Arquitectos","publisher":{"@id":"https:\/\/staging.gbarquitectos.pt\/de\/#organization"},"potentialAction":[{"@type":"SearchAction","target":{"@type":"EntryPoint","urlTemplate":"https:\/\/staging.gbarquitectos.pt\/de\/?s={search_term_string}"},"query-input":{"@type":"PropertyValueSpecification","valueRequired":true,"valueName":"search_term_string"}}],"inLanguage":"de"},{"@type":"Organization","@id":"https:\/\/staging.gbarquitectos.pt\/de\/#organization","name":"Gon\u00e7alo Bonniz Arquitectos","url":"https:\/\/staging.gbarquitectos.pt\/de\/","logo":{"@type":"ImageObject","inLanguage":"de","@id":"https:\/\/staging.gbarquitectos.pt\/de\/#\/schema\/logo\/image\/","url":"https:\/\/staging.gbarquitectos.pt\/wp-content\/uploads\/2020\/09\/gbarq_logo-transp.png","contentUrl":"https:\/\/staging.gbarquitectos.pt\/wp-content\/uploads\/2020\/09\/gbarq_logo-transp.png","width":5130,"height":803,"caption":"Gon\u00e7alo Bonniz Arquitectos"},"image":{"@id":"https:\/\/staging.gbarquitectos.pt\/de\/#\/schema\/logo\/image\/"},"sameAs":["https:\/\/www.linkedin.com\/in\/gonalo-bonniz-4259a527","https:\/\/www.instagram.com\/gb.arquitectos"]}]}},"_links":{"self":[{"href":"https:\/\/staging.gbarquitectos.pt\/de\/wp-json\/wp\/v2\/pages\/15921","targetHints":{"allow":["GET"]}}],"collection":[{"href":"https:\/\/staging.gbarquitectos.pt\/de\/wp-json\/wp\/v2\/pages"}],"about":[{"href":"https:\/\/staging.gbarquitectos.pt\/de\/wp-json\/wp\/v2\/types\/page"}],"author":[{"embeddable":true,"href":"https:\/\/staging.gbarquitectos.pt\/de\/wp-json\/wp\/v2\/users\/2"}],"replies":[{"embeddable":true,"href":"https:\/\/staging.gbarquitectos.pt\/de\/wp-json\/wp\/v2\/comments?post=15921"}],"version-history":[{"count":3,"href":"https:\/\/staging.gbarquitectos.pt\/de\/wp-json\/wp\/v2\/pages\/15921\/revisions"}],"predecessor-version":[{"id":16480,"href":"https:\/\/staging.gbarquitectos.pt\/de\/wp-json\/wp\/v2\/pages\/15921\/revisions\/16480"}],"wp:attachment":[{"href":"https:\/\/staging.gbarquitectos.pt\/de\/wp-json\/wp\/v2\/media?parent=15921"}],"curies":[{"name":"wp","href":"https:\/\/api.w.org\/{rel}","templated":true}]}}