{"id":15927,"date":"2024-09-28T14:20:32","date_gmt":"2024-09-28T13:20:32","guid":{"rendered":"https:\/\/staging.gbarquitectos.pt\/dienstleistungen\/"},"modified":"2025-03-27T00:49:47","modified_gmt":"2025-03-27T00:49:47","slug":"dienstleistungen","status":"publish","type":"page","link":"https:\/\/staging.gbarquitectos.pt\/de\/dienstleistungen\/","title":{"rendered":"Dienstleistungen"},"content":{"rendered":"<div id=\"fusion-scroll-section-1\" class=\"fusion-scroll-section fusion-scroll-section\" data-section=\"1\" data-animation=\"fade\" data-speed=\"800\" ><div class=\"fusion-scroll-section-element active\" data-section=\"1\" data-element=\"1\" style=\"transition-duration:400ms;&quot;\" ><div id=\"Dienstleistungen\" class=\"fusion-container-anchor\"><div class=\"fusion-fullwidth fullwidth-box fusion-builder-row-1 fusion-flex-container has-pattern-background has-mask-background fusion-parallax-none hundred-percent-fullwidth hundred-percent-height hundred-percent-height-center-content hundred-percent-height-scrolling\" style=\"--awb-background-position:center bottom;--awb-background-repeat:repeat-y;--awb-background-blend-mode:overlay;--awb-border-radius-top-left:0px;--awb-border-radius-top-right:0px;--awb-border-radius-bottom-right:0px;--awb-border-radius-bottom-left:0px;--awb-padding-top:200px;--awb-padding-right:5.5%;--awb-padding-bottom:0px;--awb-padding-left:5.5%;--awb-margin-top:-116px;--awb-margin-bottom:0px;--awb-margin-top-small:-85px;--awb-margin-bottom-small:0px;--awb-background-color:rgba(238,237,229,0.9);--awb-background-image:url(&quot;https:\/\/staging.gbarquitectos.pt\/wp-content\/uploads\/2024\/08\/House-in-Grandola-FDP-28.jpg&quot;);--awb-background-size:cover;--awb-flex-wrap:wrap;\" data-preload-img=\"https:\/\/staging.gbarquitectos.pt\/wp-content\/uploads\/2024\/08\/House-in-Grandola-FDP-28.jpg\" ><div class=\"fusion-builder-row fusion-row fusion-flex-align-items-flex-start fusion-flex-align-content-flex-start fusion-flex-content-wrap\" style=\"width:104% !important;max-width:104% !important;margin-left: calc(-4% \/ 2 );margin-right: calc(-4% \/ 2 );\"><div class=\"fusion-layout-column fusion_builder_column fusion-builder-column-0 fusion_builder_column_1_1 1_1 fusion-flex-column fusion-flex-align-self-flex-start\" style=\"--awb-bg-size:cover;--awb-width-large:100%;--awb-margin-top-large:0px;--awb-spacing-right-large:0%;--awb-margin-bottom-large:0px;--awb-spacing-left-large:0%;--awb-width-medium:100%;--awb-order-medium:0;--awb-spacing-right-medium:1.92%;--awb-spacing-left-medium:1.92%;--awb-width-small:100%;--awb-order-small:0;--awb-spacing-right-small:1.92%;--awb-spacing-left-small:1.92%;\"><div class=\"fusion-column-wrapper fusion-column-has-shadow fusion-flex-justify-content-flex-start fusion-content-layout-column\"><div class=\"fusion-title title fusion-title-1 fusion-title-text fusion-title-size-three\" style=\"--awb-margin-bottom:25px;--awb-margin-top-small:0px;--awb-margin-right-small:0px;--awb-margin-bottom-small:20px;--awb-margin-left-small:0px;\"><div class=\"title-sep-container title-sep-container-left fusion-no-large-visibility fusion-no-medium-visibility fusion-no-small-visibility\"><div class=\"title-sep sep- sep-solid\" style=\"border-color:hsla(var(--awb-color2-h),var(--awb-color2-s),var(--awb-color2-l),calc( var(--awb-color2-a) - 10% ));\"><\/div><\/div><span class=\"awb-title-spacer fusion-no-large-visibility fusion-no-medium-visibility fusion-no-small-visibility\"><\/span><h3 class=\"fusion-title-heading title-heading-left\" style=\"margin:0;\"><b>Dienstleistungen<\/b><\/h3><span class=\"awb-title-spacer\"><\/span><div class=\"title-sep-container title-sep-container-right\"><div class=\"title-sep sep- sep-solid\" style=\"border-color:hsla(var(--awb-color2-h),var(--awb-color2-s),var(--awb-color2-l),calc( var(--awb-color2-a) - 10% ));\"><\/div><\/div><\/div><\/div><\/div><div class=\"fusion-layout-column fusion_builder_column fusion-builder-column-1 fusion_builder_column_1_1 1_1 fusion-flex-column fusion-flex-align-self-flex-start\" style=\"--awb-padding-bottom-small:15%;--awb-bg-size:cover;--awb-width-large:100%;--awb-margin-top-large:0px;--awb-spacing-right-large:0%;--awb-margin-bottom-large:0px;--awb-spacing-left-large:0%;--awb-width-medium:100%;--awb-order-medium:0;--awb-spacing-right-medium:1.92%;--awb-spacing-left-medium:1.92%;--awb-width-small:100%;--awb-order-small:0;--awb-margin-top-small:0px;--awb-spacing-right-small:1.92%;--awb-margin-bottom-small:0px;--awb-spacing-left-small:1.92%;\"><div class=\"fusion-column-wrapper fusion-column-has-shadow fusion-flex-justify-content-flex-start fusion-content-layout-column\"><div class=\"accordian fusion-accordian\" style=\"margin-top:0px;margin-bottom:0px;--awb-margin-top:0px;--awb-margin-bottom:0px;--awb-padding-top:5px;--awb-padding-right:25px;--awb-padding-bottom:0px;--awb-padding-left:25px;--awb-border-size:1px;--awb-icon-size:18px;--awb-content-font-size:16px;--awb-content-line-height:1.6;--awb-icon-alignment:left;--awb-hover-color:rgba(255,255,255,0);--awb-border-color:var(--awb-color4);--awb-background-color:rgba(255,255,255,0);--awb-divider-color:var(--awb-color3);--awb-divider-hover-color:var(--awb-color3);--awb-icon-color:var(--awb-color4);--awb-title-color:var(--awb-color5);--awb-content-color:var(--awb-color4);--awb-icon-box-color:var(--awb-color8);--awb-toggle-hover-accent-color:var(--awb-color4);--awb-toggle-active-accent-color:var(--awb-color4);--awb-title-font-family:var(--awb-typography1-font-family);--awb-title-font-weight:var(--awb-typography1-font-weight);--awb-title-font-style:var(--awb-typography1-font-style);--awb-title-font-size:16px;--awb-title-letter-spacing:var(--awb-typography1-letter-spacing);--awb-title-line-height:var(--awb-typography1-line-height);--awb-content-font-family:var(--awb-typography4-font-family);--awb-content-font-weight:var(--awb-typography4-font-weight);--awb-content-font-style:var(--awb-typography4-font-style);\"><div class=\"panel-group fusion-toggle-icon-unboxed\" id=\"accordion-15927-1\"><div class=\"fusion-panel panel-default panel-eef03a30e9cc70578 fusion-toggle-no-divider\"><div class=\"panel-heading\"><h4 class=\"panel-title toggle\" id=\"toggle_eef03a30e9cc70578\"><a aria-expanded=\"false\" aria-controls=\"eef03a30e9cc70578\" role=\"button\" data-toggle=\"collapse\" data-parent=\"#accordion-15927-1\" data-target=\"#eef03a30e9cc70578\" href=\"#eef03a30e9cc70578\"><span class=\"fusion-toggle-icon-wrapper\" aria-hidden=\"true\"><i class=\"fa-fusion-box active-icon fa-angle-down fas\" aria-hidden=\"true\"><\/i><i class=\"fa-fusion-box inactive-icon fa-angle-right fas\" aria-hidden=\"true\"><\/i><\/span><span class=\"fusion-toggle-heading\">Architektur<\/span><\/a><\/h4><\/div><div id=\"eef03a30e9cc70578\" class=\"panel-collapse collapse \" aria-labelledby=\"toggle_eef03a30e9cc70578\"><div class=\"panel-body toggle-content fusion-clearfix\">\n<p>Entwicklung von architektonischen Studien und Projekten von der Konzeption der Idee bis zur endg\u00fcltigen Ausf\u00fchrung des Werks in mehreren Phasen, darunter:<\/p>\n<ul>\n<li>Erste Recherche und Analyse<\/li>\n<li>Entwurf und Vorstudie<\/li>\n<li>Projektentwicklung f\u00fcr Lizenzierung und Genehmigung (Lizenzierungsprojektphase)<\/li>\n<li>Projektentwicklung f\u00fcr die Budgetierung (Ausf\u00fchrungsprojektphase)<\/li>\n<\/ul>\n<\/div><\/div><\/div><div class=\"fusion-panel panel-default panel-d1f8d84a7d0455a55 fusion-toggle-no-divider\"><div class=\"panel-heading\"><h4 class=\"panel-title toggle\" id=\"toggle_d1f8d84a7d0455a55\"><a aria-expanded=\"false\" aria-controls=\"d1f8d84a7d0455a55\" role=\"button\" data-toggle=\"collapse\" data-parent=\"#accordion-15927-1\" data-target=\"#d1f8d84a7d0455a55\" href=\"#d1f8d84a7d0455a55\"><span class=\"fusion-toggle-icon-wrapper\" aria-hidden=\"true\"><i class=\"fa-fusion-box active-icon fa-angle-down fas\" aria-hidden=\"true\"><\/i><i class=\"fa-fusion-box inactive-icon fa-angle-right fas\" aria-hidden=\"true\"><\/i><\/span><span class=\"fusion-toggle-heading\">Technik<\/span><\/a><\/h4><\/div><div id=\"d1f8d84a7d0455a55\" class=\"panel-collapse collapse \" aria-labelledby=\"toggle_d1f8d84a7d0455a55\"><div class=\"panel-body toggle-content fusion-clearfix\">\n<p>Entwicklung aller technischen und landschaftlichen Projekte in der Genehmigungs- und Ausf\u00fchrungsphase.<\/p>\n<ul>\n<li>Projekt strukturieren<\/li>\n<li>Projekte f\u00fcr technische Anlagen\n<ul>\n<li>Elektrizit\u00e4t und Telekommunikation<\/li>\n<li>Hydraulisch (Wasser und Kanalisation)<\/li>\n<li>HVAC (Heizung, L\u00fcftung und Klimatisierung)<\/li>\n<li>Gasnetz<\/li>\n<li>Thermische \/ energetische Zertifizierung von REH \/ RECS<\/li>\n<li>Akustik<\/li>\n<\/ul>\n<\/li>\n<li>Landschaft<\/li>\n<\/ul>\n<\/div><\/div><\/div><div class=\"fusion-panel panel-default panel-2f98b9c0bfb8b6357 fusion-toggle-no-divider\"><div class=\"panel-heading\"><h4 class=\"panel-title toggle\" id=\"toggle_2f98b9c0bfb8b6357\"><a aria-expanded=\"false\" aria-controls=\"2f98b9c0bfb8b6357\" role=\"button\" data-toggle=\"collapse\" data-parent=\"#accordion-15927-1\" data-target=\"#2f98b9c0bfb8b6357\" href=\"#2f98b9c0bfb8b6357\"><span class=\"fusion-toggle-icon-wrapper\" aria-hidden=\"true\"><i class=\"fa-fusion-box active-icon fa-angle-down fas\" aria-hidden=\"true\"><\/i><i class=\"fa-fusion-box inactive-icon fa-angle-right fas\" aria-hidden=\"true\"><\/i><\/span><span class=\"fusion-toggle-heading\">Projekt-Koordination<\/span><\/a><\/h4><\/div><div id=\"2f98b9c0bfb8b6357\" class=\"panel-collapse collapse \" aria-labelledby=\"toggle_2f98b9c0bfb8b6357\"><div class=\"panel-body toggle-content fusion-clearfix\">\n<ul>\n<li>Die Projektkoordination gew\u00e4hrleistet alle Aspekte des Entwurfsprozesses, sowohl f\u00fcr die Genehmigungs- als auch f\u00fcr die Bauphase.<\/li>\n<li>W\u00e4hrend des Entwurfsprozesses der verschiedenen Projekte wird das Konzept des integrierten Projektmanagements umgesetzt, um sicherzustellen, dass alle Projekte in einer integrierten und kompatiblen Art und Weise entwickelt werden, die es erm\u00f6glicht, ein ausgewogenes Kosten-Qualit\u00e4ts-Verh\u00e4ltnis zu erreichen und innerhalb des vom Bauherrn festgelegten Budgetrahmens zu bleiben, so dass wesentliche \u00c4nderungen in sp\u00e4teren Phasen, die zu kostspieligen &#8222;\u00dcberraschungen&#8220; f\u00fchren k\u00f6nnen, vermieden werden.<\/li>\n<li>Aktionen, die w\u00e4hrend der Projektkoordination durchgef\u00fchrt werden:\n<ul>\n<li>Programm-Definition<\/li>\n<li>Analyse der Projektl\u00f6sung<\/li>\n<li>Kontrolle der L\u00f6sungskosten<\/li>\n<li>Bewertung m\u00f6glicher alternativer L\u00f6sungen<\/li>\n<li>Optimierung und Kompatibilit\u00e4t der L\u00f6sungen<\/li>\n<li>H\u00e4ufige Aktualisierung und Integration von L\u00f6sungen zwischen verschiedenen Projekten<\/li>\n<\/ul>\n<\/li>\n<\/ul>\n<\/div><\/div><\/div><div class=\"fusion-panel panel-default panel-c0633301229d5836f fusion-toggle-no-divider\"><div class=\"panel-heading\"><h4 class=\"panel-title toggle\" id=\"toggle_c0633301229d5836f\"><a aria-expanded=\"false\" aria-controls=\"c0633301229d5836f\" role=\"button\" data-toggle=\"collapse\" data-parent=\"#accordion-15927-1\" data-target=\"#c0633301229d5836f\" href=\"#c0633301229d5836f\"><span class=\"fusion-toggle-icon-wrapper\" aria-hidden=\"true\"><i class=\"fa-fusion-box active-icon fa-angle-down fas\" aria-hidden=\"true\"><\/i><i class=\"fa-fusion-box inactive-icon fa-angle-right fas\" aria-hidden=\"true\"><\/i><\/span><span class=\"fusion-toggle-heading\">Baumanagement<\/span><\/a><\/h4><\/div><div id=\"c0633301229d5836f\" class=\"panel-collapse collapse \" aria-labelledby=\"toggle_c0633301229d5836f\"><div class=\"panel-body toggle-content fusion-clearfix\">\n<ul>\n<li><span style=\"color: #000000;\">Das Baumanagement (Koordination, \u00dcberwachung und technische Kontrolle) soll im Wesentlichen die Ausf\u00fchrung des Projekts gem\u00e4\u00df den Bauunterlagen in Qualit\u00e4t, Zeit- und Kostenrahmen gew\u00e4hrleisten.<\/span><\/li>\n<li><span style=\"color: #000000;\">Im Allgemeinen umfasst das Baumanagement je nach Art und Besonderheit des Projekts folgende Leistungen:<\/span>\n<ul>\n<li><span style=\"color: #000000;\">Ausschreibungsverfahren (Analyse und Vergleich von Angeboten; Verhandlung und Auftragsvergabe)<\/span><\/li>\n<li><span style=\"color: #000000;\">Qualit\u00e4t der Ausf\u00fchrung und Planungskontrolle<\/span><\/li>\n<li><span style=\"color: #000000;\">Bewertung der Baukosten \/ Budgetkontrolle<\/span><\/li>\n<li><span style=\"color: #000000;\">Administrative Koordination<\/span><\/li>\n<\/ul>\n<\/li>\n<li><span style=\"color: #000000;\">Au\u00dferdem wird der Baukostenrechnung besondere Aufmerksamkeit geschenkt, und zwar in den folgenden Bereichen:<\/span>\n<ul>\n<li><span style=\"color: #000000;\">Preisrevisionsanalyse, falls zutreffend<\/span><\/li>\n<li><span style=\"color: #000000;\">Quantitative Kontrolle von Materialien und Arbeiten w\u00e4hrend des Baus<\/span><\/li>\n<li><span style=\"color: #000000;\">Kostensch\u00e4tzung f\u00fcr zus\u00e4tzliche Arbeiten (nicht im Vertrag)<\/span><\/li>\n<li><span style=\"color: #000000;\">Finanzielles Chronogramm des Projekts<\/span><\/li>\n<\/ul>\n<\/li>\n<li><span style=\"color: #000000;\">Ebenso wichtig ist es, den Eigent\u00fcmer\/Bauherrn w\u00e4hrend aller Bauphasen zu beraten und \u00fcber die Entwicklung der Ereignisse auf dem Laufenden zu halten.<\/span><\/li>\n<\/ul>\n<\/div><\/div><\/div><\/div><\/div><\/div><\/div><\/div><\/div><\/div><\/div>\n","protected":false},"excerpt":{"rendered":"","protected":false},"author":2,"featured_media":0,"parent":0,"menu_order":0,"comment_status":"closed","ping_status":"closed","template":"100-width.php","meta":{"_acf_changed":false,"footnotes":""},"class_list":["post-15927","page","type-page","status-publish","hentry"],"acf":[],"yoast_head":"<!-- This site is optimized with the Yoast SEO plugin v27.4 - https:\/\/yoast.com\/product\/yoast-seo-wordpress\/ -->\n<title>Dienstleistungen | Gon\u00e7alo Bonniz Arquitectos<\/title>\n<meta name=\"description\" content=\"Unsere Dienstleistungen umfassen innovative architektonische L\u00f6sungen, die auf Ihre Bed\u00fcrfnisse zugeschnitten sind, sowie Engineering, Projektkoordination und Baumanagement.\" \/>\n<meta name=\"robots\" content=\"index, follow, max-snippet:-1, max-image-preview:large, max-video-preview:-1\" \/>\n<link rel=\"canonical\" href=\"https:\/\/staging.gbarquitectos.pt\/de\/dienstleistungen\/\" \/>\n<meta property=\"og:locale\" content=\"de_DE\" \/>\n<meta property=\"og:type\" content=\"article\" \/>\n<meta property=\"og:title\" content=\"Dienstleistungen | Gon\u00e7alo Bonniz Arquitectos\" \/>\n<meta property=\"og:description\" content=\"Unsere Dienstleistungen umfassen innovative architektonische L\u00f6sungen, die auf Ihre Bed\u00fcrfnisse zugeschnitten sind, sowie Engineering, Projektkoordination und Baumanagement.\" \/>\n<meta property=\"og:url\" content=\"https:\/\/staging.gbarquitectos.pt\/de\/dienstleistungen\/\" \/>\n<meta property=\"og:site_name\" content=\"gbarquitectos\" \/>\n<meta property=\"article:modified_time\" content=\"2025-03-27T00:49:47+00:00\" \/>\n<meta name=\"twitter:card\" content=\"summary_large_image\" \/>\n<meta name=\"twitter:label1\" content=\"Gesch\u00e4tzte Lesezeit\" \/>\n\t<meta name=\"twitter:data1\" content=\"7\u00a0Minuten\" \/>\n<script type=\"application\/ld+json\" class=\"yoast-schema-graph\">{\"@context\":\"https:\\\/\\\/schema.org\",\"@graph\":[{\"@type\":\"WebPage\",\"@id\":\"https:\\\/\\\/staging.gbarquitectos.pt\\\/de\\\/dienstleistungen\\\/\",\"url\":\"https:\\\/\\\/staging.gbarquitectos.pt\\\/de\\\/dienstleistungen\\\/\",\"name\":\"Dienstleistungen | Gon\u00e7alo Bonniz Arquitectos\",\"isPartOf\":{\"@id\":\"https:\\\/\\\/staging.gbarquitectos.pt\\\/de\\\/#website\"},\"datePublished\":\"2024-09-28T13:20:32+00:00\",\"dateModified\":\"2025-03-27T00:49:47+00:00\",\"description\":\"Unsere Dienstleistungen umfassen innovative architektonische L\u00f6sungen, die auf Ihre Bed\u00fcrfnisse zugeschnitten sind, sowie Engineering, Projektkoordination und Baumanagement.\",\"breadcrumb\":{\"@id\":\"https:\\\/\\\/staging.gbarquitectos.pt\\\/de\\\/dienstleistungen\\\/#breadcrumb\"},\"inLanguage\":\"de\",\"potentialAction\":[{\"@type\":\"ReadAction\",\"target\":[\"https:\\\/\\\/staging.gbarquitectos.pt\\\/de\\\/dienstleistungen\\\/\"]}]},{\"@type\":\"BreadcrumbList\",\"@id\":\"https:\\\/\\\/staging.gbarquitectos.pt\\\/de\\\/dienstleistungen\\\/#breadcrumb\",\"itemListElement\":[{\"@type\":\"ListItem\",\"position\":1,\"name\":\"Home\",\"item\":\"https:\\\/\\\/staging.gbarquitectos.pt\\\/de\\\/zuhause\\\/\"},{\"@type\":\"ListItem\",\"position\":2,\"name\":\"Dienstleistungen\"}]},{\"@type\":\"WebSite\",\"@id\":\"https:\\\/\\\/staging.gbarquitectos.pt\\\/de\\\/#website\",\"url\":\"https:\\\/\\\/staging.gbarquitectos.pt\\\/de\\\/\",\"name\":\"gbarquitectos\",\"description\":\"Gon\u00e7alo Bonniz Arquitectos\",\"publisher\":{\"@id\":\"https:\\\/\\\/staging.gbarquitectos.pt\\\/de\\\/#organization\"},\"potentialAction\":[{\"@type\":\"SearchAction\",\"target\":{\"@type\":\"EntryPoint\",\"urlTemplate\":\"https:\\\/\\\/staging.gbarquitectos.pt\\\/de\\\/?s={search_term_string}\"},\"query-input\":{\"@type\":\"PropertyValueSpecification\",\"valueRequired\":true,\"valueName\":\"search_term_string\"}}],\"inLanguage\":\"de\"},{\"@type\":\"Organization\",\"@id\":\"https:\\\/\\\/staging.gbarquitectos.pt\\\/de\\\/#organization\",\"name\":\"Gon\u00e7alo Bonniz Arquitectos\",\"url\":\"https:\\\/\\\/staging.gbarquitectos.pt\\\/de\\\/\",\"logo\":{\"@type\":\"ImageObject\",\"inLanguage\":\"de\",\"@id\":\"https:\\\/\\\/staging.gbarquitectos.pt\\\/de\\\/#\\\/schema\\\/logo\\\/image\\\/\",\"url\":\"https:\\\/\\\/staging.gbarquitectos.pt\\\/wp-content\\\/uploads\\\/2020\\\/09\\\/gbarq_logo-transp.png\",\"contentUrl\":\"https:\\\/\\\/staging.gbarquitectos.pt\\\/wp-content\\\/uploads\\\/2020\\\/09\\\/gbarq_logo-transp.png\",\"width\":5130,\"height\":803,\"caption\":\"Gon\u00e7alo Bonniz Arquitectos\"},\"image\":{\"@id\":\"https:\\\/\\\/staging.gbarquitectos.pt\\\/de\\\/#\\\/schema\\\/logo\\\/image\\\/\"},\"sameAs\":[\"https:\\\/\\\/www.linkedin.com\\\/in\\\/gonalo-bonniz-4259a527\",\"https:\\\/\\\/www.instagram.com\\\/gb.arquitectos\"]}]}<\/script>\n<!-- \/ Yoast SEO plugin. -->","yoast_head_json":{"title":"Dienstleistungen | Gon\u00e7alo Bonniz Arquitectos","description":"Unsere Dienstleistungen umfassen innovative architektonische L\u00f6sungen, die auf Ihre Bed\u00fcrfnisse zugeschnitten sind, sowie Engineering, Projektkoordination und Baumanagement.","robots":{"index":"index","follow":"follow","max-snippet":"max-snippet:-1","max-image-preview":"max-image-preview:large","max-video-preview":"max-video-preview:-1"},"canonical":"https:\/\/staging.gbarquitectos.pt\/de\/dienstleistungen\/","og_locale":"de_DE","og_type":"article","og_title":"Dienstleistungen | Gon\u00e7alo Bonniz Arquitectos","og_description":"Unsere Dienstleistungen umfassen innovative architektonische L\u00f6sungen, die auf Ihre Bed\u00fcrfnisse zugeschnitten sind, sowie Engineering, Projektkoordination und Baumanagement.","og_url":"https:\/\/staging.gbarquitectos.pt\/de\/dienstleistungen\/","og_site_name":"gbarquitectos","article_modified_time":"2025-03-27T00:49:47+00:00","twitter_card":"summary_large_image","twitter_misc":{"Gesch\u00e4tzte Lesezeit":"7\u00a0Minuten"},"schema":{"@context":"https:\/\/schema.org","@graph":[{"@type":"WebPage","@id":"https:\/\/staging.gbarquitectos.pt\/de\/dienstleistungen\/","url":"https:\/\/staging.gbarquitectos.pt\/de\/dienstleistungen\/","name":"Dienstleistungen | Gon\u00e7alo Bonniz Arquitectos","isPartOf":{"@id":"https:\/\/staging.gbarquitectos.pt\/de\/#website"},"datePublished":"2024-09-28T13:20:32+00:00","dateModified":"2025-03-27T00:49:47+00:00","description":"Unsere Dienstleistungen umfassen innovative architektonische L\u00f6sungen, die auf Ihre Bed\u00fcrfnisse zugeschnitten sind, sowie Engineering, Projektkoordination und Baumanagement.","breadcrumb":{"@id":"https:\/\/staging.gbarquitectos.pt\/de\/dienstleistungen\/#breadcrumb"},"inLanguage":"de","potentialAction":[{"@type":"ReadAction","target":["https:\/\/staging.gbarquitectos.pt\/de\/dienstleistungen\/"]}]},{"@type":"BreadcrumbList","@id":"https:\/\/staging.gbarquitectos.pt\/de\/dienstleistungen\/#breadcrumb","itemListElement":[{"@type":"ListItem","position":1,"name":"Home","item":"https:\/\/staging.gbarquitectos.pt\/de\/zuhause\/"},{"@type":"ListItem","position":2,"name":"Dienstleistungen"}]},{"@type":"WebSite","@id":"https:\/\/staging.gbarquitectos.pt\/de\/#website","url":"https:\/\/staging.gbarquitectos.pt\/de\/","name":"gbarquitectos","description":"Gon\u00e7alo Bonniz Arquitectos","publisher":{"@id":"https:\/\/staging.gbarquitectos.pt\/de\/#organization"},"potentialAction":[{"@type":"SearchAction","target":{"@type":"EntryPoint","urlTemplate":"https:\/\/staging.gbarquitectos.pt\/de\/?s={search_term_string}"},"query-input":{"@type":"PropertyValueSpecification","valueRequired":true,"valueName":"search_term_string"}}],"inLanguage":"de"},{"@type":"Organization","@id":"https:\/\/staging.gbarquitectos.pt\/de\/#organization","name":"Gon\u00e7alo Bonniz Arquitectos","url":"https:\/\/staging.gbarquitectos.pt\/de\/","logo":{"@type":"ImageObject","inLanguage":"de","@id":"https:\/\/staging.gbarquitectos.pt\/de\/#\/schema\/logo\/image\/","url":"https:\/\/staging.gbarquitectos.pt\/wp-content\/uploads\/2020\/09\/gbarq_logo-transp.png","contentUrl":"https:\/\/staging.gbarquitectos.pt\/wp-content\/uploads\/2020\/09\/gbarq_logo-transp.png","width":5130,"height":803,"caption":"Gon\u00e7alo Bonniz Arquitectos"},"image":{"@id":"https:\/\/staging.gbarquitectos.pt\/de\/#\/schema\/logo\/image\/"},"sameAs":["https:\/\/www.linkedin.com\/in\/gonalo-bonniz-4259a527","https:\/\/www.instagram.com\/gb.arquitectos"]}]}},"_links":{"self":[{"href":"https:\/\/staging.gbarquitectos.pt\/de\/wp-json\/wp\/v2\/pages\/15927","targetHints":{"allow":["GET"]}}],"collection":[{"href":"https:\/\/staging.gbarquitectos.pt\/de\/wp-json\/wp\/v2\/pages"}],"about":[{"href":"https:\/\/staging.gbarquitectos.pt\/de\/wp-json\/wp\/v2\/types\/page"}],"author":[{"embeddable":true,"href":"https:\/\/staging.gbarquitectos.pt\/de\/wp-json\/wp\/v2\/users\/2"}],"replies":[{"embeddable":true,"href":"https:\/\/staging.gbarquitectos.pt\/de\/wp-json\/wp\/v2\/comments?post=15927"}],"version-history":[{"count":2,"href":"https:\/\/staging.gbarquitectos.pt\/de\/wp-json\/wp\/v2\/pages\/15927\/revisions"}],"predecessor-version":[{"id":15936,"href":"https:\/\/staging.gbarquitectos.pt\/de\/wp-json\/wp\/v2\/pages\/15927\/revisions\/15936"}],"wp:attachment":[{"href":"https:\/\/staging.gbarquitectos.pt\/de\/wp-json\/wp\/v2\/media?parent=15927"}],"curies":[{"name":"wp","href":"https:\/\/api.w.org\/{rel}","templated":true}]}}