{"id":16177,"date":"2024-09-28T14:33:47","date_gmt":"2024-09-28T13:33:47","guid":{"rendered":"https:\/\/staging.gbarquitectos.pt\/ueber\/"},"modified":"2025-03-27T00:55:46","modified_gmt":"2025-03-27T00:55:46","slug":"ueber","status":"publish","type":"page","link":"https:\/\/staging.gbarquitectos.pt\/de\/ueber\/","title":{"rendered":"\u00fcber"},"content":{"rendered":"<div id=\"Dienstleistungen\" class=\"fusion-container-anchor\"><div class=\"fusion-fullwidth fullwidth-box fusion-builder-row-1 fusion-flex-container has-pattern-background has-mask-background fusion-parallax-none hundred-percent-fullwidth hundred-percent-height hundred-percent-height-center-content non-hundred-percent-height-scrolling\" style=\"--awb-background-position:center bottom;--awb-background-repeat:repeat-y;--awb-background-blend-mode:overlay;--awb-border-radius-top-left:0px;--awb-border-radius-top-right:0px;--awb-border-radius-bottom-right:0px;--awb-border-radius-bottom-left:0px;--awb-padding-top:200px;--awb-padding-right:5.5%;--awb-padding-bottom:0px;--awb-padding-left:5.5%;--awb-padding-top-small:85px;--awb-margin-top:-116px;--awb-margin-bottom:0px;--awb-margin-top-small:0px;--awb-margin-bottom-small:0px;--awb-background-color:rgba(238,237,229,0.9);--awb-background-image:url(&quot;https:\/\/staging.gbarquitectos.pt\/wp-content\/uploads\/2024\/08\/House-in-Grandola-FDP-28.jpg&quot;);--awb-background-size:cover;--awb-flex-wrap:wrap;\" data-preload-img=\"https:\/\/staging.gbarquitectos.pt\/wp-content\/uploads\/2024\/08\/House-in-Grandola-FDP-28.jpg\" ><div class=\"fusion-builder-row fusion-row fusion-flex-align-items-flex-start fusion-flex-align-content-flex-start fusion-flex-content-wrap\" style=\"width:104% !important;max-width:104% !important;margin-left: calc(-4% \/ 2 );margin-right: calc(-4% \/ 2 );\"><div class=\"fusion-layout-column fusion_builder_column fusion-builder-column-0 fusion_builder_column_1_1 1_1 fusion-flex-column fusion-flex-align-self-flex-start\" style=\"--awb-bg-size:cover;--awb-width-large:100%;--awb-margin-top-large:0px;--awb-spacing-right-large:0%;--awb-margin-bottom-large:0px;--awb-spacing-left-large:0%;--awb-width-medium:100%;--awb-order-medium:0;--awb-spacing-right-medium:1.92%;--awb-spacing-left-medium:1.92%;--awb-width-small:100%;--awb-order-small:0;--awb-spacing-right-small:1.92%;--awb-spacing-left-small:1.92%;\"><div class=\"fusion-column-wrapper fusion-column-has-shadow fusion-flex-justify-content-flex-start fusion-content-layout-column\"><div class=\"fusion-title title fusion-title-1 fusion-title-text fusion-title-size-three\" style=\"--awb-margin-bottom:25px;--awb-margin-top-small:0px;--awb-margin-right-small:0px;--awb-margin-bottom-small:20px;--awb-margin-left-small:0px;\"><div class=\"title-sep-container title-sep-container-left fusion-no-large-visibility fusion-no-medium-visibility fusion-no-small-visibility\"><div class=\"title-sep sep- sep-solid\" style=\"border-color:hsla(var(--awb-color2-h),var(--awb-color2-s),var(--awb-color2-l),calc( var(--awb-color2-a) - 10% ));\"><\/div><\/div><span class=\"awb-title-spacer fusion-no-large-visibility fusion-no-medium-visibility fusion-no-small-visibility\"><\/span><h3 class=\"fusion-title-heading title-heading-left\" style=\"margin:0;\"><b>\u00fcber<\/b><\/h3><span class=\"awb-title-spacer\"><\/span><div class=\"title-sep-container title-sep-container-right\"><div class=\"title-sep sep- sep-solid\" style=\"border-color:hsla(var(--awb-color2-h),var(--awb-color2-s),var(--awb-color2-l),calc( var(--awb-color2-a) - 10% ));\"><\/div><\/div><\/div><div class=\"fusion-text fusion-text-1\" style=\"--awb-line-height:1.2;\"><div class=\"ql-block\" data-block-id=\"block-2330090a-0ade-4918-a8e9-9804193cc62b\">\n<p>Gon\u00e7alo Bonniz wurde 1967 in Lissabon geboren. Er erwarb 1989 am Central Ohio Technical College einen Abschluss als Bauzeichner und Konstrukteur und 1996 an der Lusiada Universit\u00e4t in Lissabon einen M. Arch, seitdem ist er Mitglied des portugiesischen Architektenordens.<\/p>\n<p>Schon in jungen Jahren arbeitete er mit einem multidisziplin\u00e4ren Team von Architekten und Ingenieuren zusammen und vertiefte dabei seine Kenntnisse im integrierten Projekt- und Designmanagement. Anschlie\u00dfend entwickelt und koordiniert er mehrere Projekte in verschiedenen Bereichen wie Altbausanierung, Wohnungsbau, B\u00fcrogeb\u00e4ude, touristische Entwicklungen usw.<\/p>\n<p>Im Laufe seiner beruflichen Laufbahn erwarb er spezifische Kenntnisse in verschiedenen Themenbereichen, von denen er die touristischen Immobilien hervorheben m\u00f6chte, da er in der Vergangenheit Erfahrungen bei einigen der gr\u00f6\u00dften portugiesischen Unternehmen gesammelt hat.<\/p>\n<p>Im Jahr 2015 wurde<b> gon\u00e7alobonniz arquitectos<\/b> gegr\u00fcndet, ein B\u00fcro, das sich auf die enge Zusammenarbeit mit seinen Kunden konzentriert, um die besten integrierten L\u00f6sungen zu liefern, die durch eine interaktive und permanente Zusammenarbeit erreicht werden.<\/p>\n<p>Sein B\u00fcro bietet st\u00e4ndige Unterst\u00fctzung von der konzeptionellen Entwicklung und dem Entwurf des Projekts \u00fcber den Bau bis hin zur Fertigstellung.<\/p>\n<\/div>\n<\/div><div class=\"fusion-content-boxes content-boxes columns row fusion-columns-4 fusion-columns-total-0 fusion-content-boxes-1 content-boxes-icon-on-top content-left\" style=\"--awb-hover-accent-color:var(--awb-color4);--awb-circle-hover-accent-color:var(--awb-color4);\" data-animationOffset=\"top-into-view\"><div class=\"fusion-clearfix\"><\/div><\/div><\/div><\/div><\/div><\/div><\/div>\n","protected":false},"excerpt":{"rendered":"","protected":false},"author":2,"featured_media":0,"parent":0,"menu_order":0,"comment_status":"closed","ping_status":"closed","template":"100-width.php","meta":{"_acf_changed":false,"footnotes":""},"class_list":["post-16177","page","type-page","status-publish","hentry"],"acf":[],"yoast_head":"<!-- This site is optimized with the Yoast SEO plugin v27.4 - https:\/\/yoast.com\/product\/yoast-seo-wordpress\/ -->\n<title>\u00dcber Gon\u00e7alo Bonniz | gbarquitetos<\/title>\n<meta name=\"description\" content=\"Gon\u00e7alo Bonniz hat ein B\u00fcro gegr\u00fcndet, das sich darauf konzentriert, durch eine interaktive und permanente Zusammenarbeit die besten integrierten L\u00f6sungen anzubieten.\" \/>\n<meta name=\"robots\" content=\"index, follow, max-snippet:-1, max-image-preview:large, max-video-preview:-1\" \/>\n<link rel=\"canonical\" href=\"https:\/\/staging.gbarquitectos.pt\/de\/ueber\/\" \/>\n<meta property=\"og:locale\" content=\"de_DE\" \/>\n<meta property=\"og:type\" content=\"article\" \/>\n<meta property=\"og:title\" content=\"\u00dcber Gon\u00e7alo Bonniz | gbarquitetos\" \/>\n<meta property=\"og:description\" content=\"Gon\u00e7alo Bonniz hat ein B\u00fcro gegr\u00fcndet, das sich darauf konzentriert, durch eine interaktive und permanente Zusammenarbeit die besten integrierten L\u00f6sungen anzubieten.\" \/>\n<meta property=\"og:url\" content=\"https:\/\/staging.gbarquitectos.pt\/de\/ueber\/\" \/>\n<meta property=\"og:site_name\" content=\"gbarquitectos\" \/>\n<meta property=\"article:modified_time\" content=\"2025-03-27T00:55:46+00:00\" \/>\n<meta name=\"twitter:card\" content=\"summary_large_image\" \/>\n<meta name=\"twitter:label1\" content=\"Gesch\u00e4tzte Lesezeit\" \/>\n\t<meta name=\"twitter:data1\" content=\"5\u00a0Minuten\" \/>\n<script type=\"application\/ld+json\" class=\"yoast-schema-graph\">{\"@context\":\"https:\\\/\\\/schema.org\",\"@graph\":[{\"@type\":\"WebPage\",\"@id\":\"https:\\\/\\\/staging.gbarquitectos.pt\\\/de\\\/ueber\\\/\",\"url\":\"https:\\\/\\\/staging.gbarquitectos.pt\\\/de\\\/ueber\\\/\",\"name\":\"\u00dcber Gon\u00e7alo Bonniz | gbarquitetos\",\"isPartOf\":{\"@id\":\"https:\\\/\\\/staging.gbarquitectos.pt\\\/de\\\/#website\"},\"datePublished\":\"2024-09-28T13:33:47+00:00\",\"dateModified\":\"2025-03-27T00:55:46+00:00\",\"description\":\"Gon\u00e7alo Bonniz hat ein B\u00fcro gegr\u00fcndet, das sich darauf konzentriert, durch eine interaktive und permanente Zusammenarbeit die besten integrierten L\u00f6sungen anzubieten.\",\"breadcrumb\":{\"@id\":\"https:\\\/\\\/staging.gbarquitectos.pt\\\/de\\\/ueber\\\/#breadcrumb\"},\"inLanguage\":\"de\",\"potentialAction\":[{\"@type\":\"ReadAction\",\"target\":[\"https:\\\/\\\/staging.gbarquitectos.pt\\\/de\\\/ueber\\\/\"]}]},{\"@type\":\"BreadcrumbList\",\"@id\":\"https:\\\/\\\/staging.gbarquitectos.pt\\\/de\\\/ueber\\\/#breadcrumb\",\"itemListElement\":[{\"@type\":\"ListItem\",\"position\":1,\"name\":\"Home\",\"item\":\"https:\\\/\\\/staging.gbarquitectos.pt\\\/de\\\/zuhause\\\/\"},{\"@type\":\"ListItem\",\"position\":2,\"name\":\"\u00fcber\"}]},{\"@type\":\"WebSite\",\"@id\":\"https:\\\/\\\/staging.gbarquitectos.pt\\\/de\\\/#website\",\"url\":\"https:\\\/\\\/staging.gbarquitectos.pt\\\/de\\\/\",\"name\":\"gbarquitectos\",\"description\":\"Gon\u00e7alo Bonniz Arquitectos\",\"publisher\":{\"@id\":\"https:\\\/\\\/staging.gbarquitectos.pt\\\/de\\\/#organization\"},\"potentialAction\":[{\"@type\":\"SearchAction\",\"target\":{\"@type\":\"EntryPoint\",\"urlTemplate\":\"https:\\\/\\\/staging.gbarquitectos.pt\\\/de\\\/?s={search_term_string}\"},\"query-input\":{\"@type\":\"PropertyValueSpecification\",\"valueRequired\":true,\"valueName\":\"search_term_string\"}}],\"inLanguage\":\"de\"},{\"@type\":\"Organization\",\"@id\":\"https:\\\/\\\/staging.gbarquitectos.pt\\\/de\\\/#organization\",\"name\":\"Gon\u00e7alo Bonniz Arquitectos\",\"url\":\"https:\\\/\\\/staging.gbarquitectos.pt\\\/de\\\/\",\"logo\":{\"@type\":\"ImageObject\",\"inLanguage\":\"de\",\"@id\":\"https:\\\/\\\/staging.gbarquitectos.pt\\\/de\\\/#\\\/schema\\\/logo\\\/image\\\/\",\"url\":\"https:\\\/\\\/staging.gbarquitectos.pt\\\/wp-content\\\/uploads\\\/2020\\\/09\\\/gbarq_logo-transp.png\",\"contentUrl\":\"https:\\\/\\\/staging.gbarquitectos.pt\\\/wp-content\\\/uploads\\\/2020\\\/09\\\/gbarq_logo-transp.png\",\"width\":5130,\"height\":803,\"caption\":\"Gon\u00e7alo Bonniz Arquitectos\"},\"image\":{\"@id\":\"https:\\\/\\\/staging.gbarquitectos.pt\\\/de\\\/#\\\/schema\\\/logo\\\/image\\\/\"},\"sameAs\":[\"https:\\\/\\\/www.linkedin.com\\\/in\\\/gonalo-bonniz-4259a527\",\"https:\\\/\\\/www.instagram.com\\\/gb.arquitectos\"]}]}<\/script>\n<!-- \/ Yoast SEO plugin. -->","yoast_head_json":{"title":"\u00dcber Gon\u00e7alo Bonniz | gbarquitetos","description":"Gon\u00e7alo Bonniz hat ein B\u00fcro gegr\u00fcndet, das sich darauf konzentriert, durch eine interaktive und permanente Zusammenarbeit die besten integrierten L\u00f6sungen anzubieten.","robots":{"index":"index","follow":"follow","max-snippet":"max-snippet:-1","max-image-preview":"max-image-preview:large","max-video-preview":"max-video-preview:-1"},"canonical":"https:\/\/staging.gbarquitectos.pt\/de\/ueber\/","og_locale":"de_DE","og_type":"article","og_title":"\u00dcber Gon\u00e7alo Bonniz | gbarquitetos","og_description":"Gon\u00e7alo Bonniz hat ein B\u00fcro gegr\u00fcndet, das sich darauf konzentriert, durch eine interaktive und permanente Zusammenarbeit die besten integrierten L\u00f6sungen anzubieten.","og_url":"https:\/\/staging.gbarquitectos.pt\/de\/ueber\/","og_site_name":"gbarquitectos","article_modified_time":"2025-03-27T00:55:46+00:00","twitter_card":"summary_large_image","twitter_misc":{"Gesch\u00e4tzte Lesezeit":"5\u00a0Minuten"},"schema":{"@context":"https:\/\/schema.org","@graph":[{"@type":"WebPage","@id":"https:\/\/staging.gbarquitectos.pt\/de\/ueber\/","url":"https:\/\/staging.gbarquitectos.pt\/de\/ueber\/","name":"\u00dcber Gon\u00e7alo Bonniz | gbarquitetos","isPartOf":{"@id":"https:\/\/staging.gbarquitectos.pt\/de\/#website"},"datePublished":"2024-09-28T13:33:47+00:00","dateModified":"2025-03-27T00:55:46+00:00","description":"Gon\u00e7alo Bonniz hat ein B\u00fcro gegr\u00fcndet, das sich darauf konzentriert, durch eine interaktive und permanente Zusammenarbeit die besten integrierten L\u00f6sungen anzubieten.","breadcrumb":{"@id":"https:\/\/staging.gbarquitectos.pt\/de\/ueber\/#breadcrumb"},"inLanguage":"de","potentialAction":[{"@type":"ReadAction","target":["https:\/\/staging.gbarquitectos.pt\/de\/ueber\/"]}]},{"@type":"BreadcrumbList","@id":"https:\/\/staging.gbarquitectos.pt\/de\/ueber\/#breadcrumb","itemListElement":[{"@type":"ListItem","position":1,"name":"Home","item":"https:\/\/staging.gbarquitectos.pt\/de\/zuhause\/"},{"@type":"ListItem","position":2,"name":"\u00fcber"}]},{"@type":"WebSite","@id":"https:\/\/staging.gbarquitectos.pt\/de\/#website","url":"https:\/\/staging.gbarquitectos.pt\/de\/","name":"gbarquitectos","description":"Gon\u00e7alo Bonniz Arquitectos","publisher":{"@id":"https:\/\/staging.gbarquitectos.pt\/de\/#organization"},"potentialAction":[{"@type":"SearchAction","target":{"@type":"EntryPoint","urlTemplate":"https:\/\/staging.gbarquitectos.pt\/de\/?s={search_term_string}"},"query-input":{"@type":"PropertyValueSpecification","valueRequired":true,"valueName":"search_term_string"}}],"inLanguage":"de"},{"@type":"Organization","@id":"https:\/\/staging.gbarquitectos.pt\/de\/#organization","name":"Gon\u00e7alo Bonniz Arquitectos","url":"https:\/\/staging.gbarquitectos.pt\/de\/","logo":{"@type":"ImageObject","inLanguage":"de","@id":"https:\/\/staging.gbarquitectos.pt\/de\/#\/schema\/logo\/image\/","url":"https:\/\/staging.gbarquitectos.pt\/wp-content\/uploads\/2020\/09\/gbarq_logo-transp.png","contentUrl":"https:\/\/staging.gbarquitectos.pt\/wp-content\/uploads\/2020\/09\/gbarq_logo-transp.png","width":5130,"height":803,"caption":"Gon\u00e7alo Bonniz Arquitectos"},"image":{"@id":"https:\/\/staging.gbarquitectos.pt\/de\/#\/schema\/logo\/image\/"},"sameAs":["https:\/\/www.linkedin.com\/in\/gonalo-bonniz-4259a527","https:\/\/www.instagram.com\/gb.arquitectos"]}]}},"_links":{"self":[{"href":"https:\/\/staging.gbarquitectos.pt\/de\/wp-json\/wp\/v2\/pages\/16177","targetHints":{"allow":["GET"]}}],"collection":[{"href":"https:\/\/staging.gbarquitectos.pt\/de\/wp-json\/wp\/v2\/pages"}],"about":[{"href":"https:\/\/staging.gbarquitectos.pt\/de\/wp-json\/wp\/v2\/types\/page"}],"author":[{"embeddable":true,"href":"https:\/\/staging.gbarquitectos.pt\/de\/wp-json\/wp\/v2\/users\/2"}],"replies":[{"embeddable":true,"href":"https:\/\/staging.gbarquitectos.pt\/de\/wp-json\/wp\/v2\/comments?post=16177"}],"version-history":[{"count":8,"href":"https:\/\/staging.gbarquitectos.pt\/de\/wp-json\/wp\/v2\/pages\/16177\/revisions"}],"predecessor-version":[{"id":16208,"href":"https:\/\/staging.gbarquitectos.pt\/de\/wp-json\/wp\/v2\/pages\/16177\/revisions\/16208"}],"wp:attachment":[{"href":"https:\/\/staging.gbarquitectos.pt\/de\/wp-json\/wp\/v2\/media?parent=16177"}],"curies":[{"name":"wp","href":"https:\/\/api.w.org\/{rel}","templated":true}]}}