{"id":15929,"date":"2024-09-28T14:33:47","date_gmt":"2024-09-28T13:33:47","guid":{"rendered":"https:\/\/staging.gbarquitectos.pt\/acerca-de\/"},"modified":"2025-03-27T00:49:47","modified_gmt":"2025-03-27T00:49:47","slug":"acerca-de","status":"publish","type":"page","link":"https:\/\/staging.gbarquitectos.pt\/es\/acerca-de\/","title":{"rendered":"acerca de"},"content":{"rendered":"<div id=\"servicios\" class=\"fusion-container-anchor\"><div class=\"fusion-fullwidth fullwidth-box fusion-builder-row-1 fusion-flex-container has-pattern-background has-mask-background fusion-parallax-none hundred-percent-fullwidth hundred-percent-height hundred-percent-height-center-content non-hundred-percent-height-scrolling\" style=\"--awb-background-position:center bottom;--awb-background-repeat:repeat-y;--awb-background-blend-mode:overlay;--awb-border-radius-top-left:0px;--awb-border-radius-top-right:0px;--awb-border-radius-bottom-right:0px;--awb-border-radius-bottom-left:0px;--awb-padding-top:200px;--awb-padding-right:5.5%;--awb-padding-bottom:0px;--awb-padding-left:5.5%;--awb-padding-top-small:85px;--awb-margin-top:-116px;--awb-margin-bottom:0px;--awb-margin-top-small:0px;--awb-margin-bottom-small:0px;--awb-background-color:rgba(238,237,229,0.9);--awb-background-image:url(&quot;https:\/\/staging.gbarquitectos.pt\/wp-content\/uploads\/2024\/08\/House-in-Grandola-FDP-28.jpg&quot;);--awb-background-size:cover;--awb-flex-wrap:wrap;\" data-preload-img=\"https:\/\/staging.gbarquitectos.pt\/wp-content\/uploads\/2024\/08\/House-in-Grandola-FDP-28.jpg\" ><div class=\"fusion-builder-row fusion-row fusion-flex-align-items-flex-start fusion-flex-align-content-flex-start fusion-flex-content-wrap\" style=\"width:104% !important;max-width:104% !important;margin-left: calc(-4% \/ 2 );margin-right: calc(-4% \/ 2 );\"><div class=\"fusion-layout-column fusion_builder_column fusion-builder-column-0 fusion_builder_column_1_1 1_1 fusion-flex-column fusion-flex-align-self-flex-start\" style=\"--awb-bg-size:cover;--awb-width-large:100%;--awb-margin-top-large:0px;--awb-spacing-right-large:0%;--awb-margin-bottom-large:0px;--awb-spacing-left-large:0%;--awb-width-medium:100%;--awb-order-medium:0;--awb-spacing-right-medium:1.92%;--awb-spacing-left-medium:1.92%;--awb-width-small:100%;--awb-order-small:0;--awb-spacing-right-small:1.92%;--awb-spacing-left-small:1.92%;\"><div class=\"fusion-column-wrapper fusion-column-has-shadow fusion-flex-justify-content-flex-start fusion-content-layout-column\"><div class=\"fusion-title title fusion-title-1 fusion-title-text fusion-title-size-three\" style=\"--awb-margin-bottom:25px;--awb-margin-top-small:0px;--awb-margin-right-small:0px;--awb-margin-bottom-small:20px;--awb-margin-left-small:0px;\"><div class=\"title-sep-container title-sep-container-left fusion-no-large-visibility fusion-no-medium-visibility fusion-no-small-visibility\"><div class=\"title-sep sep- sep-solid\" style=\"border-color:hsla(var(--awb-color2-h),var(--awb-color2-s),var(--awb-color2-l),calc( var(--awb-color2-a) - 10% ));\"><\/div><\/div><span class=\"awb-title-spacer fusion-no-large-visibility fusion-no-medium-visibility fusion-no-small-visibility\"><\/span><h3 class=\"fusion-title-heading title-heading-left\" style=\"margin:0;\"><b>acerca de<\/b><\/h3><span class=\"awb-title-spacer\"><\/span><div class=\"title-sep-container title-sep-container-right\"><div class=\"title-sep sep- sep-solid\" style=\"border-color:hsla(var(--awb-color2-h),var(--awb-color2-s),var(--awb-color2-l),calc( var(--awb-color2-a) - 10% ));\"><\/div><\/div><\/div><div class=\"fusion-text fusion-text-1\" style=\"--awb-line-height:1.2;\"><div class=\"ql-block\" data-block-id=\"block-2330090a-0ade-4918-a8e9-9804193cc62b\">\n<p>Gon\u00e7alo Bonniz naci\u00f3 en Lisboa en 1967. Se licenci\u00f3 en Delineaci\u00f3n y Dise\u00f1o en la especialidad de Construcci\u00f3n, en el Central Ohio Technical College en 1989 y obtuvo el M\u00e1ster en Arquitectura en la Universidad Lusiada de Lisboa en 1996, siendo miembro de la Orden Portuguesa de Arquitectos desde entonces.<\/p>\n<p>Desde muy joven trabaj\u00f3 con un equipo multidisciplinar de arquitectos e ingenieros, habiendo profundizado en sus conocimientos de gesti\u00f3n integrada de proyectos y dise\u00f1o. A continuaci\u00f3n, desarrolla y coordina varios proyectos, en diversas \u00e1reas, como rehabilitaci\u00f3n de edificios antiguos, viviendas, edificios de oficinas, urbanizaciones tur\u00edsticas, etc.<\/p>\n<p>A lo largo de su carrera profesional, ha adquirido conocimientos espec\u00edficos en diversas \u00e1reas tem\u00e1ticas, entre las que destaca la Inmobiliaria Tur\u00edstica, como resultado de las experiencias adquiridas en el pasado, en algunos de los mayores emprendimientos portugueses.<\/p>\n<p>En 2015, crea<b> gon\u00e7alobonniz arquitectos<\/b>, un despacho centrado en trabajar en estrecha colaboraci\u00f3n con los clientes, para ofrecer las mejores soluciones integrales, logradas a trav\u00e9s de una colaboraci\u00f3n interactiva y permanente.<\/p>\n<p>Su oficina proporciona apoyo permanente desde el desarrollo conceptual y la redacci\u00f3n del proyecto, durante la construcci\u00f3n y hasta su finalizaci\u00f3n.<\/p>\n<\/div>\n<\/div><div class=\"fusion-content-boxes content-boxes columns row fusion-columns-4 fusion-columns-total-0 fusion-content-boxes-1 content-boxes-icon-on-top content-left\" style=\"--awb-hover-accent-color:var(--awb-color4);--awb-circle-hover-accent-color:var(--awb-color4);\" data-animationOffset=\"top-into-view\"><div class=\"fusion-clearfix\"><\/div><\/div><\/div><\/div><\/div><\/div><\/div>\n","protected":false},"excerpt":{"rendered":"","protected":false},"author":2,"featured_media":0,"parent":0,"menu_order":0,"comment_status":"closed","ping_status":"closed","template":"100-width.php","meta":{"_acf_changed":false,"footnotes":""},"class_list":["post-15929","page","type-page","status-publish","hentry"],"acf":[],"yoast_head":"<!-- This site is optimized with the Yoast SEO plugin v27.4 - https:\/\/yoast.com\/product\/yoast-seo-wordpress\/ -->\n<title>Sobre Gon\u00e7alo Bonniz | gbarquitetos<\/title>\n<meta name=\"description\" content=\"Gon\u00e7alo Bonniz cre\u00f3 una oficina centrada en ofrecer las mejores soluciones integradas, mediante una colaboraci\u00f3n interactiva y permanente.\" \/>\n<meta name=\"robots\" content=\"index, follow, max-snippet:-1, max-image-preview:large, max-video-preview:-1\" \/>\n<link rel=\"canonical\" href=\"https:\/\/staging.gbarquitectos.pt\/es\/acerca-de\/\" \/>\n<meta property=\"og:locale\" content=\"es_ES\" \/>\n<meta property=\"og:type\" content=\"article\" \/>\n<meta property=\"og:title\" content=\"Sobre Gon\u00e7alo Bonniz | gbarquitetos\" \/>\n<meta property=\"og:description\" content=\"Gon\u00e7alo Bonniz cre\u00f3 una oficina centrada en ofrecer las mejores soluciones integradas, mediante una colaboraci\u00f3n interactiva y permanente.\" \/>\n<meta property=\"og:url\" content=\"https:\/\/staging.gbarquitectos.pt\/es\/acerca-de\/\" \/>\n<meta property=\"og:site_name\" content=\"gbarquitectos\" \/>\n<meta property=\"article:modified_time\" content=\"2025-03-27T00:49:47+00:00\" \/>\n<meta name=\"twitter:card\" content=\"summary_large_image\" \/>\n<meta name=\"twitter:label1\" content=\"Tiempo de lectura\" \/>\n\t<meta name=\"twitter:data1\" content=\"5 minutos\" \/>\n<script type=\"application\/ld+json\" class=\"yoast-schema-graph\">{\"@context\":\"https:\\\/\\\/schema.org\",\"@graph\":[{\"@type\":\"WebPage\",\"@id\":\"https:\\\/\\\/staging.gbarquitectos.pt\\\/es\\\/acerca-de\\\/\",\"url\":\"https:\\\/\\\/staging.gbarquitectos.pt\\\/es\\\/acerca-de\\\/\",\"name\":\"Sobre Gon\u00e7alo Bonniz | gbarquitetos\",\"isPartOf\":{\"@id\":\"https:\\\/\\\/staging.gbarquitectos.pt\\\/es\\\/#website\"},\"datePublished\":\"2024-09-28T13:33:47+00:00\",\"dateModified\":\"2025-03-27T00:49:47+00:00\",\"description\":\"Gon\u00e7alo Bonniz cre\u00f3 una oficina centrada en ofrecer las mejores soluciones integradas, mediante una colaboraci\u00f3n interactiva y permanente.\",\"breadcrumb\":{\"@id\":\"https:\\\/\\\/staging.gbarquitectos.pt\\\/es\\\/acerca-de\\\/#breadcrumb\"},\"inLanguage\":\"es\",\"potentialAction\":[{\"@type\":\"ReadAction\",\"target\":[\"https:\\\/\\\/staging.gbarquitectos.pt\\\/es\\\/acerca-de\\\/\"]}]},{\"@type\":\"BreadcrumbList\",\"@id\":\"https:\\\/\\\/staging.gbarquitectos.pt\\\/es\\\/acerca-de\\\/#breadcrumb\",\"itemListElement\":[{\"@type\":\"ListItem\",\"position\":1,\"name\":\"Home\",\"item\":\"https:\\\/\\\/staging.gbarquitectos.pt\\\/es\\\/inicio\\\/\"},{\"@type\":\"ListItem\",\"position\":2,\"name\":\"acerca de\"}]},{\"@type\":\"WebSite\",\"@id\":\"https:\\\/\\\/staging.gbarquitectos.pt\\\/es\\\/#website\",\"url\":\"https:\\\/\\\/staging.gbarquitectos.pt\\\/es\\\/\",\"name\":\"gbarquitectos\",\"description\":\"Gon\u00e7alo Bonniz Arquitectos\",\"publisher\":{\"@id\":\"https:\\\/\\\/staging.gbarquitectos.pt\\\/es\\\/#organization\"},\"potentialAction\":[{\"@type\":\"SearchAction\",\"target\":{\"@type\":\"EntryPoint\",\"urlTemplate\":\"https:\\\/\\\/staging.gbarquitectos.pt\\\/es\\\/?s={search_term_string}\"},\"query-input\":{\"@type\":\"PropertyValueSpecification\",\"valueRequired\":true,\"valueName\":\"search_term_string\"}}],\"inLanguage\":\"es\"},{\"@type\":\"Organization\",\"@id\":\"https:\\\/\\\/staging.gbarquitectos.pt\\\/es\\\/#organization\",\"name\":\"Gon\u00e7alo Bonniz Arquitectos\",\"url\":\"https:\\\/\\\/staging.gbarquitectos.pt\\\/es\\\/\",\"logo\":{\"@type\":\"ImageObject\",\"inLanguage\":\"es\",\"@id\":\"https:\\\/\\\/staging.gbarquitectos.pt\\\/es\\\/#\\\/schema\\\/logo\\\/image\\\/\",\"url\":\"https:\\\/\\\/staging.gbarquitectos.pt\\\/wp-content\\\/uploads\\\/2020\\\/09\\\/gbarq_logo-transp.png\",\"contentUrl\":\"https:\\\/\\\/staging.gbarquitectos.pt\\\/wp-content\\\/uploads\\\/2020\\\/09\\\/gbarq_logo-transp.png\",\"width\":5130,\"height\":803,\"caption\":\"Gon\u00e7alo Bonniz Arquitectos\"},\"image\":{\"@id\":\"https:\\\/\\\/staging.gbarquitectos.pt\\\/es\\\/#\\\/schema\\\/logo\\\/image\\\/\"},\"sameAs\":[\"https:\\\/\\\/www.linkedin.com\\\/in\\\/gonalo-bonniz-4259a527\",\"https:\\\/\\\/www.instagram.com\\\/gb.arquitectos\"]}]}<\/script>\n<!-- \/ Yoast SEO plugin. -->","yoast_head_json":{"title":"Sobre Gon\u00e7alo Bonniz | gbarquitetos","description":"Gon\u00e7alo Bonniz cre\u00f3 una oficina centrada en ofrecer las mejores soluciones integradas, mediante una colaboraci\u00f3n interactiva y permanente.","robots":{"index":"index","follow":"follow","max-snippet":"max-snippet:-1","max-image-preview":"max-image-preview:large","max-video-preview":"max-video-preview:-1"},"canonical":"https:\/\/staging.gbarquitectos.pt\/es\/acerca-de\/","og_locale":"es_ES","og_type":"article","og_title":"Sobre Gon\u00e7alo Bonniz | gbarquitetos","og_description":"Gon\u00e7alo Bonniz cre\u00f3 una oficina centrada en ofrecer las mejores soluciones integradas, mediante una colaboraci\u00f3n interactiva y permanente.","og_url":"https:\/\/staging.gbarquitectos.pt\/es\/acerca-de\/","og_site_name":"gbarquitectos","article_modified_time":"2025-03-27T00:49:47+00:00","twitter_card":"summary_large_image","twitter_misc":{"Tiempo de lectura":"5 minutos"},"schema":{"@context":"https:\/\/schema.org","@graph":[{"@type":"WebPage","@id":"https:\/\/staging.gbarquitectos.pt\/es\/acerca-de\/","url":"https:\/\/staging.gbarquitectos.pt\/es\/acerca-de\/","name":"Sobre Gon\u00e7alo Bonniz | gbarquitetos","isPartOf":{"@id":"https:\/\/staging.gbarquitectos.pt\/es\/#website"},"datePublished":"2024-09-28T13:33:47+00:00","dateModified":"2025-03-27T00:49:47+00:00","description":"Gon\u00e7alo Bonniz cre\u00f3 una oficina centrada en ofrecer las mejores soluciones integradas, mediante una colaboraci\u00f3n interactiva y permanente.","breadcrumb":{"@id":"https:\/\/staging.gbarquitectos.pt\/es\/acerca-de\/#breadcrumb"},"inLanguage":"es","potentialAction":[{"@type":"ReadAction","target":["https:\/\/staging.gbarquitectos.pt\/es\/acerca-de\/"]}]},{"@type":"BreadcrumbList","@id":"https:\/\/staging.gbarquitectos.pt\/es\/acerca-de\/#breadcrumb","itemListElement":[{"@type":"ListItem","position":1,"name":"Home","item":"https:\/\/staging.gbarquitectos.pt\/es\/inicio\/"},{"@type":"ListItem","position":2,"name":"acerca de"}]},{"@type":"WebSite","@id":"https:\/\/staging.gbarquitectos.pt\/es\/#website","url":"https:\/\/staging.gbarquitectos.pt\/es\/","name":"gbarquitectos","description":"Gon\u00e7alo Bonniz Arquitectos","publisher":{"@id":"https:\/\/staging.gbarquitectos.pt\/es\/#organization"},"potentialAction":[{"@type":"SearchAction","target":{"@type":"EntryPoint","urlTemplate":"https:\/\/staging.gbarquitectos.pt\/es\/?s={search_term_string}"},"query-input":{"@type":"PropertyValueSpecification","valueRequired":true,"valueName":"search_term_string"}}],"inLanguage":"es"},{"@type":"Organization","@id":"https:\/\/staging.gbarquitectos.pt\/es\/#organization","name":"Gon\u00e7alo Bonniz Arquitectos","url":"https:\/\/staging.gbarquitectos.pt\/es\/","logo":{"@type":"ImageObject","inLanguage":"es","@id":"https:\/\/staging.gbarquitectos.pt\/es\/#\/schema\/logo\/image\/","url":"https:\/\/staging.gbarquitectos.pt\/wp-content\/uploads\/2020\/09\/gbarq_logo-transp.png","contentUrl":"https:\/\/staging.gbarquitectos.pt\/wp-content\/uploads\/2020\/09\/gbarq_logo-transp.png","width":5130,"height":803,"caption":"Gon\u00e7alo Bonniz Arquitectos"},"image":{"@id":"https:\/\/staging.gbarquitectos.pt\/es\/#\/schema\/logo\/image\/"},"sameAs":["https:\/\/www.linkedin.com\/in\/gonalo-bonniz-4259a527","https:\/\/www.instagram.com\/gb.arquitectos"]}]}},"_links":{"self":[{"href":"https:\/\/staging.gbarquitectos.pt\/es\/wp-json\/wp\/v2\/pages\/15929","targetHints":{"allow":["GET"]}}],"collection":[{"href":"https:\/\/staging.gbarquitectos.pt\/es\/wp-json\/wp\/v2\/pages"}],"about":[{"href":"https:\/\/staging.gbarquitectos.pt\/es\/wp-json\/wp\/v2\/types\/page"}],"author":[{"embeddable":true,"href":"https:\/\/staging.gbarquitectos.pt\/es\/wp-json\/wp\/v2\/users\/2"}],"replies":[{"embeddable":true,"href":"https:\/\/staging.gbarquitectos.pt\/es\/wp-json\/wp\/v2\/comments?post=15929"}],"version-history":[{"count":2,"href":"https:\/\/staging.gbarquitectos.pt\/es\/wp-json\/wp\/v2\/pages\/15929\/revisions"}],"predecessor-version":[{"id":15935,"href":"https:\/\/staging.gbarquitectos.pt\/es\/wp-json\/wp\/v2\/pages\/15929\/revisions\/15935"}],"wp:attachment":[{"href":"https:\/\/staging.gbarquitectos.pt\/es\/wp-json\/wp\/v2\/media?parent=15929"}],"curies":[{"name":"wp","href":"https:\/\/api.w.org\/{rel}","templated":true}]}}