{"id":16193,"date":"2024-09-28T14:20:32","date_gmt":"2024-09-28T13:20:32","guid":{"rendered":"https:\/\/staging.gbarquitectos.pt\/servicios\/"},"modified":"2025-03-27T00:55:37","modified_gmt":"2025-03-27T00:55:37","slug":"servicios","status":"publish","type":"page","link":"https:\/\/staging.gbarquitectos.pt\/es\/servicios\/","title":{"rendered":"Servicios"},"content":{"rendered":"<div id=\"fusion-scroll-section-1\" class=\"fusion-scroll-section fusion-scroll-section\" data-section=\"1\" data-animation=\"fade\" data-speed=\"800\" ><div class=\"fusion-scroll-section-element active\" data-section=\"1\" data-element=\"1\" style=\"transition-duration:400ms;&quot;\" ><div id=\"servicios\" class=\"fusion-container-anchor\"><div class=\"fusion-fullwidth fullwidth-box fusion-builder-row-1 fusion-flex-container has-pattern-background has-mask-background fusion-parallax-none hundred-percent-fullwidth hundred-percent-height hundred-percent-height-center-content hundred-percent-height-scrolling\" style=\"--awb-background-position:center bottom;--awb-background-repeat:repeat-y;--awb-background-blend-mode:overlay;--awb-border-radius-top-left:0px;--awb-border-radius-top-right:0px;--awb-border-radius-bottom-right:0px;--awb-border-radius-bottom-left:0px;--awb-padding-top:200px;--awb-padding-right:5.5%;--awb-padding-bottom:0px;--awb-padding-left:5.5%;--awb-margin-top:-116px;--awb-margin-bottom:0px;--awb-margin-top-small:-85px;--awb-margin-bottom-small:0px;--awb-background-color:rgba(238,237,229,0.9);--awb-background-image:url(&quot;https:\/\/staging.gbarquitectos.pt\/wp-content\/uploads\/2024\/08\/House-in-Grandola-FDP-28.jpg&quot;);--awb-background-size:cover;--awb-flex-wrap:wrap;\" data-preload-img=\"https:\/\/staging.gbarquitectos.pt\/wp-content\/uploads\/2024\/08\/House-in-Grandola-FDP-28.jpg\" ><div class=\"fusion-builder-row fusion-row fusion-flex-align-items-flex-start fusion-flex-align-content-flex-start fusion-flex-content-wrap\" style=\"width:104% !important;max-width:104% !important;margin-left: calc(-4% \/ 2 );margin-right: calc(-4% \/ 2 );\"><div class=\"fusion-layout-column fusion_builder_column fusion-builder-column-0 fusion_builder_column_1_1 1_1 fusion-flex-column fusion-flex-align-self-flex-start\" style=\"--awb-bg-size:cover;--awb-width-large:100%;--awb-margin-top-large:0px;--awb-spacing-right-large:0%;--awb-margin-bottom-large:0px;--awb-spacing-left-large:0%;--awb-width-medium:100%;--awb-order-medium:0;--awb-spacing-right-medium:1.92%;--awb-spacing-left-medium:1.92%;--awb-width-small:100%;--awb-order-small:0;--awb-spacing-right-small:1.92%;--awb-spacing-left-small:1.92%;\"><div class=\"fusion-column-wrapper fusion-column-has-shadow fusion-flex-justify-content-flex-start fusion-content-layout-column\"><div class=\"fusion-title title fusion-title-1 fusion-title-text fusion-title-size-three\" style=\"--awb-margin-bottom:25px;--awb-margin-top-small:0px;--awb-margin-right-small:0px;--awb-margin-bottom-small:20px;--awb-margin-left-small:0px;\"><div class=\"title-sep-container title-sep-container-left fusion-no-large-visibility fusion-no-medium-visibility fusion-no-small-visibility\"><div class=\"title-sep sep- sep-solid\" style=\"border-color:hsla(var(--awb-color2-h),var(--awb-color2-s),var(--awb-color2-l),calc( var(--awb-color2-a) - 10% ));\"><\/div><\/div><span class=\"awb-title-spacer fusion-no-large-visibility fusion-no-medium-visibility fusion-no-small-visibility\"><\/span><h3 class=\"fusion-title-heading title-heading-left\" style=\"margin:0;\"><b>servicios<\/b><\/h3><span class=\"awb-title-spacer\"><\/span><div class=\"title-sep-container title-sep-container-right\"><div class=\"title-sep sep- sep-solid\" style=\"border-color:hsla(var(--awb-color2-h),var(--awb-color2-s),var(--awb-color2-l),calc( var(--awb-color2-a) - 10% ));\"><\/div><\/div><\/div><\/div><\/div><div class=\"fusion-layout-column fusion_builder_column fusion-builder-column-1 fusion_builder_column_1_1 1_1 fusion-flex-column fusion-flex-align-self-flex-start\" style=\"--awb-padding-bottom-small:15%;--awb-bg-size:cover;--awb-width-large:100%;--awb-margin-top-large:0px;--awb-spacing-right-large:0%;--awb-margin-bottom-large:0px;--awb-spacing-left-large:0%;--awb-width-medium:100%;--awb-order-medium:0;--awb-spacing-right-medium:1.92%;--awb-spacing-left-medium:1.92%;--awb-width-small:100%;--awb-order-small:0;--awb-margin-top-small:0px;--awb-spacing-right-small:1.92%;--awb-margin-bottom-small:0px;--awb-spacing-left-small:1.92%;\"><div class=\"fusion-column-wrapper fusion-column-has-shadow fusion-flex-justify-content-flex-start fusion-content-layout-column\"><div class=\"accordian fusion-accordian\" style=\"margin-top:0px;margin-bottom:0px;--awb-margin-top:0px;--awb-margin-bottom:0px;--awb-padding-top:5px;--awb-padding-right:25px;--awb-padding-bottom:0px;--awb-padding-left:25px;--awb-border-size:1px;--awb-icon-size:18px;--awb-content-font-size:16px;--awb-content-line-height:1.6;--awb-icon-alignment:left;--awb-hover-color:rgba(255,255,255,0);--awb-border-color:var(--awb-color4);--awb-background-color:rgba(255,255,255,0);--awb-divider-color:var(--awb-color3);--awb-divider-hover-color:var(--awb-color3);--awb-icon-color:var(--awb-color4);--awb-title-color:var(--awb-color5);--awb-content-color:var(--awb-color4);--awb-icon-box-color:var(--awb-color8);--awb-toggle-hover-accent-color:var(--awb-color4);--awb-toggle-active-accent-color:var(--awb-color4);--awb-title-font-family:var(--awb-typography1-font-family);--awb-title-font-weight:var(--awb-typography1-font-weight);--awb-title-font-style:var(--awb-typography1-font-style);--awb-title-font-size:16px;--awb-title-letter-spacing:var(--awb-typography1-letter-spacing);--awb-title-line-height:var(--awb-typography1-line-height);--awb-content-font-family:var(--awb-typography4-font-family);--awb-content-font-weight:var(--awb-typography4-font-weight);--awb-content-font-style:var(--awb-typography4-font-style);\"><div class=\"panel-group fusion-toggle-icon-unboxed\" id=\"accordion-16193-1\"><div class=\"fusion-panel panel-default panel-33a90891eac513785 fusion-toggle-no-divider\"><div class=\"panel-heading\"><h4 class=\"panel-title toggle\" id=\"toggle_33a90891eac513785\"><a aria-expanded=\"false\" aria-controls=\"33a90891eac513785\" role=\"button\" data-toggle=\"collapse\" data-parent=\"#accordion-16193-1\" data-target=\"#33a90891eac513785\" href=\"#33a90891eac513785\"><span class=\"fusion-toggle-icon-wrapper\" aria-hidden=\"true\"><i class=\"fa-fusion-box active-icon fa-angle-down fas\" aria-hidden=\"true\"><\/i><i class=\"fa-fusion-box inactive-icon fa-angle-right fas\" aria-hidden=\"true\"><\/i><\/span><span class=\"fusion-toggle-heading\">Arquitectura<\/span><\/a><\/h4><\/div><div id=\"33a90891eac513785\" class=\"panel-collapse collapse \" aria-labelledby=\"toggle_33a90891eac513785\"><div class=\"panel-body toggle-content fusion-clearfix\">\n<p>Desarrollo de estudios y proyectos arquitect\u00f3nicos desde la concepci\u00f3n de la idea hasta la ejecuci\u00f3n final de la obra, a lo largo de varias fases, entre las que se incluyen:<\/p>\n<ul>\n<li>Investigaci\u00f3n y an\u00e1lisis iniciales<\/li>\n<li>Dise\u00f1o y estudio preliminar<\/li>\n<li>Desarrollo del proyecto de licencia y aprobaci\u00f3n (Fase de Proyecto de Licencia)<\/li>\n<li>Desarrollo del proyecto para la presupuestaci\u00f3n (Fase de Ejecuci\u00f3n del Proyecto)<\/li>\n<\/ul>\n<\/div><\/div><\/div><div class=\"fusion-panel panel-default panel-ad0e04cfaa1e58081 fusion-toggle-no-divider\"><div class=\"panel-heading\"><h4 class=\"panel-title toggle\" id=\"toggle_ad0e04cfaa1e58081\"><a aria-expanded=\"false\" aria-controls=\"ad0e04cfaa1e58081\" role=\"button\" data-toggle=\"collapse\" data-parent=\"#accordion-16193-1\" data-target=\"#ad0e04cfaa1e58081\" href=\"#ad0e04cfaa1e58081\"><span class=\"fusion-toggle-icon-wrapper\" aria-hidden=\"true\"><i class=\"fa-fusion-box active-icon fa-angle-down fas\" aria-hidden=\"true\"><\/i><i class=\"fa-fusion-box inactive-icon fa-angle-right fas\" aria-hidden=\"true\"><\/i><\/span><span class=\"fusion-toggle-heading\">Ingenier\u00eda<\/span><\/a><\/h4><\/div><div id=\"ad0e04cfaa1e58081\" class=\"panel-collapse collapse \" aria-labelledby=\"toggle_ad0e04cfaa1e58081\"><div class=\"panel-body toggle-content fusion-clearfix\">\n<p>Desarrollo de todos los proyectos de Ingenier\u00eda y Paisajismo en las Fases de Licencia y Ejecuci\u00f3n.<\/p>\n<ul>\n<li>Proyecto de estructura<\/li>\n<li>Proyectos de Instalaciones T\u00e9cnicas\n<ul>\n<li>Electricidad y Telecomunicaciones<\/li>\n<li>Hidr\u00e1ulica (agua y alcantarillado)<\/li>\n<li>HVAC (Calefacci\u00f3n, Ventilaci\u00f3n y Aire Acondicionado)<\/li>\n<li>Red de gas<\/li>\n<li>Certificaci\u00f3n T\u00e9rmica \/ Energ\u00e9tica de REH \/ RECS<\/li>\n<li>Ac\u00fastica<\/li>\n<\/ul>\n<\/li>\n<li>Paisaje<\/li>\n<\/ul>\n<\/div><\/div><\/div><div class=\"fusion-panel panel-default panel-5f3b7ef8146ba26dd fusion-toggle-no-divider\"><div class=\"panel-heading\"><h4 class=\"panel-title toggle\" id=\"toggle_5f3b7ef8146ba26dd\"><a aria-expanded=\"false\" aria-controls=\"5f3b7ef8146ba26dd\" role=\"button\" data-toggle=\"collapse\" data-parent=\"#accordion-16193-1\" data-target=\"#5f3b7ef8146ba26dd\" href=\"#5f3b7ef8146ba26dd\"><span class=\"fusion-toggle-icon-wrapper\" aria-hidden=\"true\"><i class=\"fa-fusion-box active-icon fa-angle-down fas\" aria-hidden=\"true\"><\/i><i class=\"fa-fusion-box inactive-icon fa-angle-right fas\" aria-hidden=\"true\"><\/i><\/span><span class=\"fusion-toggle-heading\">Coordinaci\u00f3n del proyecto<\/span><\/a><\/h4><\/div><div id=\"5f3b7ef8146ba26dd\" class=\"panel-collapse collapse \" aria-labelledby=\"toggle_5f3b7ef8146ba26dd\"><div class=\"panel-body toggle-content fusion-clearfix\">\n<ul>\n<li>La Coordinaci\u00f3n del Proyecto garantizar\u00e1 todos los aspectos del proceso de dise\u00f1o, para las fases de autorizaci\u00f3n y construcci\u00f3n.<\/li>\n<li>Durante el proceso de dise\u00f1o de los distintos proyectos, se aplicar\u00e1 el concepto de gesti\u00f3n integrada de proyectos, para garantizar que todos los proyectos se desarrollan de forma integrada y compatible, permitiendo alcanzar el equilibrio coste\/calidad y mantenerse dentro de los l\u00edmites presupuestarios establecidos por el promotor, evitando alteraciones significativas en fases posteriores que suelen dar lugar a costosas \u00absorpresas\u00bb.<\/li>\n<li>Acciones que tienen lugar durante la Coordinaci\u00f3n del Proyecto:\n<ul>\n<li>Definici\u00f3n del programa<\/li>\n<li>An\u00e1lisis de la soluci\u00f3n del proyecto<\/li>\n<li>Control de los costes de la soluci\u00f3n<\/li>\n<li>Evaluaci\u00f3n de posibles soluciones alternativas<\/li>\n<li>Optimizaci\u00f3n y compatibilidad de las soluciones<\/li>\n<li>Actualizaci\u00f3n frecuente e integraci\u00f3n de soluciones entre distintos proyectos<\/li>\n<\/ul>\n<\/li>\n<\/ul>\n<\/div><\/div><\/div><div class=\"fusion-panel panel-default panel-213dc8a34e61312c5 fusion-toggle-no-divider\"><div class=\"panel-heading\"><h4 class=\"panel-title toggle\" id=\"toggle_213dc8a34e61312c5\"><a aria-expanded=\"false\" aria-controls=\"213dc8a34e61312c5\" role=\"button\" data-toggle=\"collapse\" data-parent=\"#accordion-16193-1\" data-target=\"#213dc8a34e61312c5\" href=\"#213dc8a34e61312c5\"><span class=\"fusion-toggle-icon-wrapper\" aria-hidden=\"true\"><i class=\"fa-fusion-box active-icon fa-angle-down fas\" aria-hidden=\"true\"><\/i><i class=\"fa-fusion-box inactive-icon fa-angle-right fas\" aria-hidden=\"true\"><\/i><\/span><span class=\"fusion-toggle-heading\">Gesti\u00f3n de la construcci\u00f3n<\/span><\/a><\/h4><\/div><div id=\"213dc8a34e61312c5\" class=\"panel-collapse collapse \" aria-labelledby=\"toggle_213dc8a34e61312c5\"><div class=\"panel-body toggle-content fusion-clearfix\">\n<ul>\n<li><span style=\"color: #000000;\">La Gesti\u00f3n de la Construcci\u00f3n (coordinaci\u00f3n, supervisi\u00f3n y control t\u00e9cnico) tiene como objetivo fundamental garantizar la ejecuci\u00f3n del proyecto tal y como se especifica en los documentos de construcci\u00f3n, en calidad, dentro del calendario y del presupuesto.<\/span><\/li>\n<li><span style=\"color: #000000;\">En general, los servicios de Gesti\u00f3n de la Construcci\u00f3n, dependiendo de la naturaleza y especificidad del desarrollo, incluyen:<\/span>\n<ul>\n<li><span style=\"color: #000000;\">Proceso de licitaci\u00f3n (an\u00e1lisis y comparaci\u00f3n de las propuestas de licitaci\u00f3n; negociaci\u00f3n y adjudicaci\u00f3n del contrato)<\/span><\/li>\n<li><span style=\"color: #000000;\">Calidad del control de ejecuci\u00f3n y planificaci\u00f3n<\/span><\/li>\n<li><span style=\"color: #000000;\">Evaluaci\u00f3n de los costes de construcci\u00f3n \/ control presupuestario<\/span><\/li>\n<li><span style=\"color: #000000;\">Coordinaci\u00f3n administrativa<\/span><\/li>\n<\/ul>\n<\/li>\n<li><span style=\"color: #000000;\">Adem\u00e1s, se presta especial atenci\u00f3n a la contabilidad de los costes de construcci\u00f3n, concretamente en las siguientes \u00e1reas:<\/span>\n<ul>\n<li><span style=\"color: #000000;\">An\u00e1lisis de revisi\u00f3n de precios, cuando proceda<\/span><\/li>\n<li><span style=\"color: #000000;\">Control cuantitativo de materiales y obras durante la construcci\u00f3n<\/span><\/li>\n<li><span style=\"color: #000000;\">Evaluaci\u00f3n del coste de las obras adicionales (no en el contrato)<\/span><\/li>\n<li><span style=\"color: #000000;\">Cronograma financiero del proyecto<\/span><\/li>\n<\/ul>\n<\/li>\n<li><span style=\"color: #000000;\">Igualmente importante es asesorar y mantener debidamente informado al Propietario\/Desarrollador sobre el desarrollo de los acontecimientos durante todas las fases de la construcci\u00f3n.<\/span><\/li>\n<\/ul>\n<\/div><\/div><\/div><\/div><\/div><\/div><\/div><\/div><\/div><\/div><\/div>\n","protected":false},"excerpt":{"rendered":"","protected":false},"author":2,"featured_media":0,"parent":0,"menu_order":0,"comment_status":"closed","ping_status":"closed","template":"100-width.php","meta":{"_acf_changed":false,"footnotes":""},"class_list":["post-16193","page","type-page","status-publish","hentry"],"acf":[],"yoast_head":"<!-- This site is optimized with the Yoast SEO plugin v27.4 - https:\/\/yoast.com\/product\/yoast-seo-wordpress\/ -->\n<title>Servicios | Gon\u00e7alo Bonniz Arquitectos<\/title>\n<meta name=\"description\" content=\"Nuestros servicios ofrecen soluciones arquitect\u00f3nicas innovadoras adaptadas a tus necesidades: ingenier\u00eda, coordinaci\u00f3n de proyectos y gesti\u00f3n de la construcci\u00f3n.\" \/>\n<meta name=\"robots\" content=\"index, follow, max-snippet:-1, max-image-preview:large, max-video-preview:-1\" \/>\n<link rel=\"canonical\" href=\"https:\/\/staging.gbarquitectos.pt\/es\/servicios\/\" \/>\n<meta property=\"og:locale\" content=\"es_ES\" \/>\n<meta property=\"og:type\" content=\"article\" \/>\n<meta property=\"og:title\" content=\"Servicios | Gon\u00e7alo Bonniz Arquitectos\" \/>\n<meta property=\"og:description\" content=\"Nuestros servicios ofrecen soluciones arquitect\u00f3nicas innovadoras adaptadas a tus necesidades: ingenier\u00eda, coordinaci\u00f3n de proyectos y gesti\u00f3n de la construcci\u00f3n.\" \/>\n<meta property=\"og:url\" content=\"https:\/\/staging.gbarquitectos.pt\/es\/servicios\/\" \/>\n<meta property=\"og:site_name\" content=\"gbarquitectos\" \/>\n<meta property=\"article:modified_time\" content=\"2025-03-27T00:55:37+00:00\" \/>\n<meta name=\"twitter:card\" content=\"summary_large_image\" \/>\n<meta name=\"twitter:label1\" content=\"Tiempo de lectura\" \/>\n\t<meta name=\"twitter:data1\" content=\"8 minutos\" \/>\n<script type=\"application\/ld+json\" class=\"yoast-schema-graph\">{\"@context\":\"https:\\\/\\\/schema.org\",\"@graph\":[{\"@type\":\"WebPage\",\"@id\":\"https:\\\/\\\/staging.gbarquitectos.pt\\\/es\\\/servicios\\\/\",\"url\":\"https:\\\/\\\/staging.gbarquitectos.pt\\\/es\\\/servicios\\\/\",\"name\":\"Servicios | Gon\u00e7alo Bonniz Arquitectos\",\"isPartOf\":{\"@id\":\"https:\\\/\\\/staging.gbarquitectos.pt\\\/es\\\/#website\"},\"datePublished\":\"2024-09-28T13:20:32+00:00\",\"dateModified\":\"2025-03-27T00:55:37+00:00\",\"description\":\"Nuestros servicios ofrecen soluciones arquitect\u00f3nicas innovadoras adaptadas a tus necesidades: ingenier\u00eda, coordinaci\u00f3n de proyectos y gesti\u00f3n de la construcci\u00f3n.\",\"breadcrumb\":{\"@id\":\"https:\\\/\\\/staging.gbarquitectos.pt\\\/es\\\/servicios\\\/#breadcrumb\"},\"inLanguage\":\"es\",\"potentialAction\":[{\"@type\":\"ReadAction\",\"target\":[\"https:\\\/\\\/staging.gbarquitectos.pt\\\/es\\\/servicios\\\/\"]}]},{\"@type\":\"BreadcrumbList\",\"@id\":\"https:\\\/\\\/staging.gbarquitectos.pt\\\/es\\\/servicios\\\/#breadcrumb\",\"itemListElement\":[{\"@type\":\"ListItem\",\"position\":1,\"name\":\"Home\",\"item\":\"https:\\\/\\\/staging.gbarquitectos.pt\\\/es\\\/inicio\\\/\"},{\"@type\":\"ListItem\",\"position\":2,\"name\":\"Servicios\"}]},{\"@type\":\"WebSite\",\"@id\":\"https:\\\/\\\/staging.gbarquitectos.pt\\\/es\\\/#website\",\"url\":\"https:\\\/\\\/staging.gbarquitectos.pt\\\/es\\\/\",\"name\":\"gbarquitectos\",\"description\":\"Gon\u00e7alo Bonniz Arquitectos\",\"publisher\":{\"@id\":\"https:\\\/\\\/staging.gbarquitectos.pt\\\/es\\\/#organization\"},\"potentialAction\":[{\"@type\":\"SearchAction\",\"target\":{\"@type\":\"EntryPoint\",\"urlTemplate\":\"https:\\\/\\\/staging.gbarquitectos.pt\\\/es\\\/?s={search_term_string}\"},\"query-input\":{\"@type\":\"PropertyValueSpecification\",\"valueRequired\":true,\"valueName\":\"search_term_string\"}}],\"inLanguage\":\"es\"},{\"@type\":\"Organization\",\"@id\":\"https:\\\/\\\/staging.gbarquitectos.pt\\\/es\\\/#organization\",\"name\":\"Gon\u00e7alo Bonniz Arquitectos\",\"url\":\"https:\\\/\\\/staging.gbarquitectos.pt\\\/es\\\/\",\"logo\":{\"@type\":\"ImageObject\",\"inLanguage\":\"es\",\"@id\":\"https:\\\/\\\/staging.gbarquitectos.pt\\\/es\\\/#\\\/schema\\\/logo\\\/image\\\/\",\"url\":\"https:\\\/\\\/staging.gbarquitectos.pt\\\/wp-content\\\/uploads\\\/2020\\\/09\\\/gbarq_logo-transp.png\",\"contentUrl\":\"https:\\\/\\\/staging.gbarquitectos.pt\\\/wp-content\\\/uploads\\\/2020\\\/09\\\/gbarq_logo-transp.png\",\"width\":5130,\"height\":803,\"caption\":\"Gon\u00e7alo Bonniz Arquitectos\"},\"image\":{\"@id\":\"https:\\\/\\\/staging.gbarquitectos.pt\\\/es\\\/#\\\/schema\\\/logo\\\/image\\\/\"},\"sameAs\":[\"https:\\\/\\\/www.linkedin.com\\\/in\\\/gonalo-bonniz-4259a527\",\"https:\\\/\\\/www.instagram.com\\\/gb.arquitectos\"]}]}<\/script>\n<!-- \/ Yoast SEO plugin. -->","yoast_head_json":{"title":"Servicios | Gon\u00e7alo Bonniz Arquitectos","description":"Nuestros servicios ofrecen soluciones arquitect\u00f3nicas innovadoras adaptadas a tus necesidades: ingenier\u00eda, coordinaci\u00f3n de proyectos y gesti\u00f3n de la construcci\u00f3n.","robots":{"index":"index","follow":"follow","max-snippet":"max-snippet:-1","max-image-preview":"max-image-preview:large","max-video-preview":"max-video-preview:-1"},"canonical":"https:\/\/staging.gbarquitectos.pt\/es\/servicios\/","og_locale":"es_ES","og_type":"article","og_title":"Servicios | Gon\u00e7alo Bonniz Arquitectos","og_description":"Nuestros servicios ofrecen soluciones arquitect\u00f3nicas innovadoras adaptadas a tus necesidades: ingenier\u00eda, coordinaci\u00f3n de proyectos y gesti\u00f3n de la construcci\u00f3n.","og_url":"https:\/\/staging.gbarquitectos.pt\/es\/servicios\/","og_site_name":"gbarquitectos","article_modified_time":"2025-03-27T00:55:37+00:00","twitter_card":"summary_large_image","twitter_misc":{"Tiempo de lectura":"8 minutos"},"schema":{"@context":"https:\/\/schema.org","@graph":[{"@type":"WebPage","@id":"https:\/\/staging.gbarquitectos.pt\/es\/servicios\/","url":"https:\/\/staging.gbarquitectos.pt\/es\/servicios\/","name":"Servicios | Gon\u00e7alo Bonniz Arquitectos","isPartOf":{"@id":"https:\/\/staging.gbarquitectos.pt\/es\/#website"},"datePublished":"2024-09-28T13:20:32+00:00","dateModified":"2025-03-27T00:55:37+00:00","description":"Nuestros servicios ofrecen soluciones arquitect\u00f3nicas innovadoras adaptadas a tus necesidades: ingenier\u00eda, coordinaci\u00f3n de proyectos y gesti\u00f3n de la construcci\u00f3n.","breadcrumb":{"@id":"https:\/\/staging.gbarquitectos.pt\/es\/servicios\/#breadcrumb"},"inLanguage":"es","potentialAction":[{"@type":"ReadAction","target":["https:\/\/staging.gbarquitectos.pt\/es\/servicios\/"]}]},{"@type":"BreadcrumbList","@id":"https:\/\/staging.gbarquitectos.pt\/es\/servicios\/#breadcrumb","itemListElement":[{"@type":"ListItem","position":1,"name":"Home","item":"https:\/\/staging.gbarquitectos.pt\/es\/inicio\/"},{"@type":"ListItem","position":2,"name":"Servicios"}]},{"@type":"WebSite","@id":"https:\/\/staging.gbarquitectos.pt\/es\/#website","url":"https:\/\/staging.gbarquitectos.pt\/es\/","name":"gbarquitectos","description":"Gon\u00e7alo Bonniz Arquitectos","publisher":{"@id":"https:\/\/staging.gbarquitectos.pt\/es\/#organization"},"potentialAction":[{"@type":"SearchAction","target":{"@type":"EntryPoint","urlTemplate":"https:\/\/staging.gbarquitectos.pt\/es\/?s={search_term_string}"},"query-input":{"@type":"PropertyValueSpecification","valueRequired":true,"valueName":"search_term_string"}}],"inLanguage":"es"},{"@type":"Organization","@id":"https:\/\/staging.gbarquitectos.pt\/es\/#organization","name":"Gon\u00e7alo Bonniz Arquitectos","url":"https:\/\/staging.gbarquitectos.pt\/es\/","logo":{"@type":"ImageObject","inLanguage":"es","@id":"https:\/\/staging.gbarquitectos.pt\/es\/#\/schema\/logo\/image\/","url":"https:\/\/staging.gbarquitectos.pt\/wp-content\/uploads\/2020\/09\/gbarq_logo-transp.png","contentUrl":"https:\/\/staging.gbarquitectos.pt\/wp-content\/uploads\/2020\/09\/gbarq_logo-transp.png","width":5130,"height":803,"caption":"Gon\u00e7alo Bonniz Arquitectos"},"image":{"@id":"https:\/\/staging.gbarquitectos.pt\/es\/#\/schema\/logo\/image\/"},"sameAs":["https:\/\/www.linkedin.com\/in\/gonalo-bonniz-4259a527","https:\/\/www.instagram.com\/gb.arquitectos"]}]}},"_links":{"self":[{"href":"https:\/\/staging.gbarquitectos.pt\/es\/wp-json\/wp\/v2\/pages\/16193","targetHints":{"allow":["GET"]}}],"collection":[{"href":"https:\/\/staging.gbarquitectos.pt\/es\/wp-json\/wp\/v2\/pages"}],"about":[{"href":"https:\/\/staging.gbarquitectos.pt\/es\/wp-json\/wp\/v2\/types\/page"}],"author":[{"embeddable":true,"href":"https:\/\/staging.gbarquitectos.pt\/es\/wp-json\/wp\/v2\/users\/2"}],"replies":[{"embeddable":true,"href":"https:\/\/staging.gbarquitectos.pt\/es\/wp-json\/wp\/v2\/comments?post=16193"}],"version-history":[{"count":1,"href":"https:\/\/staging.gbarquitectos.pt\/es\/wp-json\/wp\/v2\/pages\/16193\/revisions"}],"predecessor-version":[{"id":16200,"href":"https:\/\/staging.gbarquitectos.pt\/es\/wp-json\/wp\/v2\/pages\/16193\/revisions\/16200"}],"wp:attachment":[{"href":"https:\/\/staging.gbarquitectos.pt\/es\/wp-json\/wp\/v2\/media?parent=16193"}],"curies":[{"name":"wp","href":"https:\/\/api.w.org\/{rel}","templated":true}]}}