{"id":15928,"date":"2024-09-28T14:20:32","date_gmt":"2024-09-28T13:20:32","guid":{"rendered":"https:\/\/staging.gbarquitectos.pt\/services\/"},"modified":"2025-03-27T00:49:47","modified_gmt":"2025-03-27T00:49:47","slug":"services","status":"publish","type":"page","link":"https:\/\/staging.gbarquitectos.pt\/fr\/services\/","title":{"rendered":"Services"},"content":{"rendered":"<div id=\"fusion-scroll-section-1\" class=\"fusion-scroll-section fusion-scroll-section\" data-section=\"1\" data-animation=\"fade\" data-speed=\"800\" ><div class=\"fusion-scroll-section-element active\" data-section=\"1\" data-element=\"1\" style=\"transition-duration:400ms;&quot;\" ><div id=\"services\" class=\"fusion-container-anchor\"><div class=\"fusion-fullwidth fullwidth-box fusion-builder-row-1 fusion-flex-container has-pattern-background has-mask-background fusion-parallax-none hundred-percent-fullwidth hundred-percent-height hundred-percent-height-center-content hundred-percent-height-scrolling\" style=\"--awb-background-position:center bottom;--awb-background-repeat:repeat-y;--awb-background-blend-mode:overlay;--awb-border-radius-top-left:0px;--awb-border-radius-top-right:0px;--awb-border-radius-bottom-right:0px;--awb-border-radius-bottom-left:0px;--awb-padding-top:200px;--awb-padding-right:5.5%;--awb-padding-bottom:0px;--awb-padding-left:5.5%;--awb-margin-top:-116px;--awb-margin-bottom:0px;--awb-margin-top-small:-85px;--awb-margin-bottom-small:0px;--awb-background-color:rgba(238,237,229,0.9);--awb-background-image:url(&quot;https:\/\/staging.gbarquitectos.pt\/wp-content\/uploads\/2024\/08\/House-in-Grandola-FDP-28.jpg&quot;);--awb-background-size:cover;--awb-flex-wrap:wrap;\" data-preload-img=\"https:\/\/staging.gbarquitectos.pt\/wp-content\/uploads\/2024\/08\/House-in-Grandola-FDP-28.jpg\" ><div class=\"fusion-builder-row fusion-row fusion-flex-align-items-flex-start fusion-flex-align-content-flex-start fusion-flex-content-wrap\" style=\"width:104% !important;max-width:104% !important;margin-left: calc(-4% \/ 2 );margin-right: calc(-4% \/ 2 );\"><div class=\"fusion-layout-column fusion_builder_column fusion-builder-column-0 fusion_builder_column_1_1 1_1 fusion-flex-column fusion-flex-align-self-flex-start\" style=\"--awb-bg-size:cover;--awb-width-large:100%;--awb-margin-top-large:0px;--awb-spacing-right-large:0%;--awb-margin-bottom-large:0px;--awb-spacing-left-large:0%;--awb-width-medium:100%;--awb-order-medium:0;--awb-spacing-right-medium:1.92%;--awb-spacing-left-medium:1.92%;--awb-width-small:100%;--awb-order-small:0;--awb-spacing-right-small:1.92%;--awb-spacing-left-small:1.92%;\"><div class=\"fusion-column-wrapper fusion-column-has-shadow fusion-flex-justify-content-flex-start fusion-content-layout-column\"><div class=\"fusion-title title fusion-title-1 fusion-title-text fusion-title-size-three\" style=\"--awb-margin-bottom:25px;--awb-margin-top-small:0px;--awb-margin-right-small:0px;--awb-margin-bottom-small:20px;--awb-margin-left-small:0px;\"><div class=\"title-sep-container title-sep-container-left fusion-no-large-visibility fusion-no-medium-visibility fusion-no-small-visibility\"><div class=\"title-sep sep- sep-solid\" style=\"border-color:hsla(var(--awb-color2-h),var(--awb-color2-s),var(--awb-color2-l),calc( var(--awb-color2-a) - 10% ));\"><\/div><\/div><span class=\"awb-title-spacer fusion-no-large-visibility fusion-no-medium-visibility fusion-no-small-visibility\"><\/span><h3 class=\"fusion-title-heading title-heading-left\" style=\"margin:0;\"><b>services<\/b><\/h3><span class=\"awb-title-spacer\"><\/span><div class=\"title-sep-container title-sep-container-right\"><div class=\"title-sep sep- sep-solid\" style=\"border-color:hsla(var(--awb-color2-h),var(--awb-color2-s),var(--awb-color2-l),calc( var(--awb-color2-a) - 10% ));\"><\/div><\/div><\/div><\/div><\/div><div class=\"fusion-layout-column fusion_builder_column fusion-builder-column-1 fusion_builder_column_1_1 1_1 fusion-flex-column fusion-flex-align-self-flex-start\" style=\"--awb-padding-bottom-small:15%;--awb-bg-size:cover;--awb-width-large:100%;--awb-margin-top-large:0px;--awb-spacing-right-large:0%;--awb-margin-bottom-large:0px;--awb-spacing-left-large:0%;--awb-width-medium:100%;--awb-order-medium:0;--awb-spacing-right-medium:1.92%;--awb-spacing-left-medium:1.92%;--awb-width-small:100%;--awb-order-small:0;--awb-margin-top-small:0px;--awb-spacing-right-small:1.92%;--awb-margin-bottom-small:0px;--awb-spacing-left-small:1.92%;\"><div class=\"fusion-column-wrapper fusion-column-has-shadow fusion-flex-justify-content-flex-start fusion-content-layout-column\"><div class=\"accordian fusion-accordian\" style=\"margin-top:0px;margin-bottom:0px;--awb-margin-top:0px;--awb-margin-bottom:0px;--awb-padding-top:5px;--awb-padding-right:25px;--awb-padding-bottom:0px;--awb-padding-left:25px;--awb-border-size:1px;--awb-icon-size:18px;--awb-content-font-size:16px;--awb-content-line-height:1.6;--awb-icon-alignment:left;--awb-hover-color:rgba(255,255,255,0);--awb-border-color:var(--awb-color4);--awb-background-color:rgba(255,255,255,0);--awb-divider-color:var(--awb-color3);--awb-divider-hover-color:var(--awb-color3);--awb-icon-color:var(--awb-color4);--awb-title-color:var(--awb-color5);--awb-content-color:var(--awb-color4);--awb-icon-box-color:var(--awb-color8);--awb-toggle-hover-accent-color:var(--awb-color4);--awb-toggle-active-accent-color:var(--awb-color4);--awb-title-font-family:var(--awb-typography1-font-family);--awb-title-font-weight:var(--awb-typography1-font-weight);--awb-title-font-style:var(--awb-typography1-font-style);--awb-title-font-size:16px;--awb-title-letter-spacing:var(--awb-typography1-letter-spacing);--awb-title-line-height:var(--awb-typography1-line-height);--awb-content-font-family:var(--awb-typography4-font-family);--awb-content-font-weight:var(--awb-typography4-font-weight);--awb-content-font-style:var(--awb-typography4-font-style);\"><div class=\"panel-group fusion-toggle-icon-unboxed\" id=\"accordion-15928-1\"><div class=\"fusion-panel panel-default panel-e42da16e7de3a5093 fusion-toggle-no-divider\"><div class=\"panel-heading\"><h4 class=\"panel-title toggle\" id=\"toggle_e42da16e7de3a5093\"><a aria-expanded=\"false\" aria-controls=\"e42da16e7de3a5093\" role=\"button\" data-toggle=\"collapse\" data-parent=\"#accordion-15928-1\" data-target=\"#e42da16e7de3a5093\" href=\"#e42da16e7de3a5093\"><span class=\"fusion-toggle-icon-wrapper\" aria-hidden=\"true\"><i class=\"fa-fusion-box active-icon fa-angle-down fas\" aria-hidden=\"true\"><\/i><i class=\"fa-fusion-box inactive-icon fa-angle-right fas\" aria-hidden=\"true\"><\/i><\/span><span class=\"fusion-toggle-heading\">L&#039;architecture<\/span><\/a><\/h4><\/div><div id=\"e42da16e7de3a5093\" class=\"panel-collapse collapse \" aria-labelledby=\"toggle_e42da16e7de3a5093\"><div class=\"panel-body toggle-content fusion-clearfix\">\n<p>D\u00e9veloppement d&rsquo;\u00e9tudes et de projets architecturaux depuis la conception de l&rsquo;id\u00e9e jusqu&rsquo;\u00e0 l&rsquo;ex\u00e9cution finale de l&rsquo;ouvrage, en plusieurs phases, notamment<\/p>\n<ul>\n<li>Recherche et analyse initiales<\/li>\n<li>Conception et \u00e9tude pr\u00e9liminaire<\/li>\n<li>\u00c9laboration du projet en vue de l&rsquo;octroi d&rsquo;une licence et de l&rsquo;approbation (phase du projet d&rsquo;octroi de licence)<\/li>\n<li>D\u00e9veloppement du projet pour la budg\u00e9tisation (phase d&rsquo;ex\u00e9cution du projet)<\/li>\n<\/ul>\n<\/div><\/div><\/div><div class=\"fusion-panel panel-default panel-2c9e4ca17e675011d fusion-toggle-no-divider\"><div class=\"panel-heading\"><h4 class=\"panel-title toggle\" id=\"toggle_2c9e4ca17e675011d\"><a aria-expanded=\"false\" aria-controls=\"2c9e4ca17e675011d\" role=\"button\" data-toggle=\"collapse\" data-parent=\"#accordion-15928-1\" data-target=\"#2c9e4ca17e675011d\" href=\"#2c9e4ca17e675011d\"><span class=\"fusion-toggle-icon-wrapper\" aria-hidden=\"true\"><i class=\"fa-fusion-box active-icon fa-angle-down fas\" aria-hidden=\"true\"><\/i><i class=\"fa-fusion-box inactive-icon fa-angle-right fas\" aria-hidden=\"true\"><\/i><\/span><span class=\"fusion-toggle-heading\">Ing\u00e9nierie<\/span><\/a><\/h4><\/div><div id=\"2c9e4ca17e675011d\" class=\"panel-collapse collapse \" aria-labelledby=\"toggle_2c9e4ca17e675011d\"><div class=\"panel-body toggle-content fusion-clearfix\">\n<p>D\u00e9veloppement de tous les projets d&rsquo;ing\u00e9nierie et d&rsquo;am\u00e9nagement paysager aux stades de l&rsquo;autorisation et de l&rsquo;ex\u00e9cution.<\/p>\n<ul>\n<li>Projet de structure<\/li>\n<li>Projets d&rsquo;installations techniques\n<ul>\n<li>\u00c9lectricit\u00e9 et t\u00e9l\u00e9communications<\/li>\n<li>Hydraulique (eau et assainissement)<\/li>\n<li>CVC (chauffage, ventilation et climatisation)<\/li>\n<li>R\u00e9seau de gaz<\/li>\n<li>Certification thermique \/ \u00e9nerg\u00e9tique de REH \/ RECS<\/li>\n<li>Acoustique<\/li>\n<\/ul>\n<\/li>\n<li>Paysage<\/li>\n<\/ul>\n<\/div><\/div><\/div><div class=\"fusion-panel panel-default panel-0a9308a2384bddf7c fusion-toggle-no-divider\"><div class=\"panel-heading\"><h4 class=\"panel-title toggle\" id=\"toggle_0a9308a2384bddf7c\"><a aria-expanded=\"false\" aria-controls=\"0a9308a2384bddf7c\" role=\"button\" data-toggle=\"collapse\" data-parent=\"#accordion-15928-1\" data-target=\"#0a9308a2384bddf7c\" href=\"#0a9308a2384bddf7c\"><span class=\"fusion-toggle-icon-wrapper\" aria-hidden=\"true\"><i class=\"fa-fusion-box active-icon fa-angle-down fas\" aria-hidden=\"true\"><\/i><i class=\"fa-fusion-box inactive-icon fa-angle-right fas\" aria-hidden=\"true\"><\/i><\/span><span class=\"fusion-toggle-heading\">Coordination du projet<\/span><\/a><\/h4><\/div><div id=\"0a9308a2384bddf7c\" class=\"panel-collapse collapse \" aria-labelledby=\"toggle_0a9308a2384bddf7c\"><div class=\"panel-body toggle-content fusion-clearfix\">\n<ul>\n<li>La coordination du projet assurera tous les aspects du processus de conception, pour les phases d&rsquo;autorisation et de construction.<\/li>\n<li>Au cours du processus de conception des diff\u00e9rents projets, le concept de gestion de projet int\u00e9gr\u00e9e sera mis en \u0153uvre, afin de garantir que tous les projets sont d\u00e9velopp\u00e9s d&rsquo;une mani\u00e8re int\u00e9gr\u00e9e et compatible permettant d&rsquo;atteindre un \u00e9quilibre co\u00fbt\/qualit\u00e9 et de rester dans les limites du budget \u00e9tabli par le d\u00e9veloppeur, en \u00e9vitant des modifications significatives \u00e0 des stades ult\u00e9rieurs qui ont tendance \u00e0 se traduire par des \u00ab\u00a0surprises\u00a0\u00bb co\u00fbteuses.<\/li>\n<li>Actions qui ont lieu pendant la coordination du projet :\n<ul>\n<li>D\u00e9finition du programme<\/li>\n<li>Analyse de la solution du projet<\/li>\n<li>Ma\u00eetrise des co\u00fbts de la solution<\/li>\n<li>\u00c9valuation des solutions alternatives possibles<\/li>\n<li>Optimisation et compatibilit\u00e9 des solutions<\/li>\n<li>Mise \u00e0 jour fr\u00e9quente et int\u00e9gration de solutions entre diff\u00e9rents projets<\/li>\n<\/ul>\n<\/li>\n<\/ul>\n<\/div><\/div><\/div><div class=\"fusion-panel panel-default panel-8519e5f7bfb66f511 fusion-toggle-no-divider\"><div class=\"panel-heading\"><h4 class=\"panel-title toggle\" id=\"toggle_8519e5f7bfb66f511\"><a aria-expanded=\"false\" aria-controls=\"8519e5f7bfb66f511\" role=\"button\" data-toggle=\"collapse\" data-parent=\"#accordion-15928-1\" data-target=\"#8519e5f7bfb66f511\" href=\"#8519e5f7bfb66f511\"><span class=\"fusion-toggle-icon-wrapper\" aria-hidden=\"true\"><i class=\"fa-fusion-box active-icon fa-angle-down fas\" aria-hidden=\"true\"><\/i><i class=\"fa-fusion-box inactive-icon fa-angle-right fas\" aria-hidden=\"true\"><\/i><\/span><span class=\"fusion-toggle-heading\">Gestion de la construction<\/span><\/a><\/h4><\/div><div id=\"8519e5f7bfb66f511\" class=\"panel-collapse collapse \" aria-labelledby=\"toggle_8519e5f7bfb66f511\"><div class=\"panel-body toggle-content fusion-clearfix\">\n<ul>\n<li><span style=\"color: #000000;\">La gestion de la construction (coordination, supervision et contr\u00f4le technique) vise fondamentalement \u00e0 garantir l&rsquo;ex\u00e9cution du projet tel qu&rsquo;il est sp\u00e9cifi\u00e9 dans les documents de construction, en termes de qualit\u00e9, de calendrier et de budget.<\/span><\/li>\n<li><span style=\"color: #000000;\">En g\u00e9n\u00e9ral, les services de gestion de la construction d\u00e9pendent de la nature et de la sp\u00e9cificit\u00e9 du projet :<\/span>\n<ul>\n<li><span style=\"color: #000000;\">Processus d&rsquo;appel d&rsquo;offres (analyse et comparaison des offres ; n\u00e9gociation et attribution du contrat)<\/span><\/li>\n<li><span style=\"color: #000000;\">Qualit\u00e9 du contr\u00f4le de l&rsquo;ex\u00e9cution et de la planification<\/span><\/li>\n<li><span style=\"color: #000000;\">\u00c9valuation des co\u00fbts de construction \/ contr\u00f4le du budget<\/span><\/li>\n<li><span style=\"color: #000000;\">Coordination administrative<\/span><\/li>\n<\/ul>\n<\/li>\n<li><span style=\"color: #000000;\">Une attention particuli\u00e8re est \u00e9galement accord\u00e9e \u00e0 la comptabilit\u00e9 des co\u00fbts de construction, notamment dans les domaines suivants :<\/span>\n<ul>\n<li><span style=\"color: #000000;\">Analyse de la r\u00e9vision des prix, le cas \u00e9ch\u00e9ant<\/span><\/li>\n<li><span style=\"color: #000000;\">Contr\u00f4le quantitatif des mat\u00e9riaux et des travaux pendant la construction<\/span><\/li>\n<li><span style=\"color: #000000;\">\u00c9valuation du co\u00fbt des travaux suppl\u00e9mentaires (hors contrat)<\/span><\/li>\n<li><span style=\"color: #000000;\">Chronogramme financier du projet<\/span><\/li>\n<\/ul>\n<\/li>\n<li><span style=\"color: #000000;\">Il est tout aussi important de conseiller le propri\u00e9taire\/d\u00e9veloppeur et de le tenir d\u00fbment inform\u00e9 du d\u00e9roulement des \u00e9v\u00e9nements pendant toutes les phases de la construction.<\/span><\/li>\n<\/ul>\n<\/div><\/div><\/div><\/div><\/div><\/div><\/div><\/div><\/div><\/div><\/div>\n","protected":false},"excerpt":{"rendered":"","protected":false},"author":2,"featured_media":0,"parent":0,"menu_order":0,"comment_status":"closed","ping_status":"closed","template":"100-width.php","meta":{"_acf_changed":false,"footnotes":""},"class_list":["post-15928","page","type-page","status-publish","hentry"],"acf":[],"yoast_head":"<!-- This site is optimized with the Yoast SEO plugin v27.4 - https:\/\/yoast.com\/product\/yoast-seo-wordpress\/ -->\n<title>Services de Gon\u00e7alo Bonniz Arquitectos<\/title>\n<meta name=\"description\" content=\"Nos services offrent des solutions architecturales innovantes adapt\u00e9es \u00e0 vos besoins, ainsi que des services d&#039;ing\u00e9nierie, de coordination de projets et de gestion de la construction.\" \/>\n<meta name=\"robots\" content=\"index, follow, max-snippet:-1, max-image-preview:large, max-video-preview:-1\" \/>\n<link rel=\"canonical\" href=\"https:\/\/staging.gbarquitectos.pt\/fr\/services\/\" \/>\n<meta property=\"og:locale\" content=\"fr_FR\" \/>\n<meta property=\"og:type\" content=\"article\" \/>\n<meta property=\"og:title\" content=\"Services de Gon\u00e7alo Bonniz Arquitectos\" \/>\n<meta property=\"og:description\" content=\"Nos services offrent des solutions architecturales innovantes adapt\u00e9es \u00e0 vos besoins, ainsi que des services d&#039;ing\u00e9nierie, de coordination de projets et de gestion de la construction.\" \/>\n<meta property=\"og:url\" content=\"https:\/\/staging.gbarquitectos.pt\/fr\/services\/\" \/>\n<meta property=\"og:site_name\" content=\"gbarquitectos\" \/>\n<meta property=\"article:modified_time\" content=\"2025-03-27T00:49:47+00:00\" \/>\n<meta name=\"twitter:card\" content=\"summary_large_image\" \/>\n<meta name=\"twitter:label1\" content=\"Dur\u00e9e de lecture estim\u00e9e\" \/>\n\t<meta name=\"twitter:data1\" content=\"8 minutes\" \/>\n<script type=\"application\/ld+json\" class=\"yoast-schema-graph\">{\"@context\":\"https:\\\/\\\/schema.org\",\"@graph\":[{\"@type\":\"WebPage\",\"@id\":\"https:\\\/\\\/staging.gbarquitectos.pt\\\/fr\\\/services\\\/\",\"url\":\"https:\\\/\\\/staging.gbarquitectos.pt\\\/fr\\\/services\\\/\",\"name\":\"Services de Gon\u00e7alo Bonniz Arquitectos\",\"isPartOf\":{\"@id\":\"https:\\\/\\\/staging.gbarquitectos.pt\\\/fr\\\/#website\"},\"datePublished\":\"2024-09-28T13:20:32+00:00\",\"dateModified\":\"2025-03-27T00:49:47+00:00\",\"description\":\"Nos services offrent des solutions architecturales innovantes adapt\u00e9es \u00e0 vos besoins, ainsi que des services d'ing\u00e9nierie, de coordination de projets et de gestion de la construction.\",\"breadcrumb\":{\"@id\":\"https:\\\/\\\/staging.gbarquitectos.pt\\\/fr\\\/services\\\/#breadcrumb\"},\"inLanguage\":\"fr-FR\",\"potentialAction\":[{\"@type\":\"ReadAction\",\"target\":[\"https:\\\/\\\/staging.gbarquitectos.pt\\\/fr\\\/services\\\/\"]}]},{\"@type\":\"BreadcrumbList\",\"@id\":\"https:\\\/\\\/staging.gbarquitectos.pt\\\/fr\\\/services\\\/#breadcrumb\",\"itemListElement\":[{\"@type\":\"ListItem\",\"position\":1,\"name\":\"Home\",\"item\":\"https:\\\/\\\/staging.gbarquitectos.pt\\\/fr\\\/domicile\\\/\"},{\"@type\":\"ListItem\",\"position\":2,\"name\":\"Services\"}]},{\"@type\":\"WebSite\",\"@id\":\"https:\\\/\\\/staging.gbarquitectos.pt\\\/fr\\\/#website\",\"url\":\"https:\\\/\\\/staging.gbarquitectos.pt\\\/fr\\\/\",\"name\":\"gbarquitectos\",\"description\":\"Gon\u00e7alo Bonniz Arquitectos\",\"publisher\":{\"@id\":\"https:\\\/\\\/staging.gbarquitectos.pt\\\/fr\\\/#organization\"},\"potentialAction\":[{\"@type\":\"SearchAction\",\"target\":{\"@type\":\"EntryPoint\",\"urlTemplate\":\"https:\\\/\\\/staging.gbarquitectos.pt\\\/fr\\\/?s={search_term_string}\"},\"query-input\":{\"@type\":\"PropertyValueSpecification\",\"valueRequired\":true,\"valueName\":\"search_term_string\"}}],\"inLanguage\":\"fr-FR\"},{\"@type\":\"Organization\",\"@id\":\"https:\\\/\\\/staging.gbarquitectos.pt\\\/fr\\\/#organization\",\"name\":\"Gon\u00e7alo Bonniz Arquitectos\",\"url\":\"https:\\\/\\\/staging.gbarquitectos.pt\\\/fr\\\/\",\"logo\":{\"@type\":\"ImageObject\",\"inLanguage\":\"fr-FR\",\"@id\":\"https:\\\/\\\/staging.gbarquitectos.pt\\\/fr\\\/#\\\/schema\\\/logo\\\/image\\\/\",\"url\":\"https:\\\/\\\/staging.gbarquitectos.pt\\\/wp-content\\\/uploads\\\/2020\\\/09\\\/gbarq_logo-transp.png\",\"contentUrl\":\"https:\\\/\\\/staging.gbarquitectos.pt\\\/wp-content\\\/uploads\\\/2020\\\/09\\\/gbarq_logo-transp.png\",\"width\":5130,\"height\":803,\"caption\":\"Gon\u00e7alo Bonniz Arquitectos\"},\"image\":{\"@id\":\"https:\\\/\\\/staging.gbarquitectos.pt\\\/fr\\\/#\\\/schema\\\/logo\\\/image\\\/\"},\"sameAs\":[\"https:\\\/\\\/www.linkedin.com\\\/in\\\/gonalo-bonniz-4259a527\",\"https:\\\/\\\/www.instagram.com\\\/gb.arquitectos\"]}]}<\/script>\n<!-- \/ Yoast SEO plugin. -->","yoast_head_json":{"title":"Services de Gon\u00e7alo Bonniz Arquitectos","description":"Nos services offrent des solutions architecturales innovantes adapt\u00e9es \u00e0 vos besoins, ainsi que des services d'ing\u00e9nierie, de coordination de projets et de gestion de la construction.","robots":{"index":"index","follow":"follow","max-snippet":"max-snippet:-1","max-image-preview":"max-image-preview:large","max-video-preview":"max-video-preview:-1"},"canonical":"https:\/\/staging.gbarquitectos.pt\/fr\/services\/","og_locale":"fr_FR","og_type":"article","og_title":"Services de Gon\u00e7alo Bonniz Arquitectos","og_description":"Nos services offrent des solutions architecturales innovantes adapt\u00e9es \u00e0 vos besoins, ainsi que des services d'ing\u00e9nierie, de coordination de projets et de gestion de la construction.","og_url":"https:\/\/staging.gbarquitectos.pt\/fr\/services\/","og_site_name":"gbarquitectos","article_modified_time":"2025-03-27T00:49:47+00:00","twitter_card":"summary_large_image","twitter_misc":{"Dur\u00e9e de lecture estim\u00e9e":"8 minutes"},"schema":{"@context":"https:\/\/schema.org","@graph":[{"@type":"WebPage","@id":"https:\/\/staging.gbarquitectos.pt\/fr\/services\/","url":"https:\/\/staging.gbarquitectos.pt\/fr\/services\/","name":"Services de Gon\u00e7alo Bonniz Arquitectos","isPartOf":{"@id":"https:\/\/staging.gbarquitectos.pt\/fr\/#website"},"datePublished":"2024-09-28T13:20:32+00:00","dateModified":"2025-03-27T00:49:47+00:00","description":"Nos services offrent des solutions architecturales innovantes adapt\u00e9es \u00e0 vos besoins, ainsi que des services d'ing\u00e9nierie, de coordination de projets et de gestion de la construction.","breadcrumb":{"@id":"https:\/\/staging.gbarquitectos.pt\/fr\/services\/#breadcrumb"},"inLanguage":"fr-FR","potentialAction":[{"@type":"ReadAction","target":["https:\/\/staging.gbarquitectos.pt\/fr\/services\/"]}]},{"@type":"BreadcrumbList","@id":"https:\/\/staging.gbarquitectos.pt\/fr\/services\/#breadcrumb","itemListElement":[{"@type":"ListItem","position":1,"name":"Home","item":"https:\/\/staging.gbarquitectos.pt\/fr\/domicile\/"},{"@type":"ListItem","position":2,"name":"Services"}]},{"@type":"WebSite","@id":"https:\/\/staging.gbarquitectos.pt\/fr\/#website","url":"https:\/\/staging.gbarquitectos.pt\/fr\/","name":"gbarquitectos","description":"Gon\u00e7alo Bonniz Arquitectos","publisher":{"@id":"https:\/\/staging.gbarquitectos.pt\/fr\/#organization"},"potentialAction":[{"@type":"SearchAction","target":{"@type":"EntryPoint","urlTemplate":"https:\/\/staging.gbarquitectos.pt\/fr\/?s={search_term_string}"},"query-input":{"@type":"PropertyValueSpecification","valueRequired":true,"valueName":"search_term_string"}}],"inLanguage":"fr-FR"},{"@type":"Organization","@id":"https:\/\/staging.gbarquitectos.pt\/fr\/#organization","name":"Gon\u00e7alo Bonniz Arquitectos","url":"https:\/\/staging.gbarquitectos.pt\/fr\/","logo":{"@type":"ImageObject","inLanguage":"fr-FR","@id":"https:\/\/staging.gbarquitectos.pt\/fr\/#\/schema\/logo\/image\/","url":"https:\/\/staging.gbarquitectos.pt\/wp-content\/uploads\/2020\/09\/gbarq_logo-transp.png","contentUrl":"https:\/\/staging.gbarquitectos.pt\/wp-content\/uploads\/2020\/09\/gbarq_logo-transp.png","width":5130,"height":803,"caption":"Gon\u00e7alo Bonniz Arquitectos"},"image":{"@id":"https:\/\/staging.gbarquitectos.pt\/fr\/#\/schema\/logo\/image\/"},"sameAs":["https:\/\/www.linkedin.com\/in\/gonalo-bonniz-4259a527","https:\/\/www.instagram.com\/gb.arquitectos"]}]}},"_links":{"self":[{"href":"https:\/\/staging.gbarquitectos.pt\/fr\/wp-json\/wp\/v2\/pages\/15928","targetHints":{"allow":["GET"]}}],"collection":[{"href":"https:\/\/staging.gbarquitectos.pt\/fr\/wp-json\/wp\/v2\/pages"}],"about":[{"href":"https:\/\/staging.gbarquitectos.pt\/fr\/wp-json\/wp\/v2\/types\/page"}],"author":[{"embeddable":true,"href":"https:\/\/staging.gbarquitectos.pt\/fr\/wp-json\/wp\/v2\/users\/2"}],"replies":[{"embeddable":true,"href":"https:\/\/staging.gbarquitectos.pt\/fr\/wp-json\/wp\/v2\/comments?post=15928"}],"version-history":[{"count":2,"href":"https:\/\/staging.gbarquitectos.pt\/fr\/wp-json\/wp\/v2\/pages\/15928\/revisions"}],"predecessor-version":[{"id":15937,"href":"https:\/\/staging.gbarquitectos.pt\/fr\/wp-json\/wp\/v2\/pages\/15928\/revisions\/15937"}],"wp:attachment":[{"href":"https:\/\/staging.gbarquitectos.pt\/fr\/wp-json\/wp\/v2\/media?parent=15928"}],"curies":[{"name":"wp","href":"https:\/\/api.w.org\/{rel}","templated":true}]}}