{"id":15933,"date":"2024-09-28T14:33:47","date_gmt":"2024-09-28T13:33:47","guid":{"rendered":"https:\/\/staging.gbarquitectos.pt\/a-propos-de\/"},"modified":"2025-03-27T00:49:49","modified_gmt":"2025-03-27T00:49:49","slug":"a-propos-de","status":"publish","type":"page","link":"https:\/\/staging.gbarquitectos.pt\/fr\/a-propos-de\/","title":{"rendered":"\u00e0 propos de"},"content":{"rendered":"<div id=\"services\" class=\"fusion-container-anchor\"><div class=\"fusion-fullwidth fullwidth-box fusion-builder-row-1 fusion-flex-container has-pattern-background has-mask-background fusion-parallax-none hundred-percent-fullwidth hundred-percent-height hundred-percent-height-center-content non-hundred-percent-height-scrolling\" style=\"--awb-background-position:center bottom;--awb-background-repeat:repeat-y;--awb-background-blend-mode:overlay;--awb-border-radius-top-left:0px;--awb-border-radius-top-right:0px;--awb-border-radius-bottom-right:0px;--awb-border-radius-bottom-left:0px;--awb-padding-top:200px;--awb-padding-right:5.5%;--awb-padding-bottom:0px;--awb-padding-left:5.5%;--awb-padding-top-small:85px;--awb-margin-top:-116px;--awb-margin-bottom:0px;--awb-margin-top-small:0px;--awb-margin-bottom-small:0px;--awb-background-color:rgba(238,237,229,0.9);--awb-background-image:url(&quot;https:\/\/staging.gbarquitectos.pt\/wp-content\/uploads\/2024\/08\/House-in-Grandola-FDP-28.jpg&quot;);--awb-background-size:cover;--awb-flex-wrap:wrap;\" data-preload-img=\"https:\/\/staging.gbarquitectos.pt\/wp-content\/uploads\/2024\/08\/House-in-Grandola-FDP-28.jpg\" ><div class=\"fusion-builder-row fusion-row fusion-flex-align-items-flex-start fusion-flex-align-content-flex-start fusion-flex-content-wrap\" style=\"width:104% !important;max-width:104% !important;margin-left: calc(-4% \/ 2 );margin-right: calc(-4% \/ 2 );\"><div class=\"fusion-layout-column fusion_builder_column fusion-builder-column-0 fusion_builder_column_1_1 1_1 fusion-flex-column fusion-flex-align-self-flex-start\" style=\"--awb-bg-size:cover;--awb-width-large:100%;--awb-margin-top-large:0px;--awb-spacing-right-large:0%;--awb-margin-bottom-large:0px;--awb-spacing-left-large:0%;--awb-width-medium:100%;--awb-order-medium:0;--awb-spacing-right-medium:1.92%;--awb-spacing-left-medium:1.92%;--awb-width-small:100%;--awb-order-small:0;--awb-spacing-right-small:1.92%;--awb-spacing-left-small:1.92%;\"><div class=\"fusion-column-wrapper fusion-column-has-shadow fusion-flex-justify-content-flex-start fusion-content-layout-column\"><div class=\"fusion-title title fusion-title-1 fusion-title-text fusion-title-size-three\" style=\"--awb-margin-bottom:25px;--awb-margin-top-small:0px;--awb-margin-right-small:0px;--awb-margin-bottom-small:20px;--awb-margin-left-small:0px;\"><div class=\"title-sep-container title-sep-container-left fusion-no-large-visibility fusion-no-medium-visibility fusion-no-small-visibility\"><div class=\"title-sep sep- sep-solid\" style=\"border-color:hsla(var(--awb-color2-h),var(--awb-color2-s),var(--awb-color2-l),calc( var(--awb-color2-a) - 10% ));\"><\/div><\/div><span class=\"awb-title-spacer fusion-no-large-visibility fusion-no-medium-visibility fusion-no-small-visibility\"><\/span><h3 class=\"fusion-title-heading title-heading-left\" style=\"margin:0;\"><b>\u00e0 propos de<\/b><\/h3><span class=\"awb-title-spacer\"><\/span><div class=\"title-sep-container title-sep-container-right\"><div class=\"title-sep sep- sep-solid\" style=\"border-color:hsla(var(--awb-color2-h),var(--awb-color2-s),var(--awb-color2-l),calc( var(--awb-color2-a) - 10% ));\"><\/div><\/div><\/div><div class=\"fusion-text fusion-text-1\" style=\"--awb-line-height:1.2;\"><div class=\"ql-block\" data-block-id=\"block-2330090a-0ade-4918-a8e9-9804193cc62b\">\n<p>Gon\u00e7alo Bonniz est n\u00e9 \u00e0 Lisbonne en 1967. Il a obtenu son dipl\u00f4me de dessin et de conception de construction au Central Ohio Technical College en 1989 et sa ma\u00eetrise en architecture \u00e0 l&rsquo;universit\u00e9 Lusiada de Lisbonne en 1996. Il est membre de l&rsquo;ordre des architectes du Portugal depuis cette date. <\/p>\n<p>D\u00e8s son plus jeune \u00e2ge, il travaille avec une \u00e9quipe pluridisciplinaire d&rsquo;architectes et d&rsquo;ing\u00e9nieurs, ce qui lui permet d&rsquo;approfondir ses connaissances en mati\u00e8re de gestion int\u00e9gr\u00e9e des projets et de la conception. Il d\u00e9veloppe et coordonne ensuite plusieurs projets, dans plusieurs domaines, tels que la r\u00e9habilitation de b\u00e2timents anciens, le logement, les immeubles de bureaux, les d\u00e9veloppements touristiques, etc. <\/p>\n<p>Au cours de sa carri\u00e8re professionnelle, il a acquis des connaissances sp\u00e9cifiques dans plusieurs domaines th\u00e9matiques, dont l&rsquo;immobilier touristique, gr\u00e2ce \u00e0 l&rsquo;exp\u00e9rience acquise par le pass\u00e9 dans le cadre de certaines des plus grandes entreprises portugaises.<\/p>\n<p>En 2015,<b> gon\u00e7alobonniz arquitectos<\/b> a \u00e9t\u00e9 cr\u00e9\u00e9, un bureau dont l&rsquo;objectif est de travailler en \u00e9troite collaboration avec les clients, afin de fournir les meilleures solutions int\u00e9gr\u00e9es, obtenues par le biais d&rsquo;une collaboration interactive et permanente.<\/p>\n<p>Son bureau fournit un soutien permanent depuis le d\u00e9veloppement conceptuel et la r\u00e9daction du projet, pendant la construction et jusqu&rsquo;\u00e0 l&rsquo;ach\u00e8vement.<\/p>\n<\/div>\n<\/div><div class=\"fusion-content-boxes content-boxes columns row fusion-columns-4 fusion-columns-total-0 fusion-content-boxes-1 content-boxes-icon-on-top content-left\" style=\"--awb-hover-accent-color:var(--awb-color4);--awb-circle-hover-accent-color:var(--awb-color4);\" data-animationOffset=\"top-into-view\"><div class=\"fusion-clearfix\"><\/div><\/div><\/div><\/div><\/div><\/div><\/div>\n","protected":false},"excerpt":{"rendered":"","protected":false},"author":2,"featured_media":0,"parent":0,"menu_order":0,"comment_status":"closed","ping_status":"closed","template":"100-width.php","meta":{"_acf_changed":false,"footnotes":""},"class_list":["post-15933","page","type-page","status-publish","hentry"],"acf":[],"yoast_head":"<!-- This site is optimized with the Yoast SEO plugin v27.4 - https:\/\/yoast.com\/product\/yoast-seo-wordpress\/ -->\n<title>A propos de Gon\u00e7alo Bonniz | gbarquitetos<\/title>\n<meta name=\"description\" content=\"Gon\u00e7alo Bonniz a cr\u00e9\u00e9 un bureau ax\u00e9 sur la fourniture des meilleures solutions int\u00e9gr\u00e9es, gr\u00e2ce \u00e0 une collaboration interactive et permanente.\" \/>\n<meta name=\"robots\" content=\"index, follow, max-snippet:-1, max-image-preview:large, max-video-preview:-1\" \/>\n<link rel=\"canonical\" href=\"https:\/\/staging.gbarquitectos.pt\/fr\/a-propos-de\/\" \/>\n<meta property=\"og:locale\" content=\"fr_FR\" \/>\n<meta property=\"og:type\" content=\"article\" \/>\n<meta property=\"og:title\" content=\"A propos de Gon\u00e7alo Bonniz | gbarquitetos\" \/>\n<meta property=\"og:description\" content=\"Gon\u00e7alo Bonniz a cr\u00e9\u00e9 un bureau ax\u00e9 sur la fourniture des meilleures solutions int\u00e9gr\u00e9es, gr\u00e2ce \u00e0 une collaboration interactive et permanente.\" \/>\n<meta property=\"og:url\" content=\"https:\/\/staging.gbarquitectos.pt\/fr\/a-propos-de\/\" \/>\n<meta property=\"og:site_name\" content=\"gbarquitectos\" \/>\n<meta property=\"article:modified_time\" content=\"2025-03-27T00:49:49+00:00\" \/>\n<meta name=\"twitter:card\" content=\"summary_large_image\" \/>\n<meta name=\"twitter:label1\" content=\"Dur\u00e9e de lecture estim\u00e9e\" \/>\n\t<meta name=\"twitter:data1\" content=\"5 minutes\" \/>\n<script type=\"application\/ld+json\" class=\"yoast-schema-graph\">{\"@context\":\"https:\\\/\\\/schema.org\",\"@graph\":[{\"@type\":\"WebPage\",\"@id\":\"https:\\\/\\\/staging.gbarquitectos.pt\\\/fr\\\/a-propos-de\\\/\",\"url\":\"https:\\\/\\\/staging.gbarquitectos.pt\\\/fr\\\/a-propos-de\\\/\",\"name\":\"A propos de Gon\u00e7alo Bonniz | gbarquitetos\",\"isPartOf\":{\"@id\":\"https:\\\/\\\/staging.gbarquitectos.pt\\\/fr\\\/#website\"},\"datePublished\":\"2024-09-28T13:33:47+00:00\",\"dateModified\":\"2025-03-27T00:49:49+00:00\",\"description\":\"Gon\u00e7alo Bonniz a cr\u00e9\u00e9 un bureau ax\u00e9 sur la fourniture des meilleures solutions int\u00e9gr\u00e9es, gr\u00e2ce \u00e0 une collaboration interactive et permanente.\",\"breadcrumb\":{\"@id\":\"https:\\\/\\\/staging.gbarquitectos.pt\\\/fr\\\/a-propos-de\\\/#breadcrumb\"},\"inLanguage\":\"fr-FR\",\"potentialAction\":[{\"@type\":\"ReadAction\",\"target\":[\"https:\\\/\\\/staging.gbarquitectos.pt\\\/fr\\\/a-propos-de\\\/\"]}]},{\"@type\":\"BreadcrumbList\",\"@id\":\"https:\\\/\\\/staging.gbarquitectos.pt\\\/fr\\\/a-propos-de\\\/#breadcrumb\",\"itemListElement\":[{\"@type\":\"ListItem\",\"position\":1,\"name\":\"Home\",\"item\":\"https:\\\/\\\/staging.gbarquitectos.pt\\\/fr\\\/domicile\\\/\"},{\"@type\":\"ListItem\",\"position\":2,\"name\":\"\u00e0 propos de\"}]},{\"@type\":\"WebSite\",\"@id\":\"https:\\\/\\\/staging.gbarquitectos.pt\\\/fr\\\/#website\",\"url\":\"https:\\\/\\\/staging.gbarquitectos.pt\\\/fr\\\/\",\"name\":\"gbarquitectos\",\"description\":\"Gon\u00e7alo Bonniz Arquitectos\",\"publisher\":{\"@id\":\"https:\\\/\\\/staging.gbarquitectos.pt\\\/fr\\\/#organization\"},\"potentialAction\":[{\"@type\":\"SearchAction\",\"target\":{\"@type\":\"EntryPoint\",\"urlTemplate\":\"https:\\\/\\\/staging.gbarquitectos.pt\\\/fr\\\/?s={search_term_string}\"},\"query-input\":{\"@type\":\"PropertyValueSpecification\",\"valueRequired\":true,\"valueName\":\"search_term_string\"}}],\"inLanguage\":\"fr-FR\"},{\"@type\":\"Organization\",\"@id\":\"https:\\\/\\\/staging.gbarquitectos.pt\\\/fr\\\/#organization\",\"name\":\"Gon\u00e7alo Bonniz Arquitectos\",\"url\":\"https:\\\/\\\/staging.gbarquitectos.pt\\\/fr\\\/\",\"logo\":{\"@type\":\"ImageObject\",\"inLanguage\":\"fr-FR\",\"@id\":\"https:\\\/\\\/staging.gbarquitectos.pt\\\/fr\\\/#\\\/schema\\\/logo\\\/image\\\/\",\"url\":\"https:\\\/\\\/staging.gbarquitectos.pt\\\/wp-content\\\/uploads\\\/2020\\\/09\\\/gbarq_logo-transp.png\",\"contentUrl\":\"https:\\\/\\\/staging.gbarquitectos.pt\\\/wp-content\\\/uploads\\\/2020\\\/09\\\/gbarq_logo-transp.png\",\"width\":5130,\"height\":803,\"caption\":\"Gon\u00e7alo Bonniz Arquitectos\"},\"image\":{\"@id\":\"https:\\\/\\\/staging.gbarquitectos.pt\\\/fr\\\/#\\\/schema\\\/logo\\\/image\\\/\"},\"sameAs\":[\"https:\\\/\\\/www.linkedin.com\\\/in\\\/gonalo-bonniz-4259a527\",\"https:\\\/\\\/www.instagram.com\\\/gb.arquitectos\"]}]}<\/script>\n<!-- \/ Yoast SEO plugin. -->","yoast_head_json":{"title":"A propos de Gon\u00e7alo Bonniz | gbarquitetos","description":"Gon\u00e7alo Bonniz a cr\u00e9\u00e9 un bureau ax\u00e9 sur la fourniture des meilleures solutions int\u00e9gr\u00e9es, gr\u00e2ce \u00e0 une collaboration interactive et permanente.","robots":{"index":"index","follow":"follow","max-snippet":"max-snippet:-1","max-image-preview":"max-image-preview:large","max-video-preview":"max-video-preview:-1"},"canonical":"https:\/\/staging.gbarquitectos.pt\/fr\/a-propos-de\/","og_locale":"fr_FR","og_type":"article","og_title":"A propos de Gon\u00e7alo Bonniz | gbarquitetos","og_description":"Gon\u00e7alo Bonniz a cr\u00e9\u00e9 un bureau ax\u00e9 sur la fourniture des meilleures solutions int\u00e9gr\u00e9es, gr\u00e2ce \u00e0 une collaboration interactive et permanente.","og_url":"https:\/\/staging.gbarquitectos.pt\/fr\/a-propos-de\/","og_site_name":"gbarquitectos","article_modified_time":"2025-03-27T00:49:49+00:00","twitter_card":"summary_large_image","twitter_misc":{"Dur\u00e9e de lecture estim\u00e9e":"5 minutes"},"schema":{"@context":"https:\/\/schema.org","@graph":[{"@type":"WebPage","@id":"https:\/\/staging.gbarquitectos.pt\/fr\/a-propos-de\/","url":"https:\/\/staging.gbarquitectos.pt\/fr\/a-propos-de\/","name":"A propos de Gon\u00e7alo Bonniz | gbarquitetos","isPartOf":{"@id":"https:\/\/staging.gbarquitectos.pt\/fr\/#website"},"datePublished":"2024-09-28T13:33:47+00:00","dateModified":"2025-03-27T00:49:49+00:00","description":"Gon\u00e7alo Bonniz a cr\u00e9\u00e9 un bureau ax\u00e9 sur la fourniture des meilleures solutions int\u00e9gr\u00e9es, gr\u00e2ce \u00e0 une collaboration interactive et permanente.","breadcrumb":{"@id":"https:\/\/staging.gbarquitectos.pt\/fr\/a-propos-de\/#breadcrumb"},"inLanguage":"fr-FR","potentialAction":[{"@type":"ReadAction","target":["https:\/\/staging.gbarquitectos.pt\/fr\/a-propos-de\/"]}]},{"@type":"BreadcrumbList","@id":"https:\/\/staging.gbarquitectos.pt\/fr\/a-propos-de\/#breadcrumb","itemListElement":[{"@type":"ListItem","position":1,"name":"Home","item":"https:\/\/staging.gbarquitectos.pt\/fr\/domicile\/"},{"@type":"ListItem","position":2,"name":"\u00e0 propos de"}]},{"@type":"WebSite","@id":"https:\/\/staging.gbarquitectos.pt\/fr\/#website","url":"https:\/\/staging.gbarquitectos.pt\/fr\/","name":"gbarquitectos","description":"Gon\u00e7alo Bonniz Arquitectos","publisher":{"@id":"https:\/\/staging.gbarquitectos.pt\/fr\/#organization"},"potentialAction":[{"@type":"SearchAction","target":{"@type":"EntryPoint","urlTemplate":"https:\/\/staging.gbarquitectos.pt\/fr\/?s={search_term_string}"},"query-input":{"@type":"PropertyValueSpecification","valueRequired":true,"valueName":"search_term_string"}}],"inLanguage":"fr-FR"},{"@type":"Organization","@id":"https:\/\/staging.gbarquitectos.pt\/fr\/#organization","name":"Gon\u00e7alo Bonniz Arquitectos","url":"https:\/\/staging.gbarquitectos.pt\/fr\/","logo":{"@type":"ImageObject","inLanguage":"fr-FR","@id":"https:\/\/staging.gbarquitectos.pt\/fr\/#\/schema\/logo\/image\/","url":"https:\/\/staging.gbarquitectos.pt\/wp-content\/uploads\/2020\/09\/gbarq_logo-transp.png","contentUrl":"https:\/\/staging.gbarquitectos.pt\/wp-content\/uploads\/2020\/09\/gbarq_logo-transp.png","width":5130,"height":803,"caption":"Gon\u00e7alo Bonniz Arquitectos"},"image":{"@id":"https:\/\/staging.gbarquitectos.pt\/fr\/#\/schema\/logo\/image\/"},"sameAs":["https:\/\/www.linkedin.com\/in\/gonalo-bonniz-4259a527","https:\/\/www.instagram.com\/gb.arquitectos"]}]}},"_links":{"self":[{"href":"https:\/\/staging.gbarquitectos.pt\/fr\/wp-json\/wp\/v2\/pages\/15933","targetHints":{"allow":["GET"]}}],"collection":[{"href":"https:\/\/staging.gbarquitectos.pt\/fr\/wp-json\/wp\/v2\/pages"}],"about":[{"href":"https:\/\/staging.gbarquitectos.pt\/fr\/wp-json\/wp\/v2\/types\/page"}],"author":[{"embeddable":true,"href":"https:\/\/staging.gbarquitectos.pt\/fr\/wp-json\/wp\/v2\/users\/2"}],"replies":[{"embeddable":true,"href":"https:\/\/staging.gbarquitectos.pt\/fr\/wp-json\/wp\/v2\/comments?post=15933"}],"version-history":[{"count":2,"href":"https:\/\/staging.gbarquitectos.pt\/fr\/wp-json\/wp\/v2\/pages\/15933\/revisions"}],"predecessor-version":[{"id":15939,"href":"https:\/\/staging.gbarquitectos.pt\/fr\/wp-json\/wp\/v2\/pages\/15933\/revisions\/15939"}],"wp:attachment":[{"href":"https:\/\/staging.gbarquitectos.pt\/fr\/wp-json\/wp\/v2\/media?parent=15933"}],"curies":[{"name":"wp","href":"https:\/\/api.w.org\/{rel}","templated":true}]}}