{"id":16141,"date":"2024-09-28T15:01:45","date_gmt":"2024-09-28T14:01:45","guid":{"rendered":"https:\/\/staging.gbarquitectos.pt\/presse\/"},"modified":"2025-03-27T00:55:10","modified_gmt":"2025-03-27T00:55:10","slug":"presse","status":"publish","type":"page","link":"https:\/\/staging.gbarquitectos.pt\/fr\/presse\/","title":{"rendered":"presse"},"content":{"rendered":"<div id=\"services\" class=\"fusion-container-anchor\"><div class=\"fusion-fullwidth fullwidth-box fusion-builder-row-1 fusion-flex-container has-pattern-background has-mask-background fusion-parallax-none hundred-percent-fullwidth hundred-percent-height hundred-percent-height-center-content non-hundred-percent-height-scrolling\" style=\"--awb-background-position:center bottom;--awb-background-repeat:repeat-y;--awb-background-blend-mode:overlay;--awb-border-radius-top-left:0px;--awb-border-radius-top-right:0px;--awb-border-radius-bottom-right:0px;--awb-border-radius-bottom-left:0px;--awb-padding-top:200px;--awb-padding-right:5.5%;--awb-padding-bottom:0px;--awb-padding-left:5.5%;--awb-padding-top-small:85px;--awb-margin-top:-116px;--awb-margin-bottom:0px;--awb-margin-top-small:0px;--awb-margin-bottom-small:0px;--awb-background-color:rgba(238,237,229,0.9);--awb-background-image:url(&quot;https:\/\/staging.gbarquitectos.pt\/wp-content\/uploads\/2024\/08\/House-in-Grandola-FDP-28.jpg&quot;);--awb-background-size:cover;--awb-flex-wrap:wrap;\" data-preload-img=\"https:\/\/staging.gbarquitectos.pt\/wp-content\/uploads\/2024\/08\/House-in-Grandola-FDP-28.jpg\" ><div class=\"fusion-builder-row fusion-row fusion-flex-align-items-flex-start fusion-flex-align-content-flex-start fusion-flex-content-wrap\" style=\"width:104% !important;max-width:104% !important;margin-left: calc(-4% \/ 2 );margin-right: calc(-4% \/ 2 );\"><div class=\"fusion-layout-column fusion_builder_column fusion-builder-column-0 fusion_builder_column_1_1 1_1 fusion-flex-column fusion-flex-align-self-flex-start\" style=\"--awb-bg-size:cover;--awb-width-large:100%;--awb-margin-top-large:0px;--awb-spacing-right-large:0%;--awb-margin-bottom-large:0px;--awb-spacing-left-large:0%;--awb-width-medium:100%;--awb-order-medium:0;--awb-spacing-right-medium:1.92%;--awb-spacing-left-medium:1.92%;--awb-width-small:100%;--awb-order-small:0;--awb-spacing-right-small:1.92%;--awb-spacing-left-small:1.92%;\"><div class=\"fusion-column-wrapper fusion-column-has-shadow fusion-flex-justify-content-flex-start fusion-content-layout-column\"><div class=\"fusion-title title fusion-title-1 fusion-title-text fusion-title-size-three\" style=\"--awb-margin-top-small:0px;--awb-margin-right-small:0px;--awb-margin-bottom-small:20px;--awb-margin-left-small:0px;\"><div class=\"title-sep-container title-sep-container-left fusion-no-large-visibility fusion-no-medium-visibility fusion-no-small-visibility\"><div class=\"title-sep sep- sep-solid\" style=\"border-color:hsla(var(--awb-color2-h),var(--awb-color2-s),var(--awb-color2-l),calc( var(--awb-color2-a) - 10% ));\"><\/div><\/div><span class=\"awb-title-spacer fusion-no-large-visibility fusion-no-medium-visibility fusion-no-small-visibility\"><\/span><h3 class=\"fusion-title-heading title-heading-left\" style=\"margin:0;\"><b>presse<\/b><\/h3><span class=\"awb-title-spacer\"><\/span><div class=\"title-sep-container title-sep-container-right\"><div class=\"title-sep sep- sep-solid\" style=\"border-color:hsla(var(--awb-color2-h),var(--awb-color2-s),var(--awb-color2-l),calc( var(--awb-color2-a) - 10% ));\"><\/div><\/div><\/div><\/div><\/div><div class=\"fusion-layout-column fusion_builder_column fusion-builder-column-1 fusion_builder_column_1_1 1_1 fusion-flex-column fusion-flex-align-self-stretch\" style=\"--awb-bg-size:cover;--awb-width-large:100%;--awb-margin-top-large:0px;--awb-spacing-right-large:1.92%;--awb-margin-bottom-large:20px;--awb-spacing-left-large:1.92%;--awb-width-medium:100%;--awb-order-medium:0;--awb-spacing-right-medium:1.92%;--awb-spacing-left-medium:1.92%;--awb-width-small:100%;--awb-order-small:0;--awb-spacing-right-small:1.92%;--awb-spacing-left-small:1.92%;\"><div class=\"fusion-column-wrapper fusion-column-has-shadow fusion-flex-justify-content-space-evenly fusion-content-layout-row\"><ul style=\"--awb-iconcolor:var(--awb-color8);--awb-divider-color:rgba(0,0,0,0.11);--awb-line-height:27.2px;--awb-icon-width:27.2px;--awb-icon-height:27.2px;--awb-icon-margin:11.2px;--awb-content-margin:38.4px;\" class=\"fusion-checklist fusion-checklist-1 fusion-checklist-default fusion-checklist-divider type-icons\"><li class=\"fusion-li-item\" style=\"\"><span class=\"icon-wrapper circle-no\"><i class=\"fusion-li-icon fa-angle-right fas\" aria-hidden=\"true\"><\/i><\/span><div class=\"fusion-li-item-content\">Loft &#8211; Rustique moderne &#8211; 2024<\/div><\/li><li class=\"fusion-li-item\" style=\"\"><span class=\"icon-wrapper circle-no\"><i class=\"fusion-li-icon fa-angle-right fas\" aria-hidden=\"true\"><\/i><\/span><div class=\"fusion-li-item-content\">\n<p>C\u00f4t\u00e9 Sud, n\u00ba 204 &#8211; D\u00e9cembre 23 &#8211; Janvier 24<\/p>\n<\/div><\/li><li class=\"fusion-li-item\" style=\"\"><span class=\"icon-wrapper circle-no\"><i class=\"fusion-li-icon fa-angle-right fas\" aria-hidden=\"true\"><\/i><\/span><div class=\"fusion-li-item-content\">\n<p>Elle D\u00e9cor, n\u00ba 10 &#8211; Ottobre 2023<\/p>\n<\/div><\/li><li class=\"fusion-li-item\" style=\"\"><span class=\"icon-wrapper circle-no\"><i class=\"fusion-li-icon fa-angle-right fas\" aria-hidden=\"true\"><\/i><\/span><div class=\"fusion-li-item-content\">\n<p>AD (Architectural Digest), n\u00ba 185 &#8211; Espana Abril 2023<\/p>\n<\/div><\/li><li class=\"fusion-li-item\" style=\"\"><span class=\"icon-wrapper circle-no\"><i class=\"fusion-li-icon fa-angle-right fas\" aria-hidden=\"true\"><\/i><\/span><div class=\"fusion-li-item-content\">AD (Architectural Digest) Edizione Cond\u00e9 Nast &#8211; Aprile 2023<\/div><\/li><li class=\"fusion-li-item\" style=\"\"><span class=\"icon-wrapper circle-no\"><i class=\"fusion-li-icon fa-angle-right fas\" aria-hidden=\"true\"><\/i><\/span><div class=\"fusion-li-item-content\">AD (Architectural Digest) n\u00ba 238 Cond\u00e9 Nast Allemagne &#8211; 2023<\/div><\/li><\/ul><ul style=\"--awb-iconcolor:var(--awb-color8);--awb-divider-color:rgba(0,0,0,0.11);--awb-line-height:27.2px;--awb-icon-width:27.2px;--awb-icon-height:27.2px;--awb-icon-margin:11.2px;--awb-content-margin:38.4px;\" class=\"fusion-checklist fusion-checklist-2 fusion-checklist-default fusion-checklist-divider type-icons\"><li class=\"fusion-li-item\" style=\"\"><span class=\"icon-wrapper circle-no\"><i class=\"fusion-li-icon fa-angle-right fas\" aria-hidden=\"true\"><\/i><\/span><div class=\"fusion-li-item-content\">\n<p>Attitude Interior Design, n\u00ba 113 &#8211; 2023<\/p>\n<\/div><\/li><li class=\"fusion-li-item\" style=\"\"><span class=\"icon-wrapper circle-no\"><i class=\"fusion-li-icon fa-angle-right fas\" aria-hidden=\"true\"><\/i><\/span><div class=\"fusion-li-item-content\">D\u00e9coration du lait &#8211; Juin\/Juillet\/Ao\u00fbt 2022<\/div><\/li><li class=\"fusion-li-item\" style=\"\"><span class=\"icon-wrapper circle-no\"><i class=\"fusion-li-icon fa-angle-right fas\" aria-hidden=\"true\"><\/i><\/span><div class=\"fusion-li-item-content\">Enki &#8211; Sumer Sp\u00e9cial 2022<\/div><\/li><li class=\"fusion-li-item\" style=\"\"><span class=\"icon-wrapper circle-no\"><i class=\"fusion-li-icon fa-angle-right fas\" aria-hidden=\"true\"><\/i><\/span><div class=\"fusion-li-item-content\">\n<p>Attitude Interior Design, n\u00ba104 &#8211; 2022<\/p>\n<\/div><\/li><li class=\"fusion-li-item\" style=\"\"><span class=\"icon-wrapper circle-no\"><i class=\"fusion-li-icon fa-angle-right fas\" aria-hidden=\"true\"><\/i><\/span><div class=\"fusion-li-item-content\">\n<p><a style=\"color: var(--awb-color4);\" href=\"https:\/\/www.archdaily.com\/1011948\/house-in-fonte-das-perdizes-goncalobonniz-arquitectos\" target=\"_blank\" rel=\"noopener\">Archdaily.com<\/a> &#8211; fonte das perdizes<\/p>\n<\/div><\/li><\/ul><\/div><\/div><\/div><\/div><\/div>\n","protected":false},"excerpt":{"rendered":"","protected":false},"author":2,"featured_media":0,"parent":0,"menu_order":0,"comment_status":"closed","ping_status":"closed","template":"100-width.php","meta":{"_acf_changed":false,"footnotes":""},"class_list":["post-16141","page","type-page","status-publish","hentry"],"acf":[],"yoast_head":"<!-- This site is optimized with the Yoast SEO plugin v27.4 - https:\/\/yoast.com\/product\/yoast-seo-wordpress\/ -->\n<title>Presse | Gon\u00e7alo Bonniz Arquitetos<\/title>\n<meta name=\"description\" content=\"Presse - Gon\u00e7alo Bonniz Arquitetos. Loft - Modern Rustic - 2024 ; C\u00f4t\u00e9 Sud, n\u00ba 204 - D\u00e9cembre 23 - Janvier 24 ; Elle D\u00e9cor, n\u00ba 10 - Ottobre 2023\" \/>\n<meta name=\"robots\" content=\"index, follow, max-snippet:-1, max-image-preview:large, max-video-preview:-1\" \/>\n<link rel=\"canonical\" href=\"https:\/\/staging.gbarquitectos.pt\/fr\/presse\/\" \/>\n<meta property=\"og:locale\" content=\"fr_FR\" \/>\n<meta property=\"og:type\" content=\"article\" \/>\n<meta property=\"og:title\" content=\"Presse | Gon\u00e7alo Bonniz Arquitetos\" \/>\n<meta property=\"og:description\" content=\"Presse - Gon\u00e7alo Bonniz Arquitetos. Loft - Modern Rustic - 2024 ; C\u00f4t\u00e9 Sud, n\u00ba 204 - D\u00e9cembre 23 - Janvier 24 ; Elle D\u00e9cor, n\u00ba 10 - Ottobre 2023\" \/>\n<meta property=\"og:url\" content=\"https:\/\/staging.gbarquitectos.pt\/fr\/presse\/\" \/>\n<meta property=\"og:site_name\" content=\"gbarquitectos\" \/>\n<meta property=\"article:modified_time\" content=\"2025-03-27T00:55:10+00:00\" \/>\n<meta name=\"twitter:card\" content=\"summary_large_image\" \/>\n<meta name=\"twitter:label1\" content=\"Dur\u00e9e de lecture estim\u00e9e\" \/>\n\t<meta name=\"twitter:data1\" content=\"6 minutes\" \/>\n<script type=\"application\/ld+json\" class=\"yoast-schema-graph\">{\"@context\":\"https:\\\/\\\/schema.org\",\"@graph\":[{\"@type\":\"WebPage\",\"@id\":\"https:\\\/\\\/staging.gbarquitectos.pt\\\/fr\\\/presse\\\/\",\"url\":\"https:\\\/\\\/staging.gbarquitectos.pt\\\/fr\\\/presse\\\/\",\"name\":\"Presse | Gon\u00e7alo Bonniz Arquitetos\",\"isPartOf\":{\"@id\":\"https:\\\/\\\/staging.gbarquitectos.pt\\\/fr\\\/#website\"},\"datePublished\":\"2024-09-28T14:01:45+00:00\",\"dateModified\":\"2025-03-27T00:55:10+00:00\",\"description\":\"Presse - Gon\u00e7alo Bonniz Arquitetos. Loft - Modern Rustic - 2024 ; C\u00f4t\u00e9 Sud, n\u00ba 204 - D\u00e9cembre 23 - Janvier 24 ; Elle D\u00e9cor, n\u00ba 10 - Ottobre 2023\",\"breadcrumb\":{\"@id\":\"https:\\\/\\\/staging.gbarquitectos.pt\\\/fr\\\/presse\\\/#breadcrumb\"},\"inLanguage\":\"fr-FR\",\"potentialAction\":[{\"@type\":\"ReadAction\",\"target\":[\"https:\\\/\\\/staging.gbarquitectos.pt\\\/fr\\\/presse\\\/\"]}]},{\"@type\":\"BreadcrumbList\",\"@id\":\"https:\\\/\\\/staging.gbarquitectos.pt\\\/fr\\\/presse\\\/#breadcrumb\",\"itemListElement\":[{\"@type\":\"ListItem\",\"position\":1,\"name\":\"Home\",\"item\":\"https:\\\/\\\/staging.gbarquitectos.pt\\\/fr\\\/domicile\\\/\"},{\"@type\":\"ListItem\",\"position\":2,\"name\":\"presse\"}]},{\"@type\":\"WebSite\",\"@id\":\"https:\\\/\\\/staging.gbarquitectos.pt\\\/fr\\\/#website\",\"url\":\"https:\\\/\\\/staging.gbarquitectos.pt\\\/fr\\\/\",\"name\":\"gbarquitectos\",\"description\":\"Gon\u00e7alo Bonniz Arquitectos\",\"publisher\":{\"@id\":\"https:\\\/\\\/staging.gbarquitectos.pt\\\/fr\\\/#organization\"},\"potentialAction\":[{\"@type\":\"SearchAction\",\"target\":{\"@type\":\"EntryPoint\",\"urlTemplate\":\"https:\\\/\\\/staging.gbarquitectos.pt\\\/fr\\\/?s={search_term_string}\"},\"query-input\":{\"@type\":\"PropertyValueSpecification\",\"valueRequired\":true,\"valueName\":\"search_term_string\"}}],\"inLanguage\":\"fr-FR\"},{\"@type\":\"Organization\",\"@id\":\"https:\\\/\\\/staging.gbarquitectos.pt\\\/fr\\\/#organization\",\"name\":\"Gon\u00e7alo Bonniz Arquitectos\",\"url\":\"https:\\\/\\\/staging.gbarquitectos.pt\\\/fr\\\/\",\"logo\":{\"@type\":\"ImageObject\",\"inLanguage\":\"fr-FR\",\"@id\":\"https:\\\/\\\/staging.gbarquitectos.pt\\\/fr\\\/#\\\/schema\\\/logo\\\/image\\\/\",\"url\":\"https:\\\/\\\/staging.gbarquitectos.pt\\\/wp-content\\\/uploads\\\/2020\\\/09\\\/gbarq_logo-transp.png\",\"contentUrl\":\"https:\\\/\\\/staging.gbarquitectos.pt\\\/wp-content\\\/uploads\\\/2020\\\/09\\\/gbarq_logo-transp.png\",\"width\":5130,\"height\":803,\"caption\":\"Gon\u00e7alo Bonniz Arquitectos\"},\"image\":{\"@id\":\"https:\\\/\\\/staging.gbarquitectos.pt\\\/fr\\\/#\\\/schema\\\/logo\\\/image\\\/\"},\"sameAs\":[\"https:\\\/\\\/www.linkedin.com\\\/in\\\/gonalo-bonniz-4259a527\",\"https:\\\/\\\/www.instagram.com\\\/gb.arquitectos\"]}]}<\/script>\n<!-- \/ Yoast SEO plugin. -->","yoast_head_json":{"title":"Presse | Gon\u00e7alo Bonniz Arquitetos","description":"Presse - Gon\u00e7alo Bonniz Arquitetos. Loft - Modern Rustic - 2024 ; C\u00f4t\u00e9 Sud, n\u00ba 204 - D\u00e9cembre 23 - Janvier 24 ; Elle D\u00e9cor, n\u00ba 10 - Ottobre 2023","robots":{"index":"index","follow":"follow","max-snippet":"max-snippet:-1","max-image-preview":"max-image-preview:large","max-video-preview":"max-video-preview:-1"},"canonical":"https:\/\/staging.gbarquitectos.pt\/fr\/presse\/","og_locale":"fr_FR","og_type":"article","og_title":"Presse | Gon\u00e7alo Bonniz Arquitetos","og_description":"Presse - Gon\u00e7alo Bonniz Arquitetos. Loft - Modern Rustic - 2024 ; C\u00f4t\u00e9 Sud, n\u00ba 204 - D\u00e9cembre 23 - Janvier 24 ; Elle D\u00e9cor, n\u00ba 10 - Ottobre 2023","og_url":"https:\/\/staging.gbarquitectos.pt\/fr\/presse\/","og_site_name":"gbarquitectos","article_modified_time":"2025-03-27T00:55:10+00:00","twitter_card":"summary_large_image","twitter_misc":{"Dur\u00e9e de lecture estim\u00e9e":"6 minutes"},"schema":{"@context":"https:\/\/schema.org","@graph":[{"@type":"WebPage","@id":"https:\/\/staging.gbarquitectos.pt\/fr\/presse\/","url":"https:\/\/staging.gbarquitectos.pt\/fr\/presse\/","name":"Presse | Gon\u00e7alo Bonniz Arquitetos","isPartOf":{"@id":"https:\/\/staging.gbarquitectos.pt\/fr\/#website"},"datePublished":"2024-09-28T14:01:45+00:00","dateModified":"2025-03-27T00:55:10+00:00","description":"Presse - Gon\u00e7alo Bonniz Arquitetos. Loft - Modern Rustic - 2024 ; C\u00f4t\u00e9 Sud, n\u00ba 204 - D\u00e9cembre 23 - Janvier 24 ; Elle D\u00e9cor, n\u00ba 10 - Ottobre 2023","breadcrumb":{"@id":"https:\/\/staging.gbarquitectos.pt\/fr\/presse\/#breadcrumb"},"inLanguage":"fr-FR","potentialAction":[{"@type":"ReadAction","target":["https:\/\/staging.gbarquitectos.pt\/fr\/presse\/"]}]},{"@type":"BreadcrumbList","@id":"https:\/\/staging.gbarquitectos.pt\/fr\/presse\/#breadcrumb","itemListElement":[{"@type":"ListItem","position":1,"name":"Home","item":"https:\/\/staging.gbarquitectos.pt\/fr\/domicile\/"},{"@type":"ListItem","position":2,"name":"presse"}]},{"@type":"WebSite","@id":"https:\/\/staging.gbarquitectos.pt\/fr\/#website","url":"https:\/\/staging.gbarquitectos.pt\/fr\/","name":"gbarquitectos","description":"Gon\u00e7alo Bonniz Arquitectos","publisher":{"@id":"https:\/\/staging.gbarquitectos.pt\/fr\/#organization"},"potentialAction":[{"@type":"SearchAction","target":{"@type":"EntryPoint","urlTemplate":"https:\/\/staging.gbarquitectos.pt\/fr\/?s={search_term_string}"},"query-input":{"@type":"PropertyValueSpecification","valueRequired":true,"valueName":"search_term_string"}}],"inLanguage":"fr-FR"},{"@type":"Organization","@id":"https:\/\/staging.gbarquitectos.pt\/fr\/#organization","name":"Gon\u00e7alo Bonniz Arquitectos","url":"https:\/\/staging.gbarquitectos.pt\/fr\/","logo":{"@type":"ImageObject","inLanguage":"fr-FR","@id":"https:\/\/staging.gbarquitectos.pt\/fr\/#\/schema\/logo\/image\/","url":"https:\/\/staging.gbarquitectos.pt\/wp-content\/uploads\/2020\/09\/gbarq_logo-transp.png","contentUrl":"https:\/\/staging.gbarquitectos.pt\/wp-content\/uploads\/2020\/09\/gbarq_logo-transp.png","width":5130,"height":803,"caption":"Gon\u00e7alo Bonniz Arquitectos"},"image":{"@id":"https:\/\/staging.gbarquitectos.pt\/fr\/#\/schema\/logo\/image\/"},"sameAs":["https:\/\/www.linkedin.com\/in\/gonalo-bonniz-4259a527","https:\/\/www.instagram.com\/gb.arquitectos"]}]}},"_links":{"self":[{"href":"https:\/\/staging.gbarquitectos.pt\/fr\/wp-json\/wp\/v2\/pages\/16141","targetHints":{"allow":["GET"]}}],"collection":[{"href":"https:\/\/staging.gbarquitectos.pt\/fr\/wp-json\/wp\/v2\/pages"}],"about":[{"href":"https:\/\/staging.gbarquitectos.pt\/fr\/wp-json\/wp\/v2\/types\/page"}],"author":[{"embeddable":true,"href":"https:\/\/staging.gbarquitectos.pt\/fr\/wp-json\/wp\/v2\/users\/2"}],"replies":[{"embeddable":true,"href":"https:\/\/staging.gbarquitectos.pt\/fr\/wp-json\/wp\/v2\/comments?post=16141"}],"version-history":[{"count":1,"href":"https:\/\/staging.gbarquitectos.pt\/fr\/wp-json\/wp\/v2\/pages\/16141\/revisions"}],"predecessor-version":[{"id":16147,"href":"https:\/\/staging.gbarquitectos.pt\/fr\/wp-json\/wp\/v2\/pages\/16141\/revisions\/16147"}],"wp:attachment":[{"href":"https:\/\/staging.gbarquitectos.pt\/fr\/wp-json\/wp\/v2\/media?parent=16141"}],"curies":[{"name":"wp","href":"https:\/\/api.w.org\/{rel}","templated":true}]}}