{"id":16146,"date":"2024-09-28T15:03:42","date_gmt":"2024-09-28T14:03:42","guid":{"rendered":"https:\/\/staging.gbarquitectos.pt\/contactos\/"},"modified":"2025-03-27T00:55:17","modified_gmt":"2025-03-27T00:55:17","slug":"contactos","status":"publish","type":"page","link":"https:\/\/staging.gbarquitectos.pt\/pt-pt\/contactos\/","title":{"rendered":"contactos"},"content":{"rendered":"<p><div id=\"servi\u00e7os\" class=\"fusion-container-anchor\"><div class=\"fusion-fullwidth fullwidth-box fusion-builder-row-1 fusion-flex-container has-pattern-background has-mask-background fusion-parallax-none hundred-percent-fullwidth hundred-percent-height hundred-percent-height-center-content non-hundred-percent-height-scrolling\" style=\"--awb-background-position:center bottom;--awb-background-repeat:repeat-y;--awb-background-blend-mode:overlay;--awb-border-radius-top-left:0px;--awb-border-radius-top-right:0px;--awb-border-radius-bottom-right:0px;--awb-border-radius-bottom-left:0px;--awb-padding-top:200px;--awb-padding-right:5.5%;--awb-padding-bottom:0px;--awb-padding-left:5.5%;--awb-padding-top-small:85px;--awb-padding-bottom-small:0px;--awb-margin-top:-116px;--awb-margin-bottom:0px;--awb-margin-top-small:0px;--awb-margin-bottom-small:0px;--awb-background-color:rgba(238,237,229,0.9);--awb-background-image:url(&quot;https:\/\/staging.gbarquitectos.pt\/wp-content\/uploads\/2024\/08\/House-in-Grandola-FDP-28.jpg&quot;);--awb-background-size:cover;--awb-flex-wrap:wrap;\" data-preload-img=\"https:\/\/staging.gbarquitectos.pt\/wp-content\/uploads\/2024\/08\/House-in-Grandola-FDP-28.jpg\" ><div class=\"fusion-builder-row fusion-row fusion-flex-align-items-flex-start fusion-flex-align-content-flex-start fusion-flex-content-wrap\" style=\"width:104% !important;max-width:104% !important;margin-left: calc(-4% \/ 2 );margin-right: calc(-4% \/ 2 );\"><div class=\"fusion-layout-column fusion_builder_column fusion-builder-column-0 fusion_builder_column_1_1 1_1 fusion-flex-column fusion-flex-align-self-flex-start\" style=\"--awb-bg-size:cover;--awb-width-large:100%;--awb-margin-top-large:0px;--awb-spacing-right-large:0%;--awb-margin-bottom-large:0px;--awb-spacing-left-large:0%;--awb-width-medium:100%;--awb-order-medium:0;--awb-spacing-right-medium:1.92%;--awb-spacing-left-medium:1.92%;--awb-width-small:100%;--awb-order-small:0;--awb-spacing-right-small:1.92%;--awb-spacing-left-small:1.92%;\"><div class=\"fusion-column-wrapper fusion-column-has-shadow fusion-flex-justify-content-flex-start fusion-content-layout-column\"><div class=\"fusion-title title fusion-title-1 fusion-title-text fusion-title-size-three fusion-text-has-stroke\" style=\"--awb-margin-top-small:0px;--awb-margin-right-small:0px;--awb-margin-bottom-small:20px;--awb-margin-left-small:0px;\"><div class=\"title-sep-container title-sep-container-left fusion-no-large-visibility fusion-no-medium-visibility fusion-no-small-visibility\"><div class=\"title-sep sep- sep-solid\" style=\"border-color:hsla(var(--awb-color2-h),var(--awb-color2-s),var(--awb-color2-l),calc( var(--awb-color2-a) - 10% ));\"><\/div><\/div><span class=\"awb-title-spacer fusion-no-large-visibility fusion-no-medium-visibility fusion-no-small-visibility\"><\/span><h3 class=\"fusion-title-heading title-heading-left\" style=\"margin:0;\">contactos<\/h3><span class=\"awb-title-spacer\"><\/span><div class=\"title-sep-container title-sep-container-right\"><div class=\"title-sep sep- sep-solid\" style=\"border-color:hsla(var(--awb-color2-h),var(--awb-color2-s),var(--awb-color2-l),calc( var(--awb-color2-a) - 10% ));\"><\/div><\/div><\/div><\/div><\/div><div class=\"fusion-layout-column fusion_builder_column fusion-builder-column-1 fusion_builder_column_1_1 1_1 fusion-flex-column fusion-flex-align-self-stretch\" style=\"--awb-padding-bottom:143px;--awb-bg-size:cover;--awb-width-large:100%;--awb-margin-top-large:0px;--awb-spacing-right-large:1.92%;--awb-margin-bottom-large:20px;--awb-spacing-left-large:1.92%;--awb-width-medium:100%;--awb-order-medium:0;--awb-spacing-right-medium:1.92%;--awb-spacing-left-medium:1.92%;--awb-width-small:100%;--awb-order-small:0;--awb-spacing-right-small:1.92%;--awb-spacing-left-small:1.92%;\"><div class=\"fusion-column-wrapper fusion-column-has-shadow fusion-flex-justify-content-flex-end fusion-content-layout-column\"><div ><a class=\"fusion-button button-flat fusion-button-default-size button-custom fusion-button-default button-1 fusion-button-default-span fusion-button-default-type\" style=\"--awb-margin-right:0px;--awb-margin-left:0px;--awb-padding-top:0px;--awb-padding-right:0px;--awb-padding-bottom:25px;--awb-padding-left:0px;--button_accent_color:var(--awb-color5);--button_border_color:var(--awb-color5);--button_accent_hover_color:var(--awb-color4);--button_border_hover_color:var(--awb-color4);--button_gradient_top_color:rgba(255,255,255,0);--button_gradient_bottom_color:rgba(255,255,255,0);--button_gradient_top_color_hover:rgba(255,255,255,0);--button_gradient_bottom_color_hover:rgba(255,255,255,0);--button_text_transform:none;--button_font_size:16px;\" target=\"_self\" href=\"mailto:info@gbarquitectos.pt?subject=Write%20your%20subject%20here&amp;body=Write%20your%20message%20here.\"><span class=\"fusion-button-text awb-button__text awb-button__text--default\">info@gbarquitectos.pt<\/span><\/a><\/div><div class=\"fusion-social-links fusion-social-links-1\" style=\"--awb-margin-top:0px;--awb-margin-right:0px;--awb-margin-bottom:0px;--awb-margin-left:0px;--awb-box-border-top:0px;--awb-box-border-right:0px;--awb-box-border-bottom:0px;--awb-box-border-left:0px;--awb-icon-colors-hover:var(--awb-color1);--awb-box-colors-hover:var(--awb-color4);--awb-box-border-color:var(--awb-color3);--awb-box-border-color-hover:var(--awb-color4);\"><div class=\"fusion-social-networks boxed-icons color-type-custom\"><div class=\"fusion-social-networks-wrapper\"><a class=\"fusion-social-network-icon fusion-tooltip fusion-linkedin fa-linkedin-in fab\" style=\"color:var(--awb-color1);font-size:16px;width:16px;background-color:var(--awb-color5);border-color:var(--awb-color5);border-radius:4px;\" data-placement=\"top\" data-title=\"LinkedIn\" data-toggle=\"tooltip\" title=\"LinkedIn\" aria-label=\"linkedin\" target=\"_blank\" rel=\"noopener noreferrer\" href=\"https:\/\/www.linkedin.com\/in\/gon%C3%A7alo-bonniz-4259a527\"><\/a><a class=\"fusion-social-network-icon fusion-tooltip fusion-instagram awb-icon-instagram\" style=\"color:var(--awb-color1);font-size:16px;width:16px;background-color:var(--awb-color5);border-color:var(--awb-color5);border-radius:4px;\" data-placement=\"top\" data-title=\"Instagram\" data-toggle=\"tooltip\" title=\"Instagram\" aria-label=\"instagram\" target=\"_blank\" rel=\"noopener noreferrer\" href=\"https:\/\/www.instagram.com\/gb.arquitectos\"><\/a><a class=\"fusion-social-network-icon fusion-tooltip fusion-mail awb-icon-mail\" style=\"color:var(--awb-color1);font-size:16px;width:16px;background-color:var(--awb-color5);border-color:var(--awb-color5);border-radius:4px;\" data-placement=\"top\" data-title=\"Email (necess\u00e1rio mas n\u00e3o publicado)\" data-toggle=\"tooltip\" title=\"Email (necess\u00e1rio mas n\u00e3o publicado)\" aria-label=\"mail\" target=\"_blank\" rel=\"noopener noreferrer\" href=\"mailto:&#105;&#110;fo&#064;gba&#114;&#113;&#117;itectos&#046;&#112;&#116;?&#115;&#117;&#098;j&#101;&#099;t&#061;w&#114;&#105;t&#101;&#032;&#121;&#111;&#117;&#114; s&#117;bje&#099;&#116; &#104;&#101;re&#038;amp&#059;b&#111;&#100;y&#061;w&#114;&#105;&#116;e&#032;y&#111;ur&#032;&#109;&#101;&#115;&#115;ag&#101; &#104;&#101;re\"><\/a><\/div><\/div><\/div><\/div><\/div><\/div><\/div><\/div><\/p>\n","protected":false},"excerpt":{"rendered":"","protected":false},"author":2,"featured_media":0,"parent":0,"menu_order":1,"comment_status":"closed","ping_status":"closed","template":"100-width.php","meta":{"_acf_changed":false,"footnotes":""},"class_list":["post-16146","page","type-page","status-publish","hentry"],"acf":[],"yoast_head":"<!-- This site is optimized with the Yoast SEO plugin v27.4 - https:\/\/yoast.com\/product\/yoast-seo-wordpress\/ -->\n<title>Informa\u00e7\u00e3o | Gon\u00e7alo Bonniz Arquitetos<\/title>\n<meta name=\"description\" content=\"Informa\u00e7\u00f5es e contactos. info@gbarquitectos.pt. 2025 gb arquitectos. Todos os direitos reservados. Pol\u00edtica de privacidade e cookies.\" \/>\n<meta name=\"robots\" content=\"index, follow, max-snippet:-1, max-image-preview:large, max-video-preview:-1\" \/>\n<link rel=\"canonical\" href=\"https:\/\/staging.gbarquitectos.pt\/pt-pt\/contactos\/\" \/>\n<meta property=\"og:locale\" content=\"pt_PT\" \/>\n<meta property=\"og:type\" content=\"article\" \/>\n<meta property=\"og:title\" content=\"Informa\u00e7\u00e3o | Gon\u00e7alo Bonniz Arquitetos\" \/>\n<meta property=\"og:description\" content=\"Informa\u00e7\u00f5es e contactos. info@gbarquitectos.pt. 2025 gb arquitectos. Todos os direitos reservados. Pol\u00edtica de privacidade e cookies.\" \/>\n<meta property=\"og:url\" content=\"https:\/\/staging.gbarquitectos.pt\/pt-pt\/contactos\/\" \/>\n<meta property=\"og:site_name\" content=\"gbarquitectos\" \/>\n<meta property=\"article:modified_time\" content=\"2025-03-27T00:55:17+00:00\" \/>\n<meta name=\"twitter:card\" content=\"summary_large_image\" \/>\n<meta name=\"twitter:label1\" content=\"Tempo estimado de leitura\" \/>\n\t<meta name=\"twitter:data1\" content=\"13 minutos\" \/>\n<script type=\"application\/ld+json\" class=\"yoast-schema-graph\">{\"@context\":\"https:\\\/\\\/schema.org\",\"@graph\":[{\"@type\":\"WebPage\",\"@id\":\"https:\\\/\\\/staging.gbarquitectos.pt\\\/pt-pt\\\/contactos\\\/\",\"url\":\"https:\\\/\\\/staging.gbarquitectos.pt\\\/pt-pt\\\/contactos\\\/\",\"name\":\"Informa\u00e7\u00e3o | Gon\u00e7alo Bonniz Arquitetos\",\"isPartOf\":{\"@id\":\"https:\\\/\\\/staging.gbarquitectos.pt\\\/pt-pt\\\/#website\"},\"datePublished\":\"2024-09-28T14:03:42+00:00\",\"dateModified\":\"2025-03-27T00:55:17+00:00\",\"description\":\"Informa\u00e7\u00f5es e contactos. info@gbarquitectos.pt. 2025 gb arquitectos. Todos os direitos reservados. Pol\u00edtica de privacidade e cookies.\",\"breadcrumb\":{\"@id\":\"https:\\\/\\\/staging.gbarquitectos.pt\\\/pt-pt\\\/contactos\\\/#breadcrumb\"},\"inLanguage\":\"pt-PT\",\"potentialAction\":[{\"@type\":\"ReadAction\",\"target\":[\"https:\\\/\\\/staging.gbarquitectos.pt\\\/pt-pt\\\/contactos\\\/\"]}]},{\"@type\":\"BreadcrumbList\",\"@id\":\"https:\\\/\\\/staging.gbarquitectos.pt\\\/pt-pt\\\/contactos\\\/#breadcrumb\",\"itemListElement\":[{\"@type\":\"ListItem\",\"position\":1,\"name\":\"Home\",\"item\":\"https:\\\/\\\/staging.gbarquitectos.pt\\\/pt-pt\\\/casa\\\/\"},{\"@type\":\"ListItem\",\"position\":2,\"name\":\"contactos\"}]},{\"@type\":\"WebSite\",\"@id\":\"https:\\\/\\\/staging.gbarquitectos.pt\\\/pt-pt\\\/#website\",\"url\":\"https:\\\/\\\/staging.gbarquitectos.pt\\\/pt-pt\\\/\",\"name\":\"gbarquitectos\",\"description\":\"Gon\u00e7alo Bonniz Arquitectos\",\"publisher\":{\"@id\":\"https:\\\/\\\/staging.gbarquitectos.pt\\\/pt-pt\\\/#organization\"},\"potentialAction\":[{\"@type\":\"SearchAction\",\"target\":{\"@type\":\"EntryPoint\",\"urlTemplate\":\"https:\\\/\\\/staging.gbarquitectos.pt\\\/pt-pt\\\/?s={search_term_string}\"},\"query-input\":{\"@type\":\"PropertyValueSpecification\",\"valueRequired\":true,\"valueName\":\"search_term_string\"}}],\"inLanguage\":\"pt-PT\"},{\"@type\":\"Organization\",\"@id\":\"https:\\\/\\\/staging.gbarquitectos.pt\\\/pt-pt\\\/#organization\",\"name\":\"Gon\u00e7alo Bonniz Arquitectos\",\"url\":\"https:\\\/\\\/staging.gbarquitectos.pt\\\/pt-pt\\\/\",\"logo\":{\"@type\":\"ImageObject\",\"inLanguage\":\"pt-PT\",\"@id\":\"https:\\\/\\\/staging.gbarquitectos.pt\\\/pt-pt\\\/#\\\/schema\\\/logo\\\/image\\\/\",\"url\":\"https:\\\/\\\/staging.gbarquitectos.pt\\\/wp-content\\\/uploads\\\/2020\\\/09\\\/gbarq_logo-transp.png\",\"contentUrl\":\"https:\\\/\\\/staging.gbarquitectos.pt\\\/wp-content\\\/uploads\\\/2020\\\/09\\\/gbarq_logo-transp.png\",\"width\":5130,\"height\":803,\"caption\":\"Gon\u00e7alo Bonniz Arquitectos\"},\"image\":{\"@id\":\"https:\\\/\\\/staging.gbarquitectos.pt\\\/pt-pt\\\/#\\\/schema\\\/logo\\\/image\\\/\"},\"sameAs\":[\"https:\\\/\\\/www.linkedin.com\\\/in\\\/gonalo-bonniz-4259a527\",\"https:\\\/\\\/www.instagram.com\\\/gb.arquitectos\"]}]}<\/script>\n<!-- \/ Yoast SEO plugin. -->","yoast_head_json":{"title":"Informa\u00e7\u00e3o | Gon\u00e7alo Bonniz Arquitetos","description":"Informa\u00e7\u00f5es e contactos. info@gbarquitectos.pt. 2025 gb arquitectos. Todos os direitos reservados. Pol\u00edtica de privacidade e cookies.","robots":{"index":"index","follow":"follow","max-snippet":"max-snippet:-1","max-image-preview":"max-image-preview:large","max-video-preview":"max-video-preview:-1"},"canonical":"https:\/\/staging.gbarquitectos.pt\/pt-pt\/contactos\/","og_locale":"pt_PT","og_type":"article","og_title":"Informa\u00e7\u00e3o | Gon\u00e7alo Bonniz Arquitetos","og_description":"Informa\u00e7\u00f5es e contactos. info@gbarquitectos.pt. 2025 gb arquitectos. Todos os direitos reservados. Pol\u00edtica de privacidade e cookies.","og_url":"https:\/\/staging.gbarquitectos.pt\/pt-pt\/contactos\/","og_site_name":"gbarquitectos","article_modified_time":"2025-03-27T00:55:17+00:00","twitter_card":"summary_large_image","twitter_misc":{"Tempo estimado de leitura":"13 minutos"},"schema":{"@context":"https:\/\/schema.org","@graph":[{"@type":"WebPage","@id":"https:\/\/staging.gbarquitectos.pt\/pt-pt\/contactos\/","url":"https:\/\/staging.gbarquitectos.pt\/pt-pt\/contactos\/","name":"Informa\u00e7\u00e3o | Gon\u00e7alo Bonniz Arquitetos","isPartOf":{"@id":"https:\/\/staging.gbarquitectos.pt\/pt-pt\/#website"},"datePublished":"2024-09-28T14:03:42+00:00","dateModified":"2025-03-27T00:55:17+00:00","description":"Informa\u00e7\u00f5es e contactos. info@gbarquitectos.pt. 2025 gb arquitectos. Todos os direitos reservados. Pol\u00edtica de privacidade e cookies.","breadcrumb":{"@id":"https:\/\/staging.gbarquitectos.pt\/pt-pt\/contactos\/#breadcrumb"},"inLanguage":"pt-PT","potentialAction":[{"@type":"ReadAction","target":["https:\/\/staging.gbarquitectos.pt\/pt-pt\/contactos\/"]}]},{"@type":"BreadcrumbList","@id":"https:\/\/staging.gbarquitectos.pt\/pt-pt\/contactos\/#breadcrumb","itemListElement":[{"@type":"ListItem","position":1,"name":"Home","item":"https:\/\/staging.gbarquitectos.pt\/pt-pt\/casa\/"},{"@type":"ListItem","position":2,"name":"contactos"}]},{"@type":"WebSite","@id":"https:\/\/staging.gbarquitectos.pt\/pt-pt\/#website","url":"https:\/\/staging.gbarquitectos.pt\/pt-pt\/","name":"gbarquitectos","description":"Gon\u00e7alo Bonniz Arquitectos","publisher":{"@id":"https:\/\/staging.gbarquitectos.pt\/pt-pt\/#organization"},"potentialAction":[{"@type":"SearchAction","target":{"@type":"EntryPoint","urlTemplate":"https:\/\/staging.gbarquitectos.pt\/pt-pt\/?s={search_term_string}"},"query-input":{"@type":"PropertyValueSpecification","valueRequired":true,"valueName":"search_term_string"}}],"inLanguage":"pt-PT"},{"@type":"Organization","@id":"https:\/\/staging.gbarquitectos.pt\/pt-pt\/#organization","name":"Gon\u00e7alo Bonniz Arquitectos","url":"https:\/\/staging.gbarquitectos.pt\/pt-pt\/","logo":{"@type":"ImageObject","inLanguage":"pt-PT","@id":"https:\/\/staging.gbarquitectos.pt\/pt-pt\/#\/schema\/logo\/image\/","url":"https:\/\/staging.gbarquitectos.pt\/wp-content\/uploads\/2020\/09\/gbarq_logo-transp.png","contentUrl":"https:\/\/staging.gbarquitectos.pt\/wp-content\/uploads\/2020\/09\/gbarq_logo-transp.png","width":5130,"height":803,"caption":"Gon\u00e7alo Bonniz Arquitectos"},"image":{"@id":"https:\/\/staging.gbarquitectos.pt\/pt-pt\/#\/schema\/logo\/image\/"},"sameAs":["https:\/\/www.linkedin.com\/in\/gonalo-bonniz-4259a527","https:\/\/www.instagram.com\/gb.arquitectos"]}]}},"_links":{"self":[{"href":"https:\/\/staging.gbarquitectos.pt\/pt-pt\/wp-json\/wp\/v2\/pages\/16146","targetHints":{"allow":["GET"]}}],"collection":[{"href":"https:\/\/staging.gbarquitectos.pt\/pt-pt\/wp-json\/wp\/v2\/pages"}],"about":[{"href":"https:\/\/staging.gbarquitectos.pt\/pt-pt\/wp-json\/wp\/v2\/types\/page"}],"author":[{"embeddable":true,"href":"https:\/\/staging.gbarquitectos.pt\/pt-pt\/wp-json\/wp\/v2\/users\/2"}],"replies":[{"embeddable":true,"href":"https:\/\/staging.gbarquitectos.pt\/pt-pt\/wp-json\/wp\/v2\/comments?post=16146"}],"version-history":[{"count":1,"href":"https:\/\/staging.gbarquitectos.pt\/pt-pt\/wp-json\/wp\/v2\/pages\/16146\/revisions"}],"predecessor-version":[{"id":16155,"href":"https:\/\/staging.gbarquitectos.pt\/pt-pt\/wp-json\/wp\/v2\/pages\/16146\/revisions\/16155"}],"wp:attachment":[{"href":"https:\/\/staging.gbarquitectos.pt\/pt-pt\/wp-json\/wp\/v2\/media?parent=16146"}],"curies":[{"name":"wp","href":"https:\/\/api.w.org\/{rel}","templated":true}]}}