{"id":16185,"date":"2024-09-28T14:20:32","date_gmt":"2024-09-28T13:20:32","guid":{"rendered":"https:\/\/staging.gbarquitectos.pt\/servicos\/"},"modified":"2025-03-27T00:55:37","modified_gmt":"2025-03-27T00:55:37","slug":"servicos","status":"publish","type":"page","link":"https:\/\/staging.gbarquitectos.pt\/pt-pt\/servicos\/","title":{"rendered":"Servi\u00e7os"},"content":{"rendered":"<div id=\"fusion-scroll-section-1\" class=\"fusion-scroll-section fusion-scroll-section\" data-section=\"1\" data-animation=\"fade\" data-speed=\"800\" ><div class=\"fusion-scroll-section-element active\" data-section=\"1\" data-element=\"1\" style=\"transition-duration:400ms;&quot;\" ><div id=\"servi\u00e7os\" class=\"fusion-container-anchor\"><div class=\"fusion-fullwidth fullwidth-box fusion-builder-row-1 fusion-flex-container has-pattern-background has-mask-background fusion-parallax-none hundred-percent-fullwidth hundred-percent-height hundred-percent-height-center-content hundred-percent-height-scrolling\" style=\"--awb-background-position:center bottom;--awb-background-repeat:repeat-y;--awb-background-blend-mode:overlay;--awb-border-radius-top-left:0px;--awb-border-radius-top-right:0px;--awb-border-radius-bottom-right:0px;--awb-border-radius-bottom-left:0px;--awb-padding-top:200px;--awb-padding-right:5.5%;--awb-padding-bottom:0px;--awb-padding-left:5.5%;--awb-margin-top:-116px;--awb-margin-bottom:0px;--awb-margin-top-small:-85px;--awb-margin-bottom-small:0px;--awb-background-color:rgba(238,237,229,0.9);--awb-background-image:url(&quot;https:\/\/staging.gbarquitectos.pt\/wp-content\/uploads\/2024\/08\/House-in-Grandola-FDP-28.jpg&quot;);--awb-background-size:cover;--awb-flex-wrap:wrap;\" data-preload-img=\"https:\/\/staging.gbarquitectos.pt\/wp-content\/uploads\/2024\/08\/House-in-Grandola-FDP-28.jpg\" ><div class=\"fusion-builder-row fusion-row fusion-flex-align-items-flex-start fusion-flex-align-content-flex-start fusion-flex-content-wrap\" style=\"width:104% !important;max-width:104% !important;margin-left: calc(-4% \/ 2 );margin-right: calc(-4% \/ 2 );\"><div class=\"fusion-layout-column fusion_builder_column fusion-builder-column-0 fusion_builder_column_1_1 1_1 fusion-flex-column fusion-flex-align-self-flex-start\" style=\"--awb-bg-size:cover;--awb-width-large:100%;--awb-margin-top-large:0px;--awb-spacing-right-large:0%;--awb-margin-bottom-large:0px;--awb-spacing-left-large:0%;--awb-width-medium:100%;--awb-order-medium:0;--awb-spacing-right-medium:1.92%;--awb-spacing-left-medium:1.92%;--awb-width-small:100%;--awb-order-small:0;--awb-spacing-right-small:1.92%;--awb-spacing-left-small:1.92%;\"><div class=\"fusion-column-wrapper fusion-column-has-shadow fusion-flex-justify-content-flex-start fusion-content-layout-column\"><div class=\"fusion-title title fusion-title-1 fusion-title-text fusion-title-size-three\" style=\"--awb-margin-bottom:25px;--awb-margin-top-small:0px;--awb-margin-right-small:0px;--awb-margin-bottom-small:20px;--awb-margin-left-small:0px;\"><div class=\"title-sep-container title-sep-container-left fusion-no-large-visibility fusion-no-medium-visibility fusion-no-small-visibility\"><div class=\"title-sep sep- sep-solid\" style=\"border-color:hsla(var(--awb-color2-h),var(--awb-color2-s),var(--awb-color2-l),calc( var(--awb-color2-a) - 10% ));\"><\/div><\/div><span class=\"awb-title-spacer fusion-no-large-visibility fusion-no-medium-visibility fusion-no-small-visibility\"><\/span><h3 class=\"fusion-title-heading title-heading-left\" style=\"margin:0;\"><b>servi\u00e7os<\/b><\/h3><span class=\"awb-title-spacer\"><\/span><div class=\"title-sep-container title-sep-container-right\"><div class=\"title-sep sep- sep-solid\" style=\"border-color:hsla(var(--awb-color2-h),var(--awb-color2-s),var(--awb-color2-l),calc( var(--awb-color2-a) - 10% ));\"><\/div><\/div><\/div><\/div><\/div><div class=\"fusion-layout-column fusion_builder_column fusion-builder-column-1 fusion_builder_column_1_1 1_1 fusion-flex-column fusion-flex-align-self-flex-start\" style=\"--awb-padding-bottom-small:15%;--awb-bg-size:cover;--awb-width-large:100%;--awb-margin-top-large:0px;--awb-spacing-right-large:0%;--awb-margin-bottom-large:0px;--awb-spacing-left-large:0%;--awb-width-medium:100%;--awb-order-medium:0;--awb-spacing-right-medium:1.92%;--awb-spacing-left-medium:1.92%;--awb-width-small:100%;--awb-order-small:0;--awb-margin-top-small:0px;--awb-spacing-right-small:1.92%;--awb-margin-bottom-small:0px;--awb-spacing-left-small:1.92%;\"><div class=\"fusion-column-wrapper fusion-column-has-shadow fusion-flex-justify-content-flex-start fusion-content-layout-column\"><div class=\"accordian fusion-accordian\" style=\"margin-top:0px;margin-bottom:0px;--awb-margin-top:0px;--awb-margin-bottom:0px;--awb-padding-top:5px;--awb-padding-right:25px;--awb-padding-bottom:0px;--awb-padding-left:25px;--awb-border-size:1px;--awb-icon-size:18px;--awb-content-font-size:16px;--awb-content-line-height:1.6;--awb-icon-alignment:left;--awb-hover-color:rgba(255,255,255,0);--awb-border-color:var(--awb-color4);--awb-background-color:rgba(255,255,255,0);--awb-divider-color:var(--awb-color3);--awb-divider-hover-color:var(--awb-color3);--awb-icon-color:var(--awb-color4);--awb-title-color:var(--awb-color5);--awb-content-color:var(--awb-color4);--awb-icon-box-color:var(--awb-color8);--awb-toggle-hover-accent-color:var(--awb-color4);--awb-toggle-active-accent-color:var(--awb-color4);--awb-title-font-family:var(--awb-typography1-font-family);--awb-title-font-weight:var(--awb-typography1-font-weight);--awb-title-font-style:var(--awb-typography1-font-style);--awb-title-font-size:16px;--awb-title-letter-spacing:var(--awb-typography1-letter-spacing);--awb-title-line-height:var(--awb-typography1-line-height);--awb-content-font-family:var(--awb-typography4-font-family);--awb-content-font-weight:var(--awb-typography4-font-weight);--awb-content-font-style:var(--awb-typography4-font-style);\"><div class=\"panel-group fusion-toggle-icon-unboxed\" id=\"accordion-16185-1\"><div class=\"fusion-panel panel-default panel-2e267cf90340eab82 fusion-toggle-no-divider\"><div class=\"panel-heading\"><h4 class=\"panel-title toggle\" id=\"toggle_2e267cf90340eab82\"><a aria-expanded=\"false\" aria-controls=\"2e267cf90340eab82\" role=\"button\" data-toggle=\"collapse\" data-parent=\"#accordion-16185-1\" data-target=\"#2e267cf90340eab82\" href=\"#2e267cf90340eab82\"><span class=\"fusion-toggle-icon-wrapper\" aria-hidden=\"true\"><i class=\"fa-fusion-box active-icon fa-angle-down fas\" aria-hidden=\"true\"><\/i><i class=\"fa-fusion-box inactive-icon fa-angle-right fas\" aria-hidden=\"true\"><\/i><\/span><span class=\"fusion-toggle-heading\">Arquitetura<\/span><\/a><\/h4><\/div><div id=\"2e267cf90340eab82\" class=\"panel-collapse collapse \" aria-labelledby=\"toggle_2e267cf90340eab82\"><div class=\"panel-body toggle-content fusion-clearfix\">\n<p>Desenvolvimento de estudos e projectos de arquitetura desde a conce\u00e7\u00e3o da ideia at\u00e9 \u00e0 execu\u00e7\u00e3o final da obra, passando por v\u00e1rias fases, nomeadamente:<\/p>\n<ul>\n<li>Investiga\u00e7\u00e3o e an\u00e1lise iniciais<\/li>\n<li>Conce\u00e7\u00e3o e estudo preliminar<\/li>\n<li>Desenvolvimento do projeto para licenciamento e aprova\u00e7\u00e3o (fase de projeto de licenciamento)<\/li>\n<li>Desenvolvimento do projeto para a elabora\u00e7\u00e3o do or\u00e7amento (fase do projeto de execu\u00e7\u00e3o)<\/li>\n<\/ul>\n<\/div><\/div><\/div><div class=\"fusion-panel panel-default panel-81b2c1fd4707d4a3a fusion-toggle-no-divider\"><div class=\"panel-heading\"><h4 class=\"panel-title toggle\" id=\"toggle_81b2c1fd4707d4a3a\"><a aria-expanded=\"false\" aria-controls=\"81b2c1fd4707d4a3a\" role=\"button\" data-toggle=\"collapse\" data-parent=\"#accordion-16185-1\" data-target=\"#81b2c1fd4707d4a3a\" href=\"#81b2c1fd4707d4a3a\"><span class=\"fusion-toggle-icon-wrapper\" aria-hidden=\"true\"><i class=\"fa-fusion-box active-icon fa-angle-down fas\" aria-hidden=\"true\"><\/i><i class=\"fa-fusion-box inactive-icon fa-angle-right fas\" aria-hidden=\"true\"><\/i><\/span><span class=\"fusion-toggle-heading\">Engenharia<\/span><\/a><\/h4><\/div><div id=\"81b2c1fd4707d4a3a\" class=\"panel-collapse collapse \" aria-labelledby=\"toggle_81b2c1fd4707d4a3a\"><div class=\"panel-body toggle-content fusion-clearfix\">\n<p>Desenvolvimento de todos os projectos de Engenharia e Paisagismo nas fases de Licenciamento e Execu\u00e7\u00e3o.<\/p>\n<ul>\n<li>Projeto de estrutura<\/li>\n<li>Projectos de instala\u00e7\u00f5es t\u00e9cnicas\n<ul>\n<li>Eletricidade e telecomunica\u00e7\u00f5es<\/li>\n<li>Hidr\u00e1ulica (\u00c1gua e Esgotos)<\/li>\n<li>HVAC (Aquecimento, Ventila\u00e7\u00e3o e Ar Condicionado)<\/li>\n<li>Rede de g\u00e1s<\/li>\n<li>Certifica\u00e7\u00e3o t\u00e9rmica \/ energ\u00e9tica de REH \/ RECS<\/li>\n<li>Ac\u00fastica<\/li>\n<\/ul>\n<\/li>\n<li>Paisagem<\/li>\n<\/ul>\n<\/div><\/div><\/div><div class=\"fusion-panel panel-default panel-8448ad02b4c77f3dc fusion-toggle-no-divider\"><div class=\"panel-heading\"><h4 class=\"panel-title toggle\" id=\"toggle_8448ad02b4c77f3dc\"><a aria-expanded=\"false\" aria-controls=\"8448ad02b4c77f3dc\" role=\"button\" data-toggle=\"collapse\" data-parent=\"#accordion-16185-1\" data-target=\"#8448ad02b4c77f3dc\" href=\"#8448ad02b4c77f3dc\"><span class=\"fusion-toggle-icon-wrapper\" aria-hidden=\"true\"><i class=\"fa-fusion-box active-icon fa-angle-down fas\" aria-hidden=\"true\"><\/i><i class=\"fa-fusion-box inactive-icon fa-angle-right fas\" aria-hidden=\"true\"><\/i><\/span><span class=\"fusion-toggle-heading\">Coordena\u00e7\u00e3o do projeto<\/span><\/a><\/h4><\/div><div id=\"8448ad02b4c77f3dc\" class=\"panel-collapse collapse \" aria-labelledby=\"toggle_8448ad02b4c77f3dc\"><div class=\"panel-body toggle-content fusion-clearfix\">\n<ul>\n<li>A Coordena\u00e7\u00e3o do Projeto assegurar\u00e1 todos os aspectos do processo de conce\u00e7\u00e3o, para as fases de licenciamento e constru\u00e7\u00e3o.<\/li>\n<li>Durante o processo de conce\u00e7\u00e3o dos diferentes projectos, ser\u00e1 implementado o conceito de gest\u00e3o integrada de projectos, de modo a garantir que todos os projectos s\u00e3o desenvolvidos de forma integrada e compat\u00edvel, permitindo alcan\u00e7ar o equil\u00edbrio custo\/qualidade e manter-se dentro dos limites or\u00e7amentais estabelecidos pelo promotor, evitando altera\u00e7\u00f5es significativas em fases posteriores que tendem a resultar em &#8220;surpresas&#8221; dispendiosas.<\/li>\n<li>Ac\u00e7\u00f5es que t\u00eam lugar durante a Coordena\u00e7\u00e3o do Projeto:\n<ul>\n<li>Defini\u00e7\u00e3o do programa<\/li>\n<li>An\u00e1lise da solu\u00e7\u00e3o do projeto<\/li>\n<li>Controlo dos custos da solu\u00e7\u00e3o<\/li>\n<li>Avalia\u00e7\u00e3o de poss\u00edveis solu\u00e7\u00f5es alternativas<\/li>\n<li>Otimiza\u00e7\u00e3o e compatibilidade das solu\u00e7\u00f5es<\/li>\n<li>Atualiza\u00e7\u00e3o frequente e integra\u00e7\u00e3o de solu\u00e7\u00f5es entre diferentes projectos<\/li>\n<\/ul>\n<\/li>\n<\/ul>\n<\/div><\/div><\/div><div class=\"fusion-panel panel-default panel-007f5842186136636 fusion-toggle-no-divider\"><div class=\"panel-heading\"><h4 class=\"panel-title toggle\" id=\"toggle_007f5842186136636\"><a aria-expanded=\"false\" aria-controls=\"007f5842186136636\" role=\"button\" data-toggle=\"collapse\" data-parent=\"#accordion-16185-1\" data-target=\"#007f5842186136636\" href=\"#007f5842186136636\"><span class=\"fusion-toggle-icon-wrapper\" aria-hidden=\"true\"><i class=\"fa-fusion-box active-icon fa-angle-down fas\" aria-hidden=\"true\"><\/i><i class=\"fa-fusion-box inactive-icon fa-angle-right fas\" aria-hidden=\"true\"><\/i><\/span><span class=\"fusion-toggle-heading\">Gest\u00e3o da constru\u00e7\u00e3o<\/span><\/a><\/h4><\/div><div id=\"007f5842186136636\" class=\"panel-collapse collapse \" aria-labelledby=\"toggle_007f5842186136636\"><div class=\"panel-body toggle-content fusion-clearfix\">\n<ul>\n<li><span style=\"color: #000000;\">A Gest\u00e3o da Constru\u00e7\u00e3o (coordena\u00e7\u00e3o, supervis\u00e3o e controlo t\u00e9cnico) visa fundamentalmente garantir a execu\u00e7\u00e3o do projeto tal como especificado nos documentos de constru\u00e7\u00e3o, com qualidade, dentro dos prazos e do or\u00e7amento.<\/span><\/li>\n<li><span style=\"color: #000000;\">De um modo geral, os servi\u00e7os de Gest\u00e3o da Constru\u00e7\u00e3o, dependendo da natureza e especificidade do empreendimento, incluem<\/span>\n<ul>\n<li><span style=\"color: #000000;\">Processo de concurso (An\u00e1lise e compara\u00e7\u00e3o de propostas; Negocia\u00e7\u00e3o e adjudica\u00e7\u00e3o do contrato)<\/span><\/li>\n<li><span style=\"color: #000000;\">Qualidade da execu\u00e7\u00e3o e controlo do planeamento<\/span><\/li>\n<li><span style=\"color: #000000;\">Avalia\u00e7\u00e3o dos custos de constru\u00e7\u00e3o \/ controlo or\u00e7amental<\/span><\/li>\n<li><span style=\"color: #000000;\">Coordena\u00e7\u00e3o administrativa<\/span><\/li>\n<\/ul>\n<\/li>\n<li><span style=\"color: #000000;\">Al\u00e9m disso, \u00e9 dada especial aten\u00e7\u00e3o \u00e0 contabilidade dos custos de constru\u00e7\u00e3o, nomeadamente nas seguintes \u00e1reas:<\/span>\n<ul>\n<li><span style=\"color: #000000;\">An\u00e1lise da revis\u00e3o de pre\u00e7os, quando aplic\u00e1vel<\/span><\/li>\n<li><span style=\"color: #000000;\">Controlo quantitativo dos materiais e das obras durante a constru\u00e7\u00e3o<\/span><\/li>\n<li><span style=\"color: #000000;\">Avalia\u00e7\u00e3o do custo de obras adicionais (n\u00e3o inclu\u00eddas no contrato)<\/span><\/li>\n<li><span style=\"color: #000000;\">Cronograma financeiro do projeto<\/span><\/li>\n<\/ul>\n<\/li>\n<li><span style=\"color: #000000;\">Igualmente importante \u00e9 aconselhar e manter o Propriet\u00e1rio \/ Promotor devidamente informado sobre o desenrolar dos acontecimentos durante todas as fases de constru\u00e7\u00e3o.<\/span><\/li>\n<\/ul>\n<\/div><\/div><\/div><\/div><\/div><\/div><\/div><\/div><\/div><\/div><\/div>\n","protected":false},"excerpt":{"rendered":"","protected":false},"author":2,"featured_media":0,"parent":0,"menu_order":0,"comment_status":"closed","ping_status":"closed","template":"100-width.php","meta":{"_acf_changed":false,"footnotes":""},"class_list":["post-16185","page","type-page","status-publish","hentry"],"acf":[],"yoast_head":"<!-- This site is optimized with the Yoast SEO plugin v27.4 - https:\/\/yoast.com\/product\/yoast-seo-wordpress\/ -->\n<title>Servi\u00e7os | Gon\u00e7alo Bonniz Arquitectos<\/title>\n<meta name=\"description\" content=\"Os nossos servi\u00e7os oferecem solu\u00e7\u00f5es inovadoras de arquitetura adaptadas \u00e0s suas necessidades, engenharia, coordena\u00e7\u00e3o de projectos e gest\u00e3o da constru\u00e7\u00e3o.\" \/>\n<meta name=\"robots\" content=\"index, follow, max-snippet:-1, max-image-preview:large, max-video-preview:-1\" \/>\n<link rel=\"canonical\" href=\"https:\/\/staging.gbarquitectos.pt\/pt-pt\/servicos\/\" \/>\n<meta property=\"og:locale\" content=\"pt_PT\" \/>\n<meta property=\"og:type\" content=\"article\" \/>\n<meta property=\"og:title\" content=\"Servi\u00e7os | Gon\u00e7alo Bonniz Arquitectos\" \/>\n<meta property=\"og:description\" content=\"Os nossos servi\u00e7os oferecem solu\u00e7\u00f5es inovadoras de arquitetura adaptadas \u00e0s suas necessidades, engenharia, coordena\u00e7\u00e3o de projectos e gest\u00e3o da constru\u00e7\u00e3o.\" \/>\n<meta property=\"og:url\" content=\"https:\/\/staging.gbarquitectos.pt\/pt-pt\/servicos\/\" \/>\n<meta property=\"og:site_name\" content=\"gbarquitectos\" \/>\n<meta property=\"article:modified_time\" content=\"2025-03-27T00:55:37+00:00\" \/>\n<meta name=\"twitter:card\" content=\"summary_large_image\" \/>\n<meta name=\"twitter:label1\" content=\"Tempo estimado de leitura\" \/>\n\t<meta name=\"twitter:data1\" content=\"8 minutos\" \/>\n<script type=\"application\/ld+json\" class=\"yoast-schema-graph\">{\"@context\":\"https:\\\/\\\/schema.org\",\"@graph\":[{\"@type\":\"WebPage\",\"@id\":\"https:\\\/\\\/staging.gbarquitectos.pt\\\/pt-pt\\\/servicos\\\/\",\"url\":\"https:\\\/\\\/staging.gbarquitectos.pt\\\/pt-pt\\\/servicos\\\/\",\"name\":\"Servi\u00e7os | Gon\u00e7alo Bonniz Arquitectos\",\"isPartOf\":{\"@id\":\"https:\\\/\\\/staging.gbarquitectos.pt\\\/pt-pt\\\/#website\"},\"datePublished\":\"2024-09-28T13:20:32+00:00\",\"dateModified\":\"2025-03-27T00:55:37+00:00\",\"description\":\"Os nossos servi\u00e7os oferecem solu\u00e7\u00f5es inovadoras de arquitetura adaptadas \u00e0s suas necessidades, engenharia, coordena\u00e7\u00e3o de projectos e gest\u00e3o da constru\u00e7\u00e3o.\",\"breadcrumb\":{\"@id\":\"https:\\\/\\\/staging.gbarquitectos.pt\\\/pt-pt\\\/servicos\\\/#breadcrumb\"},\"inLanguage\":\"pt-PT\",\"potentialAction\":[{\"@type\":\"ReadAction\",\"target\":[\"https:\\\/\\\/staging.gbarquitectos.pt\\\/pt-pt\\\/servicos\\\/\"]}]},{\"@type\":\"BreadcrumbList\",\"@id\":\"https:\\\/\\\/staging.gbarquitectos.pt\\\/pt-pt\\\/servicos\\\/#breadcrumb\",\"itemListElement\":[{\"@type\":\"ListItem\",\"position\":1,\"name\":\"Home\",\"item\":\"https:\\\/\\\/staging.gbarquitectos.pt\\\/pt-pt\\\/casa\\\/\"},{\"@type\":\"ListItem\",\"position\":2,\"name\":\"Servi\u00e7os\"}]},{\"@type\":\"WebSite\",\"@id\":\"https:\\\/\\\/staging.gbarquitectos.pt\\\/pt-pt\\\/#website\",\"url\":\"https:\\\/\\\/staging.gbarquitectos.pt\\\/pt-pt\\\/\",\"name\":\"gbarquitectos\",\"description\":\"Gon\u00e7alo Bonniz Arquitectos\",\"publisher\":{\"@id\":\"https:\\\/\\\/staging.gbarquitectos.pt\\\/pt-pt\\\/#organization\"},\"potentialAction\":[{\"@type\":\"SearchAction\",\"target\":{\"@type\":\"EntryPoint\",\"urlTemplate\":\"https:\\\/\\\/staging.gbarquitectos.pt\\\/pt-pt\\\/?s={search_term_string}\"},\"query-input\":{\"@type\":\"PropertyValueSpecification\",\"valueRequired\":true,\"valueName\":\"search_term_string\"}}],\"inLanguage\":\"pt-PT\"},{\"@type\":\"Organization\",\"@id\":\"https:\\\/\\\/staging.gbarquitectos.pt\\\/pt-pt\\\/#organization\",\"name\":\"Gon\u00e7alo Bonniz Arquitectos\",\"url\":\"https:\\\/\\\/staging.gbarquitectos.pt\\\/pt-pt\\\/\",\"logo\":{\"@type\":\"ImageObject\",\"inLanguage\":\"pt-PT\",\"@id\":\"https:\\\/\\\/staging.gbarquitectos.pt\\\/pt-pt\\\/#\\\/schema\\\/logo\\\/image\\\/\",\"url\":\"https:\\\/\\\/staging.gbarquitectos.pt\\\/wp-content\\\/uploads\\\/2020\\\/09\\\/gbarq_logo-transp.png\",\"contentUrl\":\"https:\\\/\\\/staging.gbarquitectos.pt\\\/wp-content\\\/uploads\\\/2020\\\/09\\\/gbarq_logo-transp.png\",\"width\":5130,\"height\":803,\"caption\":\"Gon\u00e7alo Bonniz Arquitectos\"},\"image\":{\"@id\":\"https:\\\/\\\/staging.gbarquitectos.pt\\\/pt-pt\\\/#\\\/schema\\\/logo\\\/image\\\/\"},\"sameAs\":[\"https:\\\/\\\/www.linkedin.com\\\/in\\\/gonalo-bonniz-4259a527\",\"https:\\\/\\\/www.instagram.com\\\/gb.arquitectos\"]}]}<\/script>\n<!-- \/ Yoast SEO plugin. -->","yoast_head_json":{"title":"Servi\u00e7os | Gon\u00e7alo Bonniz Arquitectos","description":"Os nossos servi\u00e7os oferecem solu\u00e7\u00f5es inovadoras de arquitetura adaptadas \u00e0s suas necessidades, engenharia, coordena\u00e7\u00e3o de projectos e gest\u00e3o da constru\u00e7\u00e3o.","robots":{"index":"index","follow":"follow","max-snippet":"max-snippet:-1","max-image-preview":"max-image-preview:large","max-video-preview":"max-video-preview:-1"},"canonical":"https:\/\/staging.gbarquitectos.pt\/pt-pt\/servicos\/","og_locale":"pt_PT","og_type":"article","og_title":"Servi\u00e7os | Gon\u00e7alo Bonniz Arquitectos","og_description":"Os nossos servi\u00e7os oferecem solu\u00e7\u00f5es inovadoras de arquitetura adaptadas \u00e0s suas necessidades, engenharia, coordena\u00e7\u00e3o de projectos e gest\u00e3o da constru\u00e7\u00e3o.","og_url":"https:\/\/staging.gbarquitectos.pt\/pt-pt\/servicos\/","og_site_name":"gbarquitectos","article_modified_time":"2025-03-27T00:55:37+00:00","twitter_card":"summary_large_image","twitter_misc":{"Tempo estimado de leitura":"8 minutos"},"schema":{"@context":"https:\/\/schema.org","@graph":[{"@type":"WebPage","@id":"https:\/\/staging.gbarquitectos.pt\/pt-pt\/servicos\/","url":"https:\/\/staging.gbarquitectos.pt\/pt-pt\/servicos\/","name":"Servi\u00e7os | Gon\u00e7alo Bonniz Arquitectos","isPartOf":{"@id":"https:\/\/staging.gbarquitectos.pt\/pt-pt\/#website"},"datePublished":"2024-09-28T13:20:32+00:00","dateModified":"2025-03-27T00:55:37+00:00","description":"Os nossos servi\u00e7os oferecem solu\u00e7\u00f5es inovadoras de arquitetura adaptadas \u00e0s suas necessidades, engenharia, coordena\u00e7\u00e3o de projectos e gest\u00e3o da constru\u00e7\u00e3o.","breadcrumb":{"@id":"https:\/\/staging.gbarquitectos.pt\/pt-pt\/servicos\/#breadcrumb"},"inLanguage":"pt-PT","potentialAction":[{"@type":"ReadAction","target":["https:\/\/staging.gbarquitectos.pt\/pt-pt\/servicos\/"]}]},{"@type":"BreadcrumbList","@id":"https:\/\/staging.gbarquitectos.pt\/pt-pt\/servicos\/#breadcrumb","itemListElement":[{"@type":"ListItem","position":1,"name":"Home","item":"https:\/\/staging.gbarquitectos.pt\/pt-pt\/casa\/"},{"@type":"ListItem","position":2,"name":"Servi\u00e7os"}]},{"@type":"WebSite","@id":"https:\/\/staging.gbarquitectos.pt\/pt-pt\/#website","url":"https:\/\/staging.gbarquitectos.pt\/pt-pt\/","name":"gbarquitectos","description":"Gon\u00e7alo Bonniz Arquitectos","publisher":{"@id":"https:\/\/staging.gbarquitectos.pt\/pt-pt\/#organization"},"potentialAction":[{"@type":"SearchAction","target":{"@type":"EntryPoint","urlTemplate":"https:\/\/staging.gbarquitectos.pt\/pt-pt\/?s={search_term_string}"},"query-input":{"@type":"PropertyValueSpecification","valueRequired":true,"valueName":"search_term_string"}}],"inLanguage":"pt-PT"},{"@type":"Organization","@id":"https:\/\/staging.gbarquitectos.pt\/pt-pt\/#organization","name":"Gon\u00e7alo Bonniz Arquitectos","url":"https:\/\/staging.gbarquitectos.pt\/pt-pt\/","logo":{"@type":"ImageObject","inLanguage":"pt-PT","@id":"https:\/\/staging.gbarquitectos.pt\/pt-pt\/#\/schema\/logo\/image\/","url":"https:\/\/staging.gbarquitectos.pt\/wp-content\/uploads\/2020\/09\/gbarq_logo-transp.png","contentUrl":"https:\/\/staging.gbarquitectos.pt\/wp-content\/uploads\/2020\/09\/gbarq_logo-transp.png","width":5130,"height":803,"caption":"Gon\u00e7alo Bonniz Arquitectos"},"image":{"@id":"https:\/\/staging.gbarquitectos.pt\/pt-pt\/#\/schema\/logo\/image\/"},"sameAs":["https:\/\/www.linkedin.com\/in\/gonalo-bonniz-4259a527","https:\/\/www.instagram.com\/gb.arquitectos"]}]}},"_links":{"self":[{"href":"https:\/\/staging.gbarquitectos.pt\/pt-pt\/wp-json\/wp\/v2\/pages\/16185","targetHints":{"allow":["GET"]}}],"collection":[{"href":"https:\/\/staging.gbarquitectos.pt\/pt-pt\/wp-json\/wp\/v2\/pages"}],"about":[{"href":"https:\/\/staging.gbarquitectos.pt\/pt-pt\/wp-json\/wp\/v2\/types\/page"}],"author":[{"embeddable":true,"href":"https:\/\/staging.gbarquitectos.pt\/pt-pt\/wp-json\/wp\/v2\/users\/2"}],"replies":[{"embeddable":true,"href":"https:\/\/staging.gbarquitectos.pt\/pt-pt\/wp-json\/wp\/v2\/comments?post=16185"}],"version-history":[{"count":1,"href":"https:\/\/staging.gbarquitectos.pt\/pt-pt\/wp-json\/wp\/v2\/pages\/16185\/revisions"}],"predecessor-version":[{"id":16192,"href":"https:\/\/staging.gbarquitectos.pt\/pt-pt\/wp-json\/wp\/v2\/pages\/16185\/revisions\/16192"}],"wp:attachment":[{"href":"https:\/\/staging.gbarquitectos.pt\/pt-pt\/wp-json\/wp\/v2\/media?parent=16185"}],"curies":[{"name":"wp","href":"https:\/\/api.w.org\/{rel}","templated":true}]}}